{"id":1002,"date":"2023-09-21T23:46:32","date_gmt":"2023-09-21T20:46:32","guid":{"rendered":"https:\/\/bursacephe.com\/web\/?page_id=1002"},"modified":"2025-04-20T22:14:47","modified_gmt":"2025-04-20T19:14:47","slug":"silikon-cephe","status":"publish","type":"page","link":"https:\/\/bursacephe.com\/de\/sistemler\/silikon-cephe\/","title":{"rendered":"Strukturelle Siliconfassade"},"content":{"rendered":"<p>[vc_row][vc_column][vc_column_text]Silikonfassade Bei der Silikonfassadenverkleidung, die die Einfachheit und Noblesse des Glases unterstreicht, werden die W\u00e4rmeschutzgl\u00e4ser mit Kassettenprofilen an der Fassade befestigt, die auf besondere Weise verklebt werden. Silicone Facade Cladding System garantiert eine pr\u00e4zise Abdichtung mit der Dochtsicherung an drei Punkten. Das Silikon-Fassadenverkleidungssystem, das einfach und schnell zu montieren ist, wird von unseren Kunden wegen seiner einfachen Wartung und leichten Reinigung nach der Montage gesch\u00e4tzt.<\/p>\n<p>Wenn wir das Structural Silicone Facade Cladding System von au\u00dfen betrachten, gibt es kein Aluminiumprofil und es gibt eine 15 mm breite und 15 mm tiefe Fuge in den Glasfugen. Da die Abdichtung zwischen den Glasscheiben mit einem doppelten EPDM-Docht versehen ist, wird kein Dichtungssilikon zwischen die Scheiben gezogen. So wird eine Schattenbildung zwischen den Glasscheiben verhindert. Auf Wunsch kann eine beliebige Glasscheibe zu einem verdeckten Fl\u00fcgel umfunktioniert werden (von au\u00dfen ist nicht ersichtlich, welcher Fl\u00fcgel ge\u00f6ffnet ist). Zwischen den Glas- und Aluminiumpaneelen wird Silikon verwendet, und bei Doppelverglasungen wird Komponentensilikon zwischen den beiden Gl\u00e4sern eingesetzt. Die Prozesse werden im Rahmen der Qualit\u00e4tskontrollpr\u00fcfverfahren des Silikonunternehmens w\u00e4hrend der Silikonextraktionsprozesse kontrolliert.<\/p>\n<p>Strukturelle Silikon-Fassadenverkleidungssysteme<\/p>\n<p>Das Fehlen einer \u00e4u\u00dferen Abdeckung bewirkt, dass die Oberfl\u00e4che als flach wahrgenommen wird. Die reiche Vielfalt an vertikalen Profilen kann direkt auf die geforderte Statik, die Bed\u00fcrfnisse der Planer und das Au\u00dfergew\u00f6hnliche reagieren.<\/p>\n<p>Vertikale und horizontale Profile k\u00f6nnen sowohl stirnseitig als auch in unterschiedlichen Tiefen in der Innenansicht ausgef\u00fchrt werden.<\/p>\n\n        <style type='text\/css'>\n            #gallery-2 .gallery-item {\n                float: left;\n                text-align: center;\n                width: 33.333333333333%;\n                margin-bottom:0;\n            }\n            #gallery-2 img {\n            }\n            #gallery-2 .gallery-caption {\n                margin-left: 0;\n            }\n        <\/style>\n        <script type='text\/javascript'>\n        \tjQuery(document).ready(function() {\n\t\t\t\tjQuery('.galleryid-1002').magnificPopup({\n\t\t\t\t\tdelegate: '.gallery-item a',\n\t\t\t\t\ttype: 'image',\n\t\t\t\t\tgallery:{\n\t\t\t\t\t\tenabled:true\n\t\t\t\t\t},\n\t\t\t\t\tzoom: {\n\t\t\t\t\t\tenabled:true\n\t\t\t\t\t}\n\t\t\t\t});\n\t\t\t});\n        <\/script>\n\t\t<div id='gallery-2' class='gallery galleryid-1002 gallery-columns-3 gallery-size-medium-thumb gallery-lightbox'><dl class='gallery-item'>\n            <dt class='gallery-icon'>\n                <a href='https:\/\/bursacephe.com\/wp-content\/uploads\/2023\/09\/silikon-cephe4.jpg'><img loading=\"lazy\" decoding=\"async\" width=\"600\" height=\"300\" src=\"https:\/\/bursacephe.com\/wp-content\/uploads\/2023\/09\/silikon-cephe4-600x300.jpg\" class=\"attachment-medium-thumb size-medium-thumb\" alt=\"\" srcset=\"https:\/\/bursacephe.com\/wp-content\/uploads\/2023\/09\/silikon-cephe4-600x300.jpg 600w, https:\/\/bursacephe.com\/wp-content\/uploads\/2023\/09\/silikon-cephe4-400x200.jpg 400w, https:\/\/bursacephe.com\/wp-content\/uploads\/2023\/09\/silikon-cephe4-800x400.jpg 800w\" sizes=\"(max-width: 600px) 100vw, 600px\" \/><\/a>\n            <\/dt><\/dl><dl class='gallery-item'>\n            <dt class='gallery-icon'>\n                <a href='https:\/\/bursacephe.com\/wp-content\/uploads\/2023\/09\/silikon-cephe-3.jpg'><img loading=\"lazy\" decoding=\"async\" width=\"600\" height=\"300\" src=\"https:\/\/bursacephe.com\/wp-content\/uploads\/2023\/09\/silikon-cephe-3-600x300.jpg\" class=\"attachment-medium-thumb size-medium-thumb\" alt=\"\" srcset=\"https:\/\/bursacephe.com\/wp-content\/uploads\/2023\/09\/silikon-cephe-3-600x300.jpg 600w, https:\/\/bursacephe.com\/wp-content\/uploads\/2023\/09\/silikon-cephe-3-400x200.jpg 400w, https:\/\/bursacephe.com\/wp-content\/uploads\/2023\/09\/silikon-cephe-3-800x400.jpg 800w\" sizes=\"(max-width: 600px) 100vw, 600px\" \/><\/a>\n            <\/dt><\/dl><dl class='gallery-item'>\n            <dt class='gallery-icon'>\n                <a href='https:\/\/bursacephe.com\/wp-content\/uploads\/2023\/09\/silikon-cephe-2.jpg'><img loading=\"lazy\" decoding=\"async\" width=\"600\" height=\"300\" src=\"https:\/\/bursacephe.com\/wp-content\/uploads\/2023\/09\/silikon-cephe-2-600x300.jpg\" class=\"attachment-medium-thumb size-medium-thumb\" alt=\"\" srcset=\"https:\/\/bursacephe.com\/wp-content\/uploads\/2023\/09\/silikon-cephe-2-600x300.jpg 600w, https:\/\/bursacephe.com\/wp-content\/uploads\/2023\/09\/silikon-cephe-2-400x200.jpg 400w, https:\/\/bursacephe.com\/wp-content\/uploads\/2023\/09\/silikon-cephe-2-800x400.jpg 800w\" sizes=\"(max-width: 600px) 100vw, 600px\" \/><\/a>\n            <\/dt><\/dl><div class=\"clear\"><\/div>\n            <div class=\"clear\"><\/div>\n        <\/div>\n\n<p>[\/vc_column_text][\/vc_column][\/vc_row]<\/p>\n<p>&nbsp;<\/p>","protected":false},"excerpt":{"rendered":"<p>[vc_row][vc_column][vc_column_text]Silikonfassade Bei der Silikonfassadenverkleidung, die die Einfachheit und Noblesse des Glases unterstreicht, werden die W\u00e4rmeschutzgl\u00e4ser mit Kassettenprofilen an der Fassade befestigt, &#8230;<\/p>\n","protected":false},"author":1,"featured_media":1029,"parent":924,"menu_order":0,"comment_status":"closed","ping_status":"closed","template":"","meta":{"footnotes":""},"_links":{"self":[{"href":"https:\/\/bursacephe.com\/de\/wp-json\/wp\/v2\/pages\/1002"}],"collection":[{"href":"https:\/\/bursacephe.com\/de\/wp-json\/wp\/v2\/pages"}],"about":[{"href":"https:\/\/bursacephe.com\/de\/wp-json\/wp\/v2\/types\/page"}],"author":[{"embeddable":true,"href":"https:\/\/bursacephe.com\/de\/wp-json\/wp\/v2\/users\/1"}],"replies":[{"embeddable":true,"href":"https:\/\/bursacephe.com\/de\/wp-json\/wp\/v2\/comments?post=1002"}],"version-history":[{"count":10,"href":"https:\/\/bursacephe.com\/de\/wp-json\/wp\/v2\/pages\/1002\/revisions"}],"predecessor-version":[{"id":1868,"href":"https:\/\/bursacephe.com\/de\/wp-json\/wp\/v2\/pages\/1002\/revisions\/1868"}],"up":[{"embeddable":true,"href":"https:\/\/bursacephe.com\/de\/wp-json\/wp\/v2\/pages\/924"}],"wp:featuredmedia":[{"embeddable":true,"href":"https:\/\/bursacephe.com\/de\/wp-json\/wp\/v2\/media\/1029"}],"wp:attachment":[{"href":"https:\/\/bursacephe.com\/de\/wp-json\/wp\/v2\/media?parent=1002"}],"curies":[{"name":"wp","href":"https:\/\/api.w.org\/{rel}","templated":true}]}}