{"id":1093,"date":"2023-10-02T23:16:21","date_gmt":"2023-10-02T20:16:21","guid":{"rendered":"https:\/\/bursacephe.com\/web\/?page_id=1093"},"modified":"2023-11-15T01:12:20","modified_gmt":"2023-11-14T22:12:20","slug":"icdas-canakkale","status":"publish","type":"page","link":"https:\/\/bursacephe.com\/de\/projelerimiz\/icdas-canakkale\/","title":{"rendered":"\u0130\u00e7da\u015f \u00c7anakkale"},"content":{"rendered":"<p>[vc_row][vc_column][vc_column_text]<img decoding=\"async\" class=\"aligncenter wp-image-1027 size-full\" src=\"https:\/\/bursacephe.com\/web\/wp-content\/uploads\/2023\/09\/silikon-cephe-2-1.jpg\" alt=\"\" width=\"100%\" srcset=\"https:\/\/bursacephe.com\/wp-content\/uploads\/2023\/09\/silikon-cephe-2-1.jpg 2000w, https:\/\/bursacephe.com\/wp-content\/uploads\/2023\/09\/silikon-cephe-2-1-300x223.jpg 300w, https:\/\/bursacephe.com\/wp-content\/uploads\/2023\/09\/silikon-cephe-2-1-1024x760.jpg 1024w, https:\/\/bursacephe.com\/wp-content\/uploads\/2023\/09\/silikon-cephe-2-1-768x570.jpg 768w, https:\/\/bursacephe.com\/wp-content\/uploads\/2023\/09\/silikon-cephe-2-1-1536x1140.jpg 1536w\" sizes=\"(max-width: 2000px) 100vw, 2000px\" \/>[\/vc_column_text][\/vc_column][\/vc_row][vc_row][vc_column][vc_column_text]<\/p>\n\n        <style type='text\/css'>\n            #gallery-1 .gallery-item {\n                float: left;\n                text-align: center;\n                width: 50%;\n                margin-bottom:0;\n            }\n            #gallery-1 img {\n            }\n            #gallery-1 .gallery-caption {\n                margin-left: 0;\n            }\n        <\/style>\n        <script type='text\/javascript'>\n        \tjQuery(document).ready(function() {\n\t\t\t\tjQuery('.galleryid-1093').magnificPopup({\n\t\t\t\t\tdelegate: '.gallery-item a',\n\t\t\t\t\ttype: 'image',\n\t\t\t\t\tgallery:{\n\t\t\t\t\t\tenabled:true\n\t\t\t\t\t},\n\t\t\t\t\tzoom: {\n\t\t\t\t\t\tenabled:true\n\t\t\t\t\t}\n\t\t\t\t});\n\t\t\t});\n        <\/script>\n\t\t<div id='gallery-1' class='gallery galleryid-1093 gallery-columns-2 gallery-size-medium-thumb gallery-lightbox'><dl class='gallery-item'>\n            <dt class='gallery-icon'>\n                <a href='https:\/\/bursacephe.com\/wp-content\/uploads\/2023\/10\/silikon-cephe-4.jpg'><img loading=\"lazy\" decoding=\"async\" width=\"600\" height=\"300\" src=\"https:\/\/bursacephe.com\/wp-content\/uploads\/2023\/10\/silikon-cephe-4-600x300.jpg\" class=\"attachment-medium-thumb size-medium-thumb\" alt=\"\" srcset=\"https:\/\/bursacephe.com\/wp-content\/uploads\/2023\/10\/silikon-cephe-4-600x300.jpg 600w, https:\/\/bursacephe.com\/wp-content\/uploads\/2023\/10\/silikon-cephe-4-400x200.jpg 400w, https:\/\/bursacephe.com\/wp-content\/uploads\/2023\/10\/silikon-cephe-4-800x400.jpg 800w\" sizes=\"(max-width: 600px) 100vw, 600px\" \/><\/a>\n            <\/dt><\/dl><dl class='gallery-item'>\n            <dt class='gallery-icon'>\n                <a href='https:\/\/bursacephe.com\/wp-content\/uploads\/2023\/10\/silikon-cephe-3.jpg'><img loading=\"lazy\" decoding=\"async\" width=\"600\" height=\"300\" src=\"https:\/\/bursacephe.com\/wp-content\/uploads\/2023\/10\/silikon-cephe-3-600x300.jpg\" class=\"attachment-medium-thumb size-medium-thumb\" alt=\"\" srcset=\"https:\/\/bursacephe.com\/wp-content\/uploads\/2023\/10\/silikon-cephe-3-600x300.jpg 600w, https:\/\/bursacephe.com\/wp-content\/uploads\/2023\/10\/silikon-cephe-3-400x200.jpg 400w, https:\/\/bursacephe.com\/wp-content\/uploads\/2023\/10\/silikon-cephe-3-800x400.jpg 800w\" sizes=\"(max-width: 600px) 100vw, 600px\" \/><\/a>\n            <\/dt><\/dl><div class=\"clear\"><\/div>\n            <div class=\"clear\"><\/div>\n        <\/div>\n\n<p>[\/vc_column_text][vc_video link=&#8220;https:\/\/www.youtube.com\/watch?v=yFrEtQ0cepE&#8220;][\/vc_column][\/vc_row]<\/p>\n","protected":false},"excerpt":{"rendered":"<p>[vc_row][vc_column][vc_column_text][\/vc_column_text][\/vc_column][\/vc_row][vc_row][vc_column][vc_column_text] [\/vc_column_text][vc_video link=&#8220;https:\/\/www.youtube.com\/watch?v=yFrEtQ0cepE&#8220;][\/vc_column][\/vc_row]<\/p>\n","protected":false},"author":1,"featured_media":1027,"parent":927,"menu_order":140,"comment_status":"closed","ping_status":"closed","template":"","meta":{"footnotes":""},"_links":{"self":[{"href":"https:\/\/bursacephe.com\/de\/wp-json\/wp\/v2\/pages\/1093"}],"collection":[{"href":"https:\/\/bursacephe.com\/de\/wp-json\/wp\/v2\/pages"}],"about":[{"href":"https:\/\/bursacephe.com\/de\/wp-json\/wp\/v2\/types\/page"}],"author":[{"embeddable":true,"href":"https:\/\/bursacephe.com\/de\/wp-json\/wp\/v2\/users\/1"}],"replies":[{"embeddable":true,"href":"https:\/\/bursacephe.com\/de\/wp-json\/wp\/v2\/comments?post=1093"}],"version-history":[{"count":1,"href":"https:\/\/bursacephe.com\/de\/wp-json\/wp\/v2\/pages\/1093\/revisions"}],"predecessor-version":[{"id":1096,"href":"https:\/\/bursacephe.com\/de\/wp-json\/wp\/v2\/pages\/1093\/revisions\/1096"}],"up":[{"embeddable":true,"href":"https:\/\/bursacephe.com\/de\/wp-json\/wp\/v2\/pages\/927"}],"wp:featuredmedia":[{"embeddable":true,"href":"https:\/\/bursacephe.com\/de\/wp-json\/wp\/v2\/media\/1027"}],"wp:attachment":[{"href":"https:\/\/bursacephe.com\/de\/wp-json\/wp\/v2\/media?parent=1093"}],"curies":[{"name":"wp","href":"https:\/\/api.w.org\/{rel}","templated":true}]}}