{"id":1132,"date":"2023-10-03T21:58:17","date_gmt":"2023-10-03T18:58:17","guid":{"rendered":"https:\/\/bursacephe.com\/web\/?page_id=1132"},"modified":"2025-04-23T21:32:44","modified_gmt":"2025-04-23T18:32:44","slug":"klasik-cephe-sistemleri","status":"publish","type":"page","link":"https:\/\/bursacephe.com\/de\/sistemler\/klasik-cephe-sistemleri\/","title":{"rendered":"Klassisches Fassadensystem"},"content":{"rendered":"<p>[vc_row][vc_column][vc_column_text]Vorhangfassaden in Schalenbauweise sind sehr verbreitet und leicht herzustellen, da dieses System am l\u00e4ngsten angewendet wird. Da es in unserem Land ein weit verbreitetes System ist, kann es zu geringeren Kosten hergestellt werden.<\/p>\n<p>Es besteht aus vertikalen Gittern aus Aluminium, die mit Stahl- oder Aluminiumankern von Stockwerk zu Stockwerk an der Stahlbetonplatte befestigt werden. Die H\u00f6he der \u00d6ffnung von Stockwerk zu Stockwerk und die Windlast bestimmen den Querschnitt des vertikalen Gitters. Der Querschnitt des horizontalen Gitters h\u00e4ngt von der Glaslast und dem Abstand ab, den es passiert. In den H\u00f6hen, in denen der statische lx-Wert (Tr\u00e4gheitsmoment) des vertikalen Aluminiumgitters nicht ausreicht, sollte eine Stahlverst\u00e4rkung angebracht werden. Die Stahlkonstruktion ist mit einer Aluminiumabdeckung versehen, um ein \u00e4sthetisches Erscheinungsbild zu gew\u00e4hrleisten.<\/p>\n<p>Bei den statischen Berechnungen werden Faktoren wie die Geometrie des Geb\u00e4udes, die Windintensit\u00e4t am Standort, der Abstand zwischen den vertikalen Tr\u00e4gern und das Gewicht des Glases ber\u00fccksichtigt. Die Fassade wird aus horizontalen und vertikalen Profilen mit Tr\u00e4gheitsmomentwerten gebildet, die gr\u00f6\u00dfer sind als der Tr\u00e4gheitsmomentwert. Die entsprechend der Fassade hergestellten W\u00e4rmeschutzgl\u00e4ser werden an der Fassade angebracht und die Fugen zwischen den Gl\u00e4sern mit horizontalen und vertikalen Abdeckprofilen geschlossen. Die W\u00e4rme- und Wasserisolierung wird durch die Verwendung von speziell entwickeltem EPMD-Glas und Isolierdochten in den Dochtschlitzen auf der Au\u00dfen- und Innenseite gew\u00e4hrleistet.<\/p>\n<p>Horizontale oder vertikale Abdeckprofile, die auf der Au\u00dfenseite verwendet werden, k\u00f6nnen optional nicht verwendet werden, und es kann ein halb abgedecktes System hergestellt werden. Anstelle der nicht verwendeten Abdeckung wird die Fuge zwischen den Gl\u00e4sern je nach gew\u00e4hltem System versiegelt oder silikonisiert.<\/p>\n<p>An Orten, an denen eine nat\u00fcrliche Bel\u00fcftung erforderlich ist, k\u00f6nnen auf Wunsch nach au\u00dfen \u00f6ffnende verdeckte Fl\u00fcgel oder normale nach innen \u00f6ffnende Fl\u00fcgel eingesetzt werden.[\/vc_column_text][\/vc_column][\/vc_row][vc_row margin_top=&#8220;-30&#8243;][vc_column][vc_column_text]<div id=\"envira-gallery-wrap-1139\" class=\"envira-gallery-wrap envira-gallery-theme-base envira-lightbox-theme-base\" itemscope itemtype=\"https:\/\/schema.org\/ImageGallery\"><div data-row-height=\"150\" data-gallery-theme=\"normal\" id=\"envira-gallery-1139\" class=\"envira-gallery-public envira-gallery-justified-public envira-gallery-0-columns envira-clear enviratope envira-gallery-css-animations\" data-envira-columns=\"0\"><div id=\"envira-gallery-item-1138\" class=\"envira-gallery-item enviratope-item envira-gallery-item-1 envira-lazy-load\" style=\"padding-left: 5px; padding-bottom: 10px; padding-right: 5px;\"  itemscope itemtype=\"https:\/\/schema.org\/ImageObject\"><div class=\"envira-gallery-item-inner\"><div class=\"envira-gallery-position-overlay  envira-gallery-top-left\"><\/div><div class=\"envira-gallery-position-overlay  envira-gallery-top-right\"><\/div><div class=\"envira-gallery-position-overlay  envira-gallery-bottom-left\"><\/div><div class=\"envira-gallery-position-overlay  envira-gallery-bottom-right\"><\/div><a href=\"https:\/\/bursacephe.com\/web\/wp-content\/uploads\/2023\/10\/kasetli-4.jpg\" class=\"envira-gallery-1139 envira-gallery-link\" rel=\"enviragallery1139\" title=\"kasetli-4\" data-envira-caption=\"kasetli-4\" data-envira-retina=\"\" data-thumbnail=\"\"  itemprop=\"contentUrl\"><img decoding=\"async\" id=\"envira-gallery-image-1138\" class=\"envira-gallery-image envira-gallery-image-1 envira-normal envira-lazy\" data-envira-index=\"1\" src=\"https:\/\/bursacephe.com\/wp-content\/uploads\/2023\/10\/kasetli-4.jpg\" data-envira-src=\"https:\/\/bursacephe.com\/wp-content\/uploads\/2023\/10\/kasetli-4.jpg\" data-envira-gallery-id=\"1139\" data-envira-item-id=\"1138\" data-envira-caption=\"kasetli-4\" alt=\"\" title=\"kasetli-4\"  itemprop=\"thumbnailUrl\" data-envira-srcset=\"https:\/\/bursacephe.com\/wp-content\/uploads\/2023\/10\/kasetli-4.jpg 400w,https:\/\/bursacephe.com\/wp-content\/uploads\/2023\/10\/kasetli-4.jpg 2x\" data-envira-width=\"300\" data-envira-height=\"225\" srcset=\"data:image\/gif;base64,R0lGODlhAQABAIAAAP\/\/\/\/\/\/\/yH5BAEKAAEALAAAAAABAAEAAAICTAEAOw==\" data-safe-src=\"data:image\/gif;base64,R0lGODlhAQABAIAAAP\/\/\/\/\/\/\/yH5BAEKAAEALAAAAAABAAEAAAICTAEAOw==\" \/><\/a><\/div><\/div><div id=\"envira-gallery-item-1137\" class=\"envira-gallery-item enviratope-item envira-gallery-item-2 envira-lazy-load\" style=\"padding-left: 5px; padding-bottom: 10px; padding-right: 5px;\"  itemscope itemtype=\"https:\/\/schema.org\/ImageObject\"><div class=\"envira-gallery-item-inner\"><div class=\"envira-gallery-position-overlay  envira-gallery-top-left\"><\/div><div class=\"envira-gallery-position-overlay  envira-gallery-top-right\"><\/div><div class=\"envira-gallery-position-overlay  envira-gallery-bottom-left\"><\/div><div class=\"envira-gallery-position-overlay  envira-gallery-bottom-right\"><\/div><a href=\"https:\/\/bursacephe.com\/web\/wp-content\/uploads\/2023\/10\/kasetli-3.jpg\" class=\"envira-gallery-1139 envira-gallery-link\" rel=\"enviragallery1139\" title=\"kasetli-3\" data-envira-caption=\"kasetli-3\" data-envira-retina=\"\" data-thumbnail=\"\"  itemprop=\"contentUrl\"><img decoding=\"async\" id=\"envira-gallery-image-1137\" class=\"envira-gallery-image envira-gallery-image-2 envira-normal envira-lazy\" data-envira-index=\"2\" src=\"https:\/\/bursacephe.com\/wp-content\/uploads\/2023\/10\/kasetli-3-897x1024.jpg\" data-envira-src=\"https:\/\/bursacephe.com\/wp-content\/uploads\/2023\/10\/kasetli-3-897x1024.jpg\" data-envira-gallery-id=\"1139\" data-envira-item-id=\"1137\" data-envira-caption=\"kasetli-3\" alt=\"\" title=\"kasetli-3\"  itemprop=\"thumbnailUrl\" data-envira-srcset=\"https:\/\/bursacephe.com\/wp-content\/uploads\/2023\/10\/kasetli-3-897x1024.jpg 400w,https:\/\/bursacephe.com\/wp-content\/uploads\/2023\/10\/kasetli-3-897x1024.jpg 2x\" data-envira-width=\"263\" data-envira-height=\"300\" srcset=\"data:image\/gif;base64,R0lGODlhAQABAIAAAP\/\/\/\/\/\/\/yH5BAEKAAEALAAAAAABAAEAAAICTAEAOw==\" data-safe-src=\"data:image\/gif;base64,R0lGODlhAQABAIAAAP\/\/\/\/\/\/\/yH5BAEKAAEALAAAAAABAAEAAAICTAEAOw==\" \/><\/a><\/div><\/div><div id=\"envira-gallery-item-1136\" class=\"envira-gallery-item enviratope-item envira-gallery-item-3 envira-lazy-load\" style=\"padding-left: 5px; padding-bottom: 10px; padding-right: 5px;\"  itemscope itemtype=\"https:\/\/schema.org\/ImageObject\"><div class=\"envira-gallery-item-inner\"><div class=\"envira-gallery-position-overlay  envira-gallery-top-left\"><\/div><div class=\"envira-gallery-position-overlay  envira-gallery-top-right\"><\/div><div class=\"envira-gallery-position-overlay  envira-gallery-bottom-left\"><\/div><div class=\"envira-gallery-position-overlay  envira-gallery-bottom-right\"><\/div><a href=\"https:\/\/bursacephe.com\/web\/wp-content\/uploads\/2023\/10\/kasetli-2.jpg\" class=\"envira-gallery-1139 envira-gallery-link\" rel=\"enviragallery1139\" title=\"kasetli-2\" data-envira-caption=\"kasetli-2\" data-envira-retina=\"\" data-thumbnail=\"\"  itemprop=\"contentUrl\"><img decoding=\"async\" id=\"envira-gallery-image-1136\" class=\"envira-gallery-image envira-gallery-image-3 envira-normal envira-lazy\" data-envira-index=\"3\" src=\"https:\/\/bursacephe.com\/wp-content\/uploads\/2023\/10\/kasetli-2-819x1024.jpg\" data-envira-src=\"https:\/\/bursacephe.com\/wp-content\/uploads\/2023\/10\/kasetli-2-819x1024.jpg\" data-envira-gallery-id=\"1139\" data-envira-item-id=\"1136\" data-envira-caption=\"kasetli-2\" alt=\"\" title=\"kasetli-2\"  itemprop=\"thumbnailUrl\" data-envira-srcset=\"https:\/\/bursacephe.com\/wp-content\/uploads\/2023\/10\/kasetli-2-819x1024.jpg 400w,https:\/\/bursacephe.com\/wp-content\/uploads\/2023\/10\/kasetli-2-819x1024.jpg 2x\" data-envira-width=\"240\" data-envira-height=\"300\" srcset=\"data:image\/gif;base64,R0lGODlhAQABAIAAAP\/\/\/\/\/\/\/yH5BAEKAAEALAAAAAABAAEAAAICTAEAOw==\" data-safe-src=\"data:image\/gif;base64,R0lGODlhAQABAIAAAP\/\/\/\/\/\/\/yH5BAEKAAEALAAAAAABAAEAAAICTAEAOw==\" \/><\/a><\/div><\/div><div id=\"envira-gallery-item-1134\" class=\"envira-gallery-item enviratope-item envira-gallery-item-4 envira-lazy-load\" style=\"padding-left: 5px; padding-bottom: 10px; padding-right: 5px;\"  itemscope itemtype=\"https:\/\/schema.org\/ImageObject\"><div class=\"envira-gallery-item-inner\"><div class=\"envira-gallery-position-overlay  envira-gallery-top-left\"><\/div><div class=\"envira-gallery-position-overlay  envira-gallery-top-right\"><\/div><div class=\"envira-gallery-position-overlay  envira-gallery-bottom-left\"><\/div><div class=\"envira-gallery-position-overlay  envira-gallery-bottom-right\"><\/div><a href=\"https:\/\/bursacephe.com\/web\/wp-content\/uploads\/2023\/10\/kasettli.jpg\" class=\"envira-gallery-1139 envira-gallery-link\" rel=\"enviragallery1139\" title=\"kasettli\" data-envira-caption=\"kasettli\" data-envira-retina=\"\" data-thumbnail=\"\"  itemprop=\"contentUrl\"><img decoding=\"async\" id=\"envira-gallery-image-1134\" class=\"envira-gallery-image envira-gallery-image-4 envira-normal envira-lazy\" data-envira-index=\"4\" src=\"https:\/\/bursacephe.com\/wp-content\/uploads\/2023\/10\/kasettli.jpg\" data-envira-src=\"https:\/\/bursacephe.com\/wp-content\/uploads\/2023\/10\/kasettli.jpg\" data-envira-gallery-id=\"1139\" data-envira-item-id=\"1134\" data-envira-caption=\"kasettli\" alt=\"\" title=\"kasettli\"  itemprop=\"thumbnailUrl\" data-envira-srcset=\"https:\/\/bursacephe.com\/wp-content\/uploads\/2023\/10\/kasettli.jpg 400w,https:\/\/bursacephe.com\/wp-content\/uploads\/2023\/10\/kasettli.jpg 2x\" data-envira-width=\"300\" data-envira-height=\"225\" srcset=\"data:image\/gif;base64,R0lGODlhAQABAIAAAP\/\/\/\/\/\/\/yH5BAEKAAEALAAAAAABAAEAAAICTAEAOw==\" data-safe-src=\"data:image\/gif;base64,R0lGODlhAQABAIAAAP\/\/\/\/\/\/\/yH5BAEKAAEALAAAAAABAAEAAAICTAEAOw==\" \/><\/a><\/div><\/div><div id=\"envira-gallery-item-1133\" class=\"envira-gallery-item enviratope-item envira-gallery-item-5 envira-lazy-load\" style=\"padding-left: 5px; padding-bottom: 10px; padding-right: 5px;\"  itemscope itemtype=\"https:\/\/schema.org\/ImageObject\"><div class=\"envira-gallery-item-inner\"><div class=\"envira-gallery-position-overlay  envira-gallery-top-left\"><\/div><div class=\"envira-gallery-position-overlay  envira-gallery-top-right\"><\/div><div class=\"envira-gallery-position-overlay  envira-gallery-bottom-left\"><\/div><div class=\"envira-gallery-position-overlay  envira-gallery-bottom-right\"><\/div><a href=\"https:\/\/bursacephe.com\/web\/wp-content\/uploads\/2023\/10\/kasetli-5.jpg\" class=\"envira-gallery-1139 envira-gallery-link\" rel=\"enviragallery1139\" title=\"kasetli-5\" data-envira-caption=\"kasetli-5\" data-envira-retina=\"\" data-thumbnail=\"\"  itemprop=\"contentUrl\"><img decoding=\"async\" id=\"envira-gallery-image-1133\" class=\"envira-gallery-image envira-gallery-image-5 envira-normal envira-lazy\" data-envira-index=\"5\" src=\"https:\/\/bursacephe.com\/wp-content\/uploads\/2023\/10\/kasetli-5.jpg\" data-envira-src=\"https:\/\/bursacephe.com\/wp-content\/uploads\/2023\/10\/kasetli-5.jpg\" data-envira-gallery-id=\"1139\" data-envira-item-id=\"1133\" data-envira-caption=\"kasetli-5\" alt=\"\" title=\"kasetli-5\"  itemprop=\"thumbnailUrl\" data-envira-srcset=\"https:\/\/bursacephe.com\/wp-content\/uploads\/2023\/10\/kasetli-5.jpg 400w,https:\/\/bursacephe.com\/wp-content\/uploads\/2023\/10\/kasetli-5.jpg 2x\" data-envira-width=\"300\" data-envira-height=\"300\" srcset=\"data:image\/gif;base64,R0lGODlhAQABAIAAAP\/\/\/\/\/\/\/yH5BAEKAAEALAAAAAABAAEAAAICTAEAOw==\" data-safe-src=\"data:image\/gif;base64,R0lGODlhAQABAIAAAP\/\/\/\/\/\/\/yH5BAEKAAEALAAAAAABAAEAAAICTAEAOw==\" \/><\/a><\/div><\/div><\/div><\/div><noscript><img decoding=\"async\" src=\"https:\/\/bursacephe.com\/wp-content\/uploads\/2023\/10\/kasetli-4.jpg\" alt=\"\" \/><img decoding=\"async\" src=\"https:\/\/bursacephe.com\/wp-content\/uploads\/2023\/10\/kasetli-3.jpg\" alt=\"\" \/><img decoding=\"async\" src=\"https:\/\/bursacephe.com\/wp-content\/uploads\/2023\/10\/kasetli-2.jpg\" alt=\"\" \/><img decoding=\"async\" src=\"https:\/\/bursacephe.com\/wp-content\/uploads\/2023\/10\/kasettli.jpg\" alt=\"\" \/><img decoding=\"async\" src=\"https:\/\/bursacephe.com\/wp-content\/uploads\/2023\/10\/kasetli-5.jpg\" alt=\"\" \/><\/noscript>[\/vc_column_text][\/vc_column][\/vc_row]<\/p>","protected":false},"excerpt":{"rendered":"<p>[vc_row][vc_column][vc_column_text]Vorhangfassaden in Schalenbauweise sind sehr verbreitet und leicht herzustellen, da dieses System am l\u00e4ngsten angewendet wird. Da es in unserem Land &#8230;<\/p>\n","protected":false},"author":1,"featured_media":1138,"parent":924,"menu_order":0,"comment_status":"closed","ping_status":"closed","template":"","meta":{"footnotes":""},"_links":{"self":[{"href":"https:\/\/bursacephe.com\/de\/wp-json\/wp\/v2\/pages\/1132"}],"collection":[{"href":"https:\/\/bursacephe.com\/de\/wp-json\/wp\/v2\/pages"}],"about":[{"href":"https:\/\/bursacephe.com\/de\/wp-json\/wp\/v2\/types\/page"}],"author":[{"embeddable":true,"href":"https:\/\/bursacephe.com\/de\/wp-json\/wp\/v2\/users\/1"}],"replies":[{"embeddable":true,"href":"https:\/\/bursacephe.com\/de\/wp-json\/wp\/v2\/comments?post=1132"}],"version-history":[{"count":4,"href":"https:\/\/bursacephe.com\/de\/wp-json\/wp\/v2\/pages\/1132\/revisions"}],"predecessor-version":[{"id":1890,"href":"https:\/\/bursacephe.com\/de\/wp-json\/wp\/v2\/pages\/1132\/revisions\/1890"}],"up":[{"embeddable":true,"href":"https:\/\/bursacephe.com\/de\/wp-json\/wp\/v2\/pages\/924"}],"wp:featuredmedia":[{"embeddable":true,"href":"https:\/\/bursacephe.com\/de\/wp-json\/wp\/v2\/media\/1138"}],"wp:attachment":[{"href":"https:\/\/bursacephe.com\/de\/wp-json\/wp\/v2\/media?parent=1132"}],"curies":[{"name":"wp","href":"https:\/\/api.w.org\/{rel}","templated":true}]}}