{"id":1144,"date":"2023-10-03T22:21:58","date_gmt":"2023-10-03T19:21:58","guid":{"rendered":"https:\/\/bursacephe.com\/web\/?page_id=1144"},"modified":"2025-04-23T21:38:29","modified_gmt":"2025-04-23T18:38:29","slug":"kompozit-panel","status":"publish","type":"page","link":"https:\/\/bursacephe.com\/de\/sistemler\/kompozit-panel\/","title":{"rendered":"Komposit-Paneel"},"content":{"rendered":"<p>[vc_row][vc_column][vc_column_text]Aluminium-Verbundplatten, die in Innen- und Au\u00dfenfassadensystemen von Geb\u00e4uden verwendet werden, sind ein Fassadenverkleidungsprodukt, das keine zus\u00e4tzliche Belastung f\u00fcr die Geb\u00e4ude mit sich bringt, die Geb\u00e4ude vor Umwelteinfl\u00fcssen und jahreszeitlichen Einfl\u00fcssen sch\u00fctzt, Ihren Geb\u00e4uden ein \u00e4sthetisches Aussehen verleiht und \u00e4u\u00dferst pflegeleicht und sauber ist.<\/p>\n<p>Was ist eine Verbundplatte: Das Baumaterial, das durch die Verkleidung der beiden Oberfl\u00e4chen des Materials Polyethylen (eine Art Kunststoff) mit Aluminiumplatten entsteht, wird als Verbundplatte bezeichnet.<\/p>\n<p>Beide Oberfl\u00e4chen bestehen aus Aluminium in verschiedenen Dicken wie 0,50 mm, 0,30 mm, 0,21 mm. Die Standarddicke betr\u00e4gt 4 mm, sie wird in der Regel in den Formaten 1250\u00d73200 hergestellt, und es sind viele Farbw\u00fcnsche und Optionen in Holzoptik erh\u00e4ltlich. Paneele mit PVDF-Farbe sollten an Au\u00dfenfassaden verwendet werden. Je nach Vorliebe ist eine feuerfeste Option erh\u00e4ltlich.<\/p>\n<p>Sie werden h\u00e4ufig f\u00fcr Au\u00dfenverkleidungen von Geb\u00e4uden verwendet. Neben dem Bausektor spielt es auch eine wichtige Rolle bei Werbetafeln und bei der architektonischen Innenausstattung.<br \/>\nIn der T\u00fcrkei und auf der ganzen Welt wird es im Bausektor und in anderen Bereichen h\u00e4ufig bevorzugt.[\/vc_column_text][\/vc_column][\/vc_row][vc_row][vc_column][vc_column_text]<img decoding=\"async\" class=\"aligncenter size-full wp-image-1749\" src=\"https:\/\/bursacephe.com\/wp-content\/uploads\/2023\/11\/kompozit.jpeg\" alt=\"\" width=\"100%\" srcset=\"https:\/\/bursacephe.com\/wp-content\/uploads\/2023\/11\/kompozit.jpeg 768w, https:\/\/bursacephe.com\/wp-content\/uploads\/2023\/11\/kompozit-225x300.jpeg 225w\" sizes=\"(max-width: 768px) 100vw, 768px\" \/>[\/vc_column_text][\/vc_column][\/vc_row]<\/p>","protected":false},"excerpt":{"rendered":"<p>[vc_row][vc_column][vc_column_text]Aluminium-Verbundplatten, die in Innen- und Au\u00dfenfassadensystemen von Geb\u00e4uden verwendet werden, sind ein Fassadenverkleidungsprodukt, das keine zus\u00e4tzliche Belastung f\u00fcr die Geb\u00e4ude mit &#8230;<\/p>\n","protected":false},"author":1,"featured_media":1145,"parent":924,"menu_order":0,"comment_status":"closed","ping_status":"closed","template":"","meta":{"footnotes":""},"_links":{"self":[{"href":"https:\/\/bursacephe.com\/de\/wp-json\/wp\/v2\/pages\/1144"}],"collection":[{"href":"https:\/\/bursacephe.com\/de\/wp-json\/wp\/v2\/pages"}],"about":[{"href":"https:\/\/bursacephe.com\/de\/wp-json\/wp\/v2\/types\/page"}],"author":[{"embeddable":true,"href":"https:\/\/bursacephe.com\/de\/wp-json\/wp\/v2\/users\/1"}],"replies":[{"embeddable":true,"href":"https:\/\/bursacephe.com\/de\/wp-json\/wp\/v2\/comments?post=1144"}],"version-history":[{"count":3,"href":"https:\/\/bursacephe.com\/de\/wp-json\/wp\/v2\/pages\/1144\/revisions"}],"predecessor-version":[{"id":1893,"href":"https:\/\/bursacephe.com\/de\/wp-json\/wp\/v2\/pages\/1144\/revisions\/1893"}],"up":[{"embeddable":true,"href":"https:\/\/bursacephe.com\/de\/wp-json\/wp\/v2\/pages\/924"}],"wp:featuredmedia":[{"embeddable":true,"href":"https:\/\/bursacephe.com\/de\/wp-json\/wp\/v2\/media\/1145"}],"wp:attachment":[{"href":"https:\/\/bursacephe.com\/de\/wp-json\/wp\/v2\/media?parent=1144"}],"curies":[{"name":"wp","href":"https:\/\/api.w.org\/{rel}","templated":true}]}}