{"id":1167,"date":"2023-10-12T22:48:58","date_gmt":"2023-10-12T19:48:58","guid":{"rendered":"https:\/\/bursacephe.com\/web\/?page_id=1167"},"modified":"2025-04-23T21:58:11","modified_gmt":"2025-04-23T18:58:11","slug":"transparan-cephe-spider-ve-sacak-sistemleri","status":"publish","type":"page","link":"https:\/\/bursacephe.com\/de\/sistemler\/transparan-cephe-spider-ve-sacak-sistemleri\/","title":{"rendered":"Transparente Fassade (Spinne) und Traufsysteme"},"content":{"rendered":"<p>[vc_row margin_top=&#8220;-30&#8243;][vc_column][vc_column_text]<div id=\"envira-gallery-wrap-1175\" class=\"envira-gallery-wrap envira-gallery-theme-base envira-lightbox-theme-base\" itemscope itemtype=\"https:\/\/schema.org\/ImageGallery\"><div data-row-height=\"150\" data-gallery-theme=\"normal\" id=\"envira-gallery-1175\" class=\"envira-gallery-public envira-gallery-justified-public envira-gallery-0-columns envira-clear enviratope envira-gallery-css-animations\" data-envira-columns=\"0\"><div id=\"envira-gallery-item-1174\" class=\"envira-gallery-item enviratope-item envira-gallery-item-1 envira-lazy-load\" style=\"padding-left: 5px; padding-bottom: 10px; padding-right: 5px;\"  itemscope itemtype=\"https:\/\/schema.org\/ImageObject\"><div class=\"envira-gallery-item-inner\"><div class=\"envira-gallery-position-overlay  envira-gallery-top-left\"><\/div><div class=\"envira-gallery-position-overlay  envira-gallery-top-right\"><\/div><div class=\"envira-gallery-position-overlay  envira-gallery-bottom-left\"><\/div><div class=\"envira-gallery-position-overlay  envira-gallery-bottom-right\"><\/div><a href=\"https:\/\/bursacephe.com\/web\/wp-content\/uploads\/2023\/10\/480.jpg\" class=\"envira-gallery-1175 envira-gallery-link\" rel=\"enviragallery1175\" title=\"480\" data-envira-caption=\"480\" data-envira-retina=\"\" data-thumbnail=\"\"  itemprop=\"contentUrl\"><img decoding=\"async\" id=\"envira-gallery-image-1174\" class=\"envira-gallery-image envira-gallery-image-1 envira-normal envira-lazy\" data-envira-index=\"1\" src=\"https:\/\/bursacephe.com\/wp-content\/uploads\/2023\/10\/480.jpg\" data-envira-src=\"https:\/\/bursacephe.com\/wp-content\/uploads\/2023\/10\/480.jpg\" data-envira-gallery-id=\"1175\" data-envira-item-id=\"1174\" data-envira-caption=\"480\" alt=\"\" title=\"480\"  itemprop=\"thumbnailUrl\" data-envira-srcset=\"https:\/\/bursacephe.com\/wp-content\/uploads\/2023\/10\/480.jpg 400w,https:\/\/bursacephe.com\/wp-content\/uploads\/2023\/10\/480.jpg 2x\" data-envira-width=\"300\" data-envira-height=\"195\" srcset=\"data:image\/gif;base64,R0lGODlhAQABAIAAAP\/\/\/\/\/\/\/yH5BAEKAAEALAAAAAABAAEAAAICTAEAOw==\" data-safe-src=\"data:image\/gif;base64,R0lGODlhAQABAIAAAP\/\/\/\/\/\/\/yH5BAEKAAEALAAAAAABAAEAAAICTAEAOw==\" \/><\/a><\/div><\/div><div id=\"envira-gallery-item-1173\" class=\"envira-gallery-item enviratope-item envira-gallery-item-2 envira-lazy-load\" style=\"padding-left: 5px; padding-bottom: 10px; padding-right: 5px;\"  itemscope itemtype=\"https:\/\/schema.org\/ImageObject\"><div class=\"envira-gallery-item-inner\"><div class=\"envira-gallery-position-overlay  envira-gallery-top-left\"><\/div><div class=\"envira-gallery-position-overlay  envira-gallery-top-right\"><\/div><div class=\"envira-gallery-position-overlay  envira-gallery-bottom-left\"><\/div><div class=\"envira-gallery-position-overlay  envira-gallery-bottom-right\"><\/div><a href=\"https:\/\/bursacephe.com\/web\/wp-content\/uploads\/2023\/10\/478.jpg\" class=\"envira-gallery-1175 envira-gallery-link\" rel=\"enviragallery1175\" title=\"478\" data-envira-caption=\"478\" data-envira-retina=\"\" data-thumbnail=\"\"  itemprop=\"contentUrl\"><img decoding=\"async\" id=\"envira-gallery-image-1173\" class=\"envira-gallery-image envira-gallery-image-2 envira-normal envira-lazy\" data-envira-index=\"2\" src=\"https:\/\/bursacephe.com\/wp-content\/uploads\/2023\/10\/478.jpg\" data-envira-src=\"https:\/\/bursacephe.com\/wp-content\/uploads\/2023\/10\/478.jpg\" data-envira-gallery-id=\"1175\" data-envira-item-id=\"1173\" data-envira-caption=\"478\" alt=\"\" title=\"478\"  itemprop=\"thumbnailUrl\" data-envira-srcset=\"https:\/\/bursacephe.com\/wp-content\/uploads\/2023\/10\/478.jpg 400w,https:\/\/bursacephe.com\/wp-content\/uploads\/2023\/10\/478.jpg 2x\" data-envira-width=\"300\" data-envira-height=\"172\" srcset=\"data:image\/gif;base64,R0lGODlhAQABAIAAAP\/\/\/\/\/\/\/yH5BAEKAAEALAAAAAABAAEAAAICTAEAOw==\" data-safe-src=\"data:image\/gif;base64,R0lGODlhAQABAIAAAP\/\/\/\/\/\/\/yH5BAEKAAEALAAAAAABAAEAAAICTAEAOw==\" \/><\/a><\/div><\/div><div id=\"envira-gallery-item-1172\" class=\"envira-gallery-item enviratope-item envira-gallery-item-3 envira-lazy-load\" style=\"padding-left: 5px; padding-bottom: 10px; padding-right: 5px;\"  itemscope itemtype=\"https:\/\/schema.org\/ImageObject\"><div class=\"envira-gallery-item-inner\"><div class=\"envira-gallery-position-overlay  envira-gallery-top-left\"><\/div><div class=\"envira-gallery-position-overlay  envira-gallery-top-right\"><\/div><div class=\"envira-gallery-position-overlay  envira-gallery-bottom-left\"><\/div><div class=\"envira-gallery-position-overlay  envira-gallery-bottom-right\"><\/div><a href=\"https:\/\/bursacephe.com\/web\/wp-content\/uploads\/2023\/10\/477.jpg\" class=\"envira-gallery-1175 envira-gallery-link\" rel=\"enviragallery1175\" title=\"477\" data-envira-caption=\"477\" data-envira-retina=\"\" data-thumbnail=\"\"  itemprop=\"contentUrl\"><img decoding=\"async\" id=\"envira-gallery-image-1172\" class=\"envira-gallery-image envira-gallery-image-3 envira-normal envira-lazy\" data-envira-index=\"3\" src=\"https:\/\/bursacephe.com\/wp-content\/uploads\/2023\/10\/477.jpg\" data-envira-src=\"https:\/\/bursacephe.com\/wp-content\/uploads\/2023\/10\/477.jpg\" data-envira-gallery-id=\"1175\" data-envira-item-id=\"1172\" data-envira-caption=\"477\" alt=\"\" title=\"477\"  itemprop=\"thumbnailUrl\" data-envira-srcset=\"https:\/\/bursacephe.com\/wp-content\/uploads\/2023\/10\/477.jpg 400w,https:\/\/bursacephe.com\/wp-content\/uploads\/2023\/10\/477.jpg 2x\" data-envira-width=\"300\" data-envira-height=\"200\" srcset=\"data:image\/gif;base64,R0lGODlhAQABAIAAAP\/\/\/\/\/\/\/yH5BAEKAAEALAAAAAABAAEAAAICTAEAOw==\" data-safe-src=\"data:image\/gif;base64,R0lGODlhAQABAIAAAP\/\/\/\/\/\/\/yH5BAEKAAEALAAAAAABAAEAAAICTAEAOw==\" \/><\/a><\/div><\/div><div id=\"envira-gallery-item-1171\" class=\"envira-gallery-item enviratope-item envira-gallery-item-4 envira-lazy-load\" style=\"padding-left: 5px; padding-bottom: 10px; padding-right: 5px;\"  itemscope itemtype=\"https:\/\/schema.org\/ImageObject\"><div class=\"envira-gallery-item-inner\"><div class=\"envira-gallery-position-overlay  envira-gallery-top-left\"><\/div><div class=\"envira-gallery-position-overlay  envira-gallery-top-right\"><\/div><div class=\"envira-gallery-position-overlay  envira-gallery-bottom-left\"><\/div><div class=\"envira-gallery-position-overlay  envira-gallery-bottom-right\"><\/div><a href=\"https:\/\/bursacephe.com\/web\/wp-content\/uploads\/2023\/10\/476.jpg\" class=\"envira-gallery-1175 envira-gallery-link\" rel=\"enviragallery1175\" title=\"476\" data-envira-caption=\"476\" data-envira-retina=\"\" data-thumbnail=\"\"  itemprop=\"contentUrl\"><img decoding=\"async\" id=\"envira-gallery-image-1171\" class=\"envira-gallery-image envira-gallery-image-4 envira-normal envira-lazy\" data-envira-index=\"4\" src=\"https:\/\/bursacephe.com\/wp-content\/uploads\/2023\/10\/476.jpg\" data-envira-src=\"https:\/\/bursacephe.com\/wp-content\/uploads\/2023\/10\/476.jpg\" data-envira-gallery-id=\"1175\" data-envira-item-id=\"1171\" data-envira-caption=\"476\" alt=\"\" title=\"476\"  itemprop=\"thumbnailUrl\" data-envira-srcset=\"https:\/\/bursacephe.com\/wp-content\/uploads\/2023\/10\/476.jpg 400w,https:\/\/bursacephe.com\/wp-content\/uploads\/2023\/10\/476.jpg 2x\" data-envira-width=\"300\" data-envira-height=\"211\" srcset=\"data:image\/gif;base64,R0lGODlhAQABAIAAAP\/\/\/\/\/\/\/yH5BAEKAAEALAAAAAABAAEAAAICTAEAOw==\" data-safe-src=\"data:image\/gif;base64,R0lGODlhAQABAIAAAP\/\/\/\/\/\/\/yH5BAEKAAEALAAAAAABAAEAAAICTAEAOw==\" \/><\/a><\/div><\/div><div id=\"envira-gallery-item-1170\" class=\"envira-gallery-item enviratope-item envira-gallery-item-5 envira-lazy-load\" style=\"padding-left: 5px; padding-bottom: 10px; padding-right: 5px;\"  itemscope itemtype=\"https:\/\/schema.org\/ImageObject\"><div class=\"envira-gallery-item-inner\"><div class=\"envira-gallery-position-overlay  envira-gallery-top-left\"><\/div><div class=\"envira-gallery-position-overlay  envira-gallery-top-right\"><\/div><div class=\"envira-gallery-position-overlay  envira-gallery-bottom-left\"><\/div><div class=\"envira-gallery-position-overlay  envira-gallery-bottom-right\"><\/div><a href=\"https:\/\/bursacephe.com\/web\/wp-content\/uploads\/2023\/10\/475.jpg\" class=\"envira-gallery-1175 envira-gallery-link\" rel=\"enviragallery1175\" title=\"475\" data-envira-caption=\"475\" data-envira-retina=\"\" data-thumbnail=\"\"  itemprop=\"contentUrl\"><img decoding=\"async\" id=\"envira-gallery-image-1170\" class=\"envira-gallery-image envira-gallery-image-5 envira-normal envira-lazy\" data-envira-index=\"5\" src=\"https:\/\/bursacephe.com\/wp-content\/uploads\/2023\/10\/475.jpg\" data-envira-src=\"https:\/\/bursacephe.com\/wp-content\/uploads\/2023\/10\/475.jpg\" data-envira-gallery-id=\"1175\" data-envira-item-id=\"1170\" data-envira-caption=\"475\" alt=\"\" title=\"475\"  itemprop=\"thumbnailUrl\" data-envira-srcset=\"https:\/\/bursacephe.com\/wp-content\/uploads\/2023\/10\/475.jpg 400w,https:\/\/bursacephe.com\/wp-content\/uploads\/2023\/10\/475.jpg 2x\" data-envira-width=\"300\" data-envira-height=\"225\" srcset=\"data:image\/gif;base64,R0lGODlhAQABAIAAAP\/\/\/\/\/\/\/yH5BAEKAAEALAAAAAABAAEAAAICTAEAOw==\" data-safe-src=\"data:image\/gif;base64,R0lGODlhAQABAIAAAP\/\/\/\/\/\/\/yH5BAEKAAEALAAAAAABAAEAAAICTAEAOw==\" \/><\/a><\/div><\/div><div id=\"envira-gallery-item-1169\" class=\"envira-gallery-item enviratope-item envira-gallery-item-6 envira-lazy-load\" style=\"padding-left: 5px; padding-bottom: 10px; padding-right: 5px;\"  itemscope itemtype=\"https:\/\/schema.org\/ImageObject\"><div class=\"envira-gallery-item-inner\"><div class=\"envira-gallery-position-overlay  envira-gallery-top-left\"><\/div><div class=\"envira-gallery-position-overlay  envira-gallery-top-right\"><\/div><div class=\"envira-gallery-position-overlay  envira-gallery-bottom-left\"><\/div><div class=\"envira-gallery-position-overlay  envira-gallery-bottom-right\"><\/div><a href=\"https:\/\/bursacephe.com\/web\/wp-content\/uploads\/2023\/10\/474.jpg\" class=\"envira-gallery-1175 envira-gallery-link\" rel=\"enviragallery1175\" title=\"474\" data-envira-caption=\"474\" data-envira-retina=\"\" data-thumbnail=\"\"  itemprop=\"contentUrl\"><img decoding=\"async\" id=\"envira-gallery-image-1169\" class=\"envira-gallery-image envira-gallery-image-6 envira-normal envira-lazy\" data-envira-index=\"6\" src=\"https:\/\/bursacephe.com\/wp-content\/uploads\/2023\/10\/474.jpg\" data-envira-src=\"https:\/\/bursacephe.com\/wp-content\/uploads\/2023\/10\/474.jpg\" data-envira-gallery-id=\"1175\" data-envira-item-id=\"1169\" data-envira-caption=\"474\" alt=\"\" title=\"474\"  itemprop=\"thumbnailUrl\" data-envira-srcset=\"https:\/\/bursacephe.com\/wp-content\/uploads\/2023\/10\/474.jpg 400w,https:\/\/bursacephe.com\/wp-content\/uploads\/2023\/10\/474.jpg 2x\" data-envira-width=\"300\" data-envira-height=\"225\" srcset=\"data:image\/gif;base64,R0lGODlhAQABAIAAAP\/\/\/\/\/\/\/yH5BAEKAAEALAAAAAABAAEAAAICTAEAOw==\" data-safe-src=\"data:image\/gif;base64,R0lGODlhAQABAIAAAP\/\/\/\/\/\/\/yH5BAEKAAEALAAAAAABAAEAAAICTAEAOw==\" \/><\/a><\/div><\/div><\/div><\/div><noscript><img decoding=\"async\" src=\"https:\/\/bursacephe.com\/wp-content\/uploads\/2023\/10\/480.jpg\" alt=\"\" \/><img decoding=\"async\" src=\"https:\/\/bursacephe.com\/wp-content\/uploads\/2023\/10\/478.jpg\" alt=\"\" \/><img decoding=\"async\" src=\"https:\/\/bursacephe.com\/wp-content\/uploads\/2023\/10\/477.jpg\" alt=\"\" \/><img decoding=\"async\" src=\"https:\/\/bursacephe.com\/wp-content\/uploads\/2023\/10\/476.jpg\" alt=\"\" \/><img decoding=\"async\" src=\"https:\/\/bursacephe.com\/wp-content\/uploads\/2023\/10\/475.jpg\" alt=\"\" \/><img decoding=\"async\" src=\"https:\/\/bursacephe.com\/wp-content\/uploads\/2023\/10\/474.jpg\" alt=\"\" \/><\/noscript>[\/vc_column_text][\/vc_column][\/vc_row][vc_row][vc_column][vc_column_text]Die transparente Fassade ist ein Vorhangfassadensystem, das dem Geb\u00e4ude ein architektonisches Design und ein \u00e4sthetisches Aussehen verleiht. Das wichtigste Merkmal dieses Systems ist, dass das Sichtverh\u00e4ltnis zwischen Innen- und Au\u00dfenbereich durch die Verwendung von ausschlie\u00dflich transparentem Glas als Fassadenverkleidung maximiert wird.<\/p>\n<p>So ist es m\u00f6glich, ein Design zu w\u00e4hlen, das f\u00fcr die vorgesehene Nutzung in bestimmten Geb\u00e4udeteilen geeignet ist.<\/p>\n<p>Das Glas wird auf einer Tr\u00e4gerkonstruktion aus rostfreiem Stahl oder epoxidbeschichtetem Eisen mit rostfreien 4, 3, 2, 1, 3, 2, 1 Stahlbefestigungselementen (Spinnen) und Kugelgelenken aus rostfreiem Stahl montiert. Die Griffe sind mit beweglichen K\u00f6pfen gefertigt, um die Belastung des Glases auf die Stahlkonstruktion zu \u00fcbertragen.<\/p>\n<p>Je nach Gr\u00f6\u00dfe des Glases wird Verbundglas, geschliffenes oder geh\u00e4rtetes Glas in der durch die statische Berechnung ermittelten St\u00e4rke verwendet. Die Fugen zwischen den Gl\u00e4sern werden entsprechend der Technik mit staubdichtem Silikon ausgef\u00fcllt. Die transparente Fassade ist ein Vorhangfassadensystem, das dem Geb\u00e4ude ein architektonisches Design und ein \u00e4sthetisches Aussehen verleiht. Die gr\u00f6\u00dfte Besonderheit dieses Systems besteht darin, dass das Sichtverh\u00e4ltnis zwischen Innen- und Au\u00dfenbereich durch die Verwendung von ausschlie\u00dflich transparentem Glas als Fassadenverkleidung maximiert wird.<\/p>\n<p>Auf diese Weise ist es m\u00f6glich, ein Design zu w\u00e4hlen, das f\u00fcr die vorgesehene Nutzung in bestimmten Geb\u00e4udeteilen geeignet ist. Das Glas wird auf einer Tr\u00e4gerkonstruktion aus rostfreiem Stahl oder epoxidbeschichtetem Eisen mit rostfreien 4, 3, 2, 1, 3, 2, 1 Stahlbefestigungen (Spider) und Kugelgelenken aus rostfreiem Stahl montiert.[\/vc_column_text][\/vc_column][\/vc_row]<\/p>","protected":false},"excerpt":{"rendered":"<p>[vc_row margin_top=&#8220;-30&#8243;][vc_column][vc_column_text][\/vc_column_text][\/vc_column][\/vc_row][vc_row][vc_column][vc_column_text]Die transparente Fassade ist ein Vorhangfassadensystem, das dem Geb\u00e4ude ein architektonisches Design und ein \u00e4sthetisches Aussehen verleiht. Das wichtigste Merkmal &#8230;<\/p>\n","protected":false},"author":1,"featured_media":1168,"parent":924,"menu_order":0,"comment_status":"closed","ping_status":"closed","template":"","meta":{"footnotes":""},"_links":{"self":[{"href":"https:\/\/bursacephe.com\/de\/wp-json\/wp\/v2\/pages\/1167"}],"collection":[{"href":"https:\/\/bursacephe.com\/de\/wp-json\/wp\/v2\/pages"}],"about":[{"href":"https:\/\/bursacephe.com\/de\/wp-json\/wp\/v2\/types\/page"}],"author":[{"embeddable":true,"href":"https:\/\/bursacephe.com\/de\/wp-json\/wp\/v2\/users\/1"}],"replies":[{"embeddable":true,"href":"https:\/\/bursacephe.com\/de\/wp-json\/wp\/v2\/comments?post=1167"}],"version-history":[{"count":3,"href":"https:\/\/bursacephe.com\/de\/wp-json\/wp\/v2\/pages\/1167\/revisions"}],"predecessor-version":[{"id":1899,"href":"https:\/\/bursacephe.com\/de\/wp-json\/wp\/v2\/pages\/1167\/revisions\/1899"}],"up":[{"embeddable":true,"href":"https:\/\/bursacephe.com\/de\/wp-json\/wp\/v2\/pages\/924"}],"wp:featuredmedia":[{"embeddable":true,"href":"https:\/\/bursacephe.com\/de\/wp-json\/wp\/v2\/media\/1168"}],"wp:attachment":[{"href":"https:\/\/bursacephe.com\/de\/wp-json\/wp\/v2\/media?parent=1167"}],"curies":[{"name":"wp","href":"https:\/\/api.w.org\/{rel}","templated":true}]}}