{"id":1178,"date":"2023-10-13T23:51:55","date_gmt":"2023-10-13T20:51:55","guid":{"rendered":"https:\/\/bursacephe.com\/web\/?page_id=1178"},"modified":"2025-04-23T22:00:06","modified_gmt":"2025-04-23T19:00:06","slug":"skylight-isiklik-sistemleri","status":"publish","type":"page","link":"https:\/\/bursacephe.com\/de\/sistemler\/skylight-isiklik-sistemleri\/","title":{"rendered":"Oberlicht Oberlichtsysteme"},"content":{"rendered":"<p>[vc_row][vc_column][vc_column_text]<div id=\"envira-gallery-wrap-1276\" class=\"envira-gallery-wrap envira-gallery-theme-base envira-lightbox-theme-base\" itemscope itemtype=\"https:\/\/schema.org\/ImageGallery\"><div data-row-height=\"150\" data-gallery-theme=\"normal\" id=\"envira-gallery-1276\" class=\"envira-gallery-public envira-gallery-justified-public envira-gallery-0-columns envira-clear enviratope envira-gallery-css-animations\" data-envira-columns=\"0\"><div id=\"envira-gallery-item-1274\" class=\"envira-gallery-item enviratope-item envira-gallery-item-1 envira-lazy-load\" style=\"padding-left: 5px; padding-bottom: 10px; padding-right: 5px;\"  itemscope itemtype=\"https:\/\/schema.org\/ImageObject\"><div class=\"envira-gallery-item-inner\"><div class=\"envira-gallery-position-overlay  envira-gallery-top-left\"><\/div><div class=\"envira-gallery-position-overlay  envira-gallery-top-right\"><\/div><div class=\"envira-gallery-position-overlay  envira-gallery-bottom-left\"><\/div><div class=\"envira-gallery-position-overlay  envira-gallery-bottom-right\"><\/div><a href=\"https:\/\/bursacephe.com\/web\/wp-content\/uploads\/2023\/10\/03-150948065_2875061312770809_3534055669245329876_n.jpg\" class=\"envira-gallery-1276 envira-gallery-link\" rel=\"enviragallery1276\" title=\"03-150948065_2875061312770809_3534055669245329876_n\" data-envira-caption=\"03-150948065_2875061312770809_3534055669245329876_n\" data-envira-retina=\"\" data-thumbnail=\"\"  itemprop=\"contentUrl\"><img decoding=\"async\" id=\"envira-gallery-image-1274\" class=\"envira-gallery-image envira-gallery-image-1 envira-normal envira-lazy\" data-envira-index=\"1\" src=\"https:\/\/bursacephe.com\/wp-content\/uploads\/2023\/10\/03-150948065_2875061312770809_3534055669245329876_n-1024x768.jpg\" data-envira-src=\"https:\/\/bursacephe.com\/wp-content\/uploads\/2023\/10\/03-150948065_2875061312770809_3534055669245329876_n-1024x768.jpg\" data-envira-gallery-id=\"1276\" data-envira-item-id=\"1274\" data-envira-caption=\"03-150948065_2875061312770809_3534055669245329876_n\" alt=\"\" title=\"03-150948065_2875061312770809_3534055669245329876_n\"  itemprop=\"thumbnailUrl\" data-envira-srcset=\"https:\/\/bursacephe.com\/wp-content\/uploads\/2023\/10\/03-150948065_2875061312770809_3534055669245329876_n-1024x768.jpg 400w,https:\/\/bursacephe.com\/wp-content\/uploads\/2023\/10\/03-150948065_2875061312770809_3534055669245329876_n-1024x768.jpg 2x\" data-envira-width=\"300\" data-envira-height=\"225\" srcset=\"data:image\/gif;base64,R0lGODlhAQABAIAAAP\/\/\/\/\/\/\/yH5BAEKAAEALAAAAAABAAEAAAICTAEAOw==\" data-safe-src=\"data:image\/gif;base64,R0lGODlhAQABAIAAAP\/\/\/\/\/\/\/yH5BAEKAAEALAAAAAABAAEAAAICTAEAOw==\" \/><\/a><\/div><\/div><div id=\"envira-gallery-item-1273\" class=\"envira-gallery-item enviratope-item envira-gallery-item-2 envira-lazy-load\" style=\"padding-left: 5px; padding-bottom: 10px; padding-right: 5px;\"  itemscope itemtype=\"https:\/\/schema.org\/ImageObject\"><div class=\"envira-gallery-item-inner\"><div class=\"envira-gallery-position-overlay  envira-gallery-top-left\"><\/div><div class=\"envira-gallery-position-overlay  envira-gallery-top-right\"><\/div><div class=\"envira-gallery-position-overlay  envira-gallery-bottom-left\"><\/div><div class=\"envira-gallery-position-overlay  envira-gallery-bottom-right\"><\/div><a href=\"https:\/\/bursacephe.com\/web\/wp-content\/uploads\/2023\/10\/02-152926648_252198399820584_8205568397571088005_n.jpg\" class=\"envira-gallery-1276 envira-gallery-link\" rel=\"enviragallery1276\" title=\"02-152926648_252198399820584_8205568397571088005_n\" data-envira-caption=\"02-152926648_252198399820584_8205568397571088005_n\" data-envira-retina=\"\" data-thumbnail=\"\"  itemprop=\"contentUrl\"><img decoding=\"async\" id=\"envira-gallery-image-1273\" class=\"envira-gallery-image envira-gallery-image-2 envira-normal envira-lazy\" data-envira-index=\"2\" src=\"https:\/\/bursacephe.com\/wp-content\/uploads\/2023\/10\/02-152926648_252198399820584_8205568397571088005_n-1024x768.jpg\" data-envira-src=\"https:\/\/bursacephe.com\/wp-content\/uploads\/2023\/10\/02-152926648_252198399820584_8205568397571088005_n-1024x768.jpg\" data-envira-gallery-id=\"1276\" data-envira-item-id=\"1273\" data-envira-caption=\"02-152926648_252198399820584_8205568397571088005_n\" alt=\"\" title=\"02-152926648_252198399820584_8205568397571088005_n\"  itemprop=\"thumbnailUrl\" data-envira-srcset=\"https:\/\/bursacephe.com\/wp-content\/uploads\/2023\/10\/02-152926648_252198399820584_8205568397571088005_n-1024x768.jpg 400w,https:\/\/bursacephe.com\/wp-content\/uploads\/2023\/10\/02-152926648_252198399820584_8205568397571088005_n-1024x768.jpg 2x\" data-envira-width=\"300\" data-envira-height=\"225\" srcset=\"data:image\/gif;base64,R0lGODlhAQABAIAAAP\/\/\/\/\/\/\/yH5BAEKAAEALAAAAAABAAEAAAICTAEAOw==\" data-safe-src=\"data:image\/gif;base64,R0lGODlhAQABAIAAAP\/\/\/\/\/\/\/yH5BAEKAAEALAAAAAABAAEAAAICTAEAOw==\" \/><\/a><\/div><\/div><div id=\"envira-gallery-item-1272\" class=\"envira-gallery-item enviratope-item envira-gallery-item-3 envira-lazy-load\" style=\"padding-left: 5px; padding-bottom: 10px; padding-right: 5px;\"  itemscope itemtype=\"https:\/\/schema.org\/ImageObject\"><div class=\"envira-gallery-item-inner\"><div class=\"envira-gallery-position-overlay  envira-gallery-top-left\"><\/div><div class=\"envira-gallery-position-overlay  envira-gallery-top-right\"><\/div><div class=\"envira-gallery-position-overlay  envira-gallery-bottom-left\"><\/div><div class=\"envira-gallery-position-overlay  envira-gallery-bottom-right\"><\/div><a href=\"https:\/\/bursacephe.com\/web\/wp-content\/uploads\/2023\/10\/01-155825014_249212723459523_1232909464230882403_n.jpg\" class=\"envira-gallery-1276 envira-gallery-link\" rel=\"enviragallery1276\" title=\"01-155825014_249212723459523_1232909464230882403_n\" data-envira-caption=\"01-155825014_249212723459523_1232909464230882403_n\" data-envira-retina=\"\" data-thumbnail=\"\"  itemprop=\"contentUrl\"><img decoding=\"async\" id=\"envira-gallery-image-1272\" class=\"envira-gallery-image envira-gallery-image-3 envira-normal envira-lazy\" data-envira-index=\"3\" src=\"https:\/\/bursacephe.com\/wp-content\/uploads\/2023\/10\/01-155825014_249212723459523_1232909464230882403_n.jpg\" data-envira-src=\"https:\/\/bursacephe.com\/wp-content\/uploads\/2023\/10\/01-155825014_249212723459523_1232909464230882403_n.jpg\" data-envira-gallery-id=\"1276\" data-envira-item-id=\"1272\" data-envira-caption=\"01-155825014_249212723459523_1232909464230882403_n\" alt=\"\" title=\"01-155825014_249212723459523_1232909464230882403_n\"  itemprop=\"thumbnailUrl\" data-envira-srcset=\"https:\/\/bursacephe.com\/wp-content\/uploads\/2023\/10\/01-155825014_249212723459523_1232909464230882403_n.jpg 400w,https:\/\/bursacephe.com\/wp-content\/uploads\/2023\/10\/01-155825014_249212723459523_1232909464230882403_n.jpg 2x\" data-envira-width=\"300\" data-envira-height=\"300\" srcset=\"data:image\/gif;base64,R0lGODlhAQABAIAAAP\/\/\/\/\/\/\/yH5BAEKAAEALAAAAAABAAEAAAICTAEAOw==\" data-safe-src=\"data:image\/gif;base64,R0lGODlhAQABAIAAAP\/\/\/\/\/\/\/yH5BAEKAAEALAAAAAABAAEAAAICTAEAOw==\" \/><\/a><\/div><\/div><div id=\"envira-gallery-item-1271\" class=\"envira-gallery-item enviratope-item envira-gallery-item-4 envira-lazy-load\" style=\"padding-left: 5px; padding-bottom: 10px; padding-right: 5px;\"  itemscope itemtype=\"https:\/\/schema.org\/ImageObject\"><div class=\"envira-gallery-item-inner\"><div class=\"envira-gallery-position-overlay  envira-gallery-top-left\"><\/div><div class=\"envira-gallery-position-overlay  envira-gallery-top-right\"><\/div><div class=\"envira-gallery-position-overlay  envira-gallery-bottom-left\"><\/div><div class=\"envira-gallery-position-overlay  envira-gallery-bottom-right\"><\/div><a href=\"https:\/\/bursacephe.com\/web\/wp-content\/uploads\/2023\/10\/04-154249613_1271179533283545_4274177240008291673_n.jpg\" class=\"envira-gallery-1276 envira-gallery-link\" rel=\"enviragallery1276\" title=\"04-154249613_1271179533283545_4274177240008291673_n\" data-envira-caption=\"04-154249613_1271179533283545_4274177240008291673_n\" data-envira-retina=\"\" data-thumbnail=\"\"  itemprop=\"contentUrl\"><img decoding=\"async\" id=\"envira-gallery-image-1271\" class=\"envira-gallery-image envira-gallery-image-4 envira-normal envira-lazy\" data-envira-index=\"4\" src=\"https:\/\/bursacephe.com\/wp-content\/uploads\/2023\/10\/04-154249613_1271179533283545_4274177240008291673_n-1024x768.jpg\" data-envira-src=\"https:\/\/bursacephe.com\/wp-content\/uploads\/2023\/10\/04-154249613_1271179533283545_4274177240008291673_n-1024x768.jpg\" data-envira-gallery-id=\"1276\" data-envira-item-id=\"1271\" data-envira-caption=\"04-154249613_1271179533283545_4274177240008291673_n\" alt=\"\" title=\"04-154249613_1271179533283545_4274177240008291673_n\"  itemprop=\"thumbnailUrl\" data-envira-srcset=\"https:\/\/bursacephe.com\/wp-content\/uploads\/2023\/10\/04-154249613_1271179533283545_4274177240008291673_n-1024x768.jpg 400w,https:\/\/bursacephe.com\/wp-content\/uploads\/2023\/10\/04-154249613_1271179533283545_4274177240008291673_n-1024x768.jpg 2x\" data-envira-width=\"300\" data-envira-height=\"225\" srcset=\"data:image\/gif;base64,R0lGODlhAQABAIAAAP\/\/\/\/\/\/\/yH5BAEKAAEALAAAAAABAAEAAAICTAEAOw==\" data-safe-src=\"data:image\/gif;base64,R0lGODlhAQABAIAAAP\/\/\/\/\/\/\/yH5BAEKAAEALAAAAAABAAEAAAICTAEAOw==\" \/><\/a><\/div><\/div><div id=\"envira-gallery-item-1270\" class=\"envira-gallery-item enviratope-item envira-gallery-item-5 envira-lazy-load\" style=\"padding-left: 5px; padding-bottom: 10px; padding-right: 5px;\"  itemscope itemtype=\"https:\/\/schema.org\/ImageObject\"><div class=\"envira-gallery-item-inner\"><div class=\"envira-gallery-position-overlay  envira-gallery-top-left\"><\/div><div class=\"envira-gallery-position-overlay  envira-gallery-top-right\"><\/div><div class=\"envira-gallery-position-overlay  envira-gallery-bottom-left\"><\/div><div class=\"envira-gallery-position-overlay  envira-gallery-bottom-right\"><\/div><a href=\"https:\/\/bursacephe.com\/web\/wp-content\/uploads\/2023\/10\/540.jpg\" class=\"envira-gallery-1276 envira-gallery-link\" rel=\"enviragallery1276\" title=\"540\" data-envira-caption=\"540\" data-envira-retina=\"\" data-thumbnail=\"\"  itemprop=\"contentUrl\"><img decoding=\"async\" id=\"envira-gallery-image-1270\" class=\"envira-gallery-image envira-gallery-image-5 envira-normal envira-lazy\" data-envira-index=\"5\" src=\"https:\/\/bursacephe.com\/wp-content\/uploads\/2023\/10\/540.jpg\" data-envira-src=\"https:\/\/bursacephe.com\/wp-content\/uploads\/2023\/10\/540.jpg\" data-envira-gallery-id=\"1276\" data-envira-item-id=\"1270\" data-envira-caption=\"540\" alt=\"\" title=\"540\"  itemprop=\"thumbnailUrl\" data-envira-srcset=\"https:\/\/bursacephe.com\/wp-content\/uploads\/2023\/10\/540.jpg 400w,https:\/\/bursacephe.com\/wp-content\/uploads\/2023\/10\/540.jpg 2x\" data-envira-width=\"300\" data-envira-height=\"225\" srcset=\"data:image\/gif;base64,R0lGODlhAQABAIAAAP\/\/\/\/\/\/\/yH5BAEKAAEALAAAAAABAAEAAAICTAEAOw==\" data-safe-src=\"data:image\/gif;base64,R0lGODlhAQABAIAAAP\/\/\/\/\/\/\/yH5BAEKAAEALAAAAAABAAEAAAICTAEAOw==\" \/><\/a><\/div><\/div><div id=\"envira-gallery-item-1269\" class=\"envira-gallery-item enviratope-item envira-gallery-item-6 envira-lazy-load\" style=\"padding-left: 5px; padding-bottom: 10px; padding-right: 5px;\"  itemscope itemtype=\"https:\/\/schema.org\/ImageObject\"><div class=\"envira-gallery-item-inner\"><div class=\"envira-gallery-position-overlay  envira-gallery-top-left\"><\/div><div class=\"envira-gallery-position-overlay  envira-gallery-top-right\"><\/div><div class=\"envira-gallery-position-overlay  envira-gallery-bottom-left\"><\/div><div class=\"envira-gallery-position-overlay  envira-gallery-bottom-right\"><\/div><a href=\"https:\/\/bursacephe.com\/web\/wp-content\/uploads\/2023\/10\/539.jpg\" class=\"envira-gallery-1276 envira-gallery-link\" rel=\"enviragallery1276\" title=\"539\" data-envira-caption=\"539\" data-envira-retina=\"\" data-thumbnail=\"\"  itemprop=\"contentUrl\"><img decoding=\"async\" id=\"envira-gallery-image-1269\" class=\"envira-gallery-image envira-gallery-image-6 envira-normal envira-lazy\" data-envira-index=\"6\" src=\"https:\/\/bursacephe.com\/wp-content\/uploads\/2023\/10\/539.jpg\" data-envira-src=\"https:\/\/bursacephe.com\/wp-content\/uploads\/2023\/10\/539.jpg\" data-envira-gallery-id=\"1276\" data-envira-item-id=\"1269\" data-envira-caption=\"539\" alt=\"\" title=\"539\"  itemprop=\"thumbnailUrl\" data-envira-srcset=\"https:\/\/bursacephe.com\/wp-content\/uploads\/2023\/10\/539.jpg 400w,https:\/\/bursacephe.com\/wp-content\/uploads\/2023\/10\/539.jpg 2x\" data-envira-width=\"300\" data-envira-height=\"172\" srcset=\"data:image\/gif;base64,R0lGODlhAQABAIAAAP\/\/\/\/\/\/\/yH5BAEKAAEALAAAAAABAAEAAAICTAEAOw==\" data-safe-src=\"data:image\/gif;base64,R0lGODlhAQABAIAAAP\/\/\/\/\/\/\/yH5BAEKAAEALAAAAAABAAEAAAICTAEAOw==\" \/><\/a><\/div><\/div><div id=\"envira-gallery-item-1268\" class=\"envira-gallery-item enviratope-item envira-gallery-item-7 envira-lazy-load\" style=\"padding-left: 5px; padding-bottom: 10px; padding-right: 5px;\"  itemscope itemtype=\"https:\/\/schema.org\/ImageObject\"><div class=\"envira-gallery-item-inner\"><div class=\"envira-gallery-position-overlay  envira-gallery-top-left\"><\/div><div class=\"envira-gallery-position-overlay  envira-gallery-top-right\"><\/div><div class=\"envira-gallery-position-overlay  envira-gallery-bottom-left\"><\/div><div class=\"envira-gallery-position-overlay  envira-gallery-bottom-right\"><\/div><a href=\"https:\/\/bursacephe.com\/web\/wp-content\/uploads\/2023\/10\/538.jpg\" class=\"envira-gallery-1276 envira-gallery-link\" rel=\"enviragallery1276\" title=\"538\" data-envira-caption=\"538\" data-envira-retina=\"\" data-thumbnail=\"\"  itemprop=\"contentUrl\"><img decoding=\"async\" id=\"envira-gallery-image-1268\" class=\"envira-gallery-image envira-gallery-image-7 envira-normal envira-lazy\" data-envira-index=\"7\" src=\"https:\/\/bursacephe.com\/wp-content\/uploads\/2023\/10\/538.jpg\" data-envira-src=\"https:\/\/bursacephe.com\/wp-content\/uploads\/2023\/10\/538.jpg\" data-envira-gallery-id=\"1276\" data-envira-item-id=\"1268\" data-envira-caption=\"538\" alt=\"\" title=\"538\"  itemprop=\"thumbnailUrl\" data-envira-srcset=\"https:\/\/bursacephe.com\/wp-content\/uploads\/2023\/10\/538.jpg 400w,https:\/\/bursacephe.com\/wp-content\/uploads\/2023\/10\/538.jpg 2x\" data-envira-width=\"300\" data-envira-height=\"168\" srcset=\"data:image\/gif;base64,R0lGODlhAQABAIAAAP\/\/\/\/\/\/\/yH5BAEKAAEALAAAAAABAAEAAAICTAEAOw==\" data-safe-src=\"data:image\/gif;base64,R0lGODlhAQABAIAAAP\/\/\/\/\/\/\/yH5BAEKAAEALAAAAAABAAEAAAICTAEAOw==\" \/><\/a><\/div><\/div><div id=\"envira-gallery-item-1267\" class=\"envira-gallery-item enviratope-item envira-gallery-item-8 envira-lazy-load\" style=\"padding-left: 5px; padding-bottom: 10px; padding-right: 5px;\"  itemscope itemtype=\"https:\/\/schema.org\/ImageObject\"><div class=\"envira-gallery-item-inner\"><div class=\"envira-gallery-position-overlay  envira-gallery-top-left\"><\/div><div class=\"envira-gallery-position-overlay  envira-gallery-top-right\"><\/div><div class=\"envira-gallery-position-overlay  envira-gallery-bottom-left\"><\/div><div class=\"envira-gallery-position-overlay  envira-gallery-bottom-right\"><\/div><a href=\"https:\/\/bursacephe.com\/web\/wp-content\/uploads\/2023\/10\/537.jpg\" class=\"envira-gallery-1276 envira-gallery-link\" rel=\"enviragallery1276\" title=\"537\" data-envira-caption=\"537\" data-envira-retina=\"\" data-thumbnail=\"\"  itemprop=\"contentUrl\"><img decoding=\"async\" id=\"envira-gallery-image-1267\" class=\"envira-gallery-image envira-gallery-image-8 envira-normal envira-lazy\" data-envira-index=\"8\" src=\"https:\/\/bursacephe.com\/wp-content\/uploads\/2023\/10\/537.jpg\" data-envira-src=\"https:\/\/bursacephe.com\/wp-content\/uploads\/2023\/10\/537.jpg\" data-envira-gallery-id=\"1276\" data-envira-item-id=\"1267\" data-envira-caption=\"537\" alt=\"\" title=\"537\"  itemprop=\"thumbnailUrl\" data-envira-srcset=\"https:\/\/bursacephe.com\/wp-content\/uploads\/2023\/10\/537.jpg 400w,https:\/\/bursacephe.com\/wp-content\/uploads\/2023\/10\/537.jpg 2x\" data-envira-width=\"300\" data-envira-height=\"157\" srcset=\"data:image\/gif;base64,R0lGODlhAQABAIAAAP\/\/\/\/\/\/\/yH5BAEKAAEALAAAAAABAAEAAAICTAEAOw==\" data-safe-src=\"data:image\/gif;base64,R0lGODlhAQABAIAAAP\/\/\/\/\/\/\/yH5BAEKAAEALAAAAAABAAEAAAICTAEAOw==\" \/><\/a><\/div><\/div><div id=\"envira-gallery-item-1266\" class=\"envira-gallery-item enviratope-item envira-gallery-item-9 envira-lazy-load\" style=\"padding-left: 5px; padding-bottom: 10px; padding-right: 5px;\"  itemscope itemtype=\"https:\/\/schema.org\/ImageObject\"><div class=\"envira-gallery-item-inner\"><div class=\"envira-gallery-position-overlay  envira-gallery-top-left\"><\/div><div class=\"envira-gallery-position-overlay  envira-gallery-top-right\"><\/div><div class=\"envira-gallery-position-overlay  envira-gallery-bottom-left\"><\/div><div class=\"envira-gallery-position-overlay  envira-gallery-bottom-right\"><\/div><a href=\"https:\/\/bursacephe.com\/web\/wp-content\/uploads\/2023\/10\/536.jpg\" class=\"envira-gallery-1276 envira-gallery-link\" rel=\"enviragallery1276\" title=\"536\" data-envira-caption=\"536\" data-envira-retina=\"\" data-thumbnail=\"\"  itemprop=\"contentUrl\"><img decoding=\"async\" id=\"envira-gallery-image-1266\" class=\"envira-gallery-image envira-gallery-image-9 envira-normal envira-lazy\" data-envira-index=\"9\" src=\"https:\/\/bursacephe.com\/wp-content\/uploads\/2023\/10\/536.jpg\" data-envira-src=\"https:\/\/bursacephe.com\/wp-content\/uploads\/2023\/10\/536.jpg\" data-envira-gallery-id=\"1276\" data-envira-item-id=\"1266\" data-envira-caption=\"536\" alt=\"\" title=\"536\"  itemprop=\"thumbnailUrl\" data-envira-srcset=\"https:\/\/bursacephe.com\/wp-content\/uploads\/2023\/10\/536.jpg 400w,https:\/\/bursacephe.com\/wp-content\/uploads\/2023\/10\/536.jpg 2x\" data-envira-width=\"300\" data-envira-height=\"226\" srcset=\"data:image\/gif;base64,R0lGODlhAQABAIAAAP\/\/\/\/\/\/\/yH5BAEKAAEALAAAAAABAAEAAAICTAEAOw==\" data-safe-src=\"data:image\/gif;base64,R0lGODlhAQABAIAAAP\/\/\/\/\/\/\/yH5BAEKAAEALAAAAAABAAEAAAICTAEAOw==\" \/><\/a><\/div><\/div><div id=\"envira-gallery-item-1265\" class=\"envira-gallery-item enviratope-item envira-gallery-item-10 envira-lazy-load\" style=\"padding-left: 5px; padding-bottom: 10px; padding-right: 5px;\"  itemscope itemtype=\"https:\/\/schema.org\/ImageObject\"><div class=\"envira-gallery-item-inner\"><div class=\"envira-gallery-position-overlay  envira-gallery-top-left\"><\/div><div class=\"envira-gallery-position-overlay  envira-gallery-top-right\"><\/div><div class=\"envira-gallery-position-overlay  envira-gallery-bottom-left\"><\/div><div class=\"envira-gallery-position-overlay  envira-gallery-bottom-right\"><\/div><a href=\"https:\/\/bursacephe.com\/web\/wp-content\/uploads\/2023\/10\/535.jpg\" class=\"envira-gallery-1276 envira-gallery-link\" rel=\"enviragallery1276\" title=\"535\" data-envira-caption=\"535\" data-envira-retina=\"\" data-thumbnail=\"\"  itemprop=\"contentUrl\"><img decoding=\"async\" id=\"envira-gallery-image-1265\" class=\"envira-gallery-image envira-gallery-image-10 envira-normal envira-lazy\" data-envira-index=\"10\" src=\"https:\/\/bursacephe.com\/wp-content\/uploads\/2023\/10\/535.jpg\" data-envira-src=\"https:\/\/bursacephe.com\/wp-content\/uploads\/2023\/10\/535.jpg\" data-envira-gallery-id=\"1276\" data-envira-item-id=\"1265\" data-envira-caption=\"535\" alt=\"\" title=\"535\"  itemprop=\"thumbnailUrl\" data-envira-srcset=\"https:\/\/bursacephe.com\/wp-content\/uploads\/2023\/10\/535.jpg 400w,https:\/\/bursacephe.com\/wp-content\/uploads\/2023\/10\/535.jpg 2x\" data-envira-width=\"300\" data-envira-height=\"300\" srcset=\"data:image\/gif;base64,R0lGODlhAQABAIAAAP\/\/\/\/\/\/\/yH5BAEKAAEALAAAAAABAAEAAAICTAEAOw==\" data-safe-src=\"data:image\/gif;base64,R0lGODlhAQABAIAAAP\/\/\/\/\/\/\/yH5BAEKAAEALAAAAAABAAEAAAICTAEAOw==\" \/><\/a><\/div><\/div><div id=\"envira-gallery-item-1264\" class=\"envira-gallery-item enviratope-item envira-gallery-item-11 envira-lazy-load\" style=\"padding-left: 5px; padding-bottom: 10px; padding-right: 5px;\"  itemscope itemtype=\"https:\/\/schema.org\/ImageObject\"><div class=\"envira-gallery-item-inner\"><div class=\"envira-gallery-position-overlay  envira-gallery-top-left\"><\/div><div class=\"envira-gallery-position-overlay  envira-gallery-top-right\"><\/div><div class=\"envira-gallery-position-overlay  envira-gallery-bottom-left\"><\/div><div class=\"envira-gallery-position-overlay  envira-gallery-bottom-right\"><\/div><a href=\"https:\/\/bursacephe.com\/web\/wp-content\/uploads\/2023\/10\/534.jpg\" class=\"envira-gallery-1276 envira-gallery-link\" rel=\"enviragallery1276\" title=\"534\" data-envira-caption=\"534\" data-envira-retina=\"\" data-thumbnail=\"\"  itemprop=\"contentUrl\"><img decoding=\"async\" id=\"envira-gallery-image-1264\" class=\"envira-gallery-image envira-gallery-image-11 envira-normal envira-lazy\" data-envira-index=\"11\" src=\"https:\/\/bursacephe.com\/wp-content\/uploads\/2023\/10\/534.jpg\" data-envira-src=\"https:\/\/bursacephe.com\/wp-content\/uploads\/2023\/10\/534.jpg\" data-envira-gallery-id=\"1276\" data-envira-item-id=\"1264\" data-envira-caption=\"534\" alt=\"\" title=\"534\"  itemprop=\"thumbnailUrl\" data-envira-srcset=\"https:\/\/bursacephe.com\/wp-content\/uploads\/2023\/10\/534.jpg 400w,https:\/\/bursacephe.com\/wp-content\/uploads\/2023\/10\/534.jpg 2x\" data-envira-width=\"300\" data-envira-height=\"225\" srcset=\"data:image\/gif;base64,R0lGODlhAQABAIAAAP\/\/\/\/\/\/\/yH5BAEKAAEALAAAAAABAAEAAAICTAEAOw==\" data-safe-src=\"data:image\/gif;base64,R0lGODlhAQABAIAAAP\/\/\/\/\/\/\/yH5BAEKAAEALAAAAAABAAEAAAICTAEAOw==\" \/><\/a><\/div><\/div><\/div><\/div><noscript><img decoding=\"async\" src=\"https:\/\/bursacephe.com\/wp-content\/uploads\/2023\/10\/03-150948065_2875061312770809_3534055669245329876_n.jpg\" alt=\"\" \/><img decoding=\"async\" src=\"https:\/\/bursacephe.com\/wp-content\/uploads\/2023\/10\/02-152926648_252198399820584_8205568397571088005_n.jpg\" alt=\"\" \/><img decoding=\"async\" src=\"https:\/\/bursacephe.com\/wp-content\/uploads\/2023\/10\/01-155825014_249212723459523_1232909464230882403_n.jpg\" alt=\"\" \/><img decoding=\"async\" src=\"https:\/\/bursacephe.com\/wp-content\/uploads\/2023\/10\/04-154249613_1271179533283545_4274177240008291673_n.jpg\" alt=\"\" \/><img decoding=\"async\" src=\"https:\/\/bursacephe.com\/wp-content\/uploads\/2023\/10\/540.jpg\" alt=\"\" \/><img decoding=\"async\" src=\"https:\/\/bursacephe.com\/wp-content\/uploads\/2023\/10\/539.jpg\" alt=\"\" \/><img decoding=\"async\" src=\"https:\/\/bursacephe.com\/wp-content\/uploads\/2023\/10\/538.jpg\" alt=\"\" \/><img decoding=\"async\" src=\"https:\/\/bursacephe.com\/wp-content\/uploads\/2023\/10\/537.jpg\" alt=\"\" \/><img decoding=\"async\" src=\"https:\/\/bursacephe.com\/wp-content\/uploads\/2023\/10\/536.jpg\" alt=\"\" \/><img decoding=\"async\" src=\"https:\/\/bursacephe.com\/wp-content\/uploads\/2023\/10\/535.jpg\" alt=\"\" \/><img decoding=\"async\" src=\"https:\/\/bursacephe.com\/wp-content\/uploads\/2023\/10\/534.jpg\" alt=\"\" \/><\/noscript>[\/vc_column_text][\/vc_column][\/vc_row][vc_row][vc_column][vc_column_text]Oberlichtanwendungen in modernen Geb\u00e4uden sind eine \u00e4sthetische L\u00f6sung, die das Problem der nat\u00fcrlichen Beleuchtung in Geb\u00e4uden l\u00f6st.<\/p>\n<p>Das System besteht aus verzinkten Stahlkastenprofilen, die entsprechend dem architektonischen Projekt an der Haupttr\u00e4gerstahlkonstruktion befestigt werden, sowie aus vertikalen und horizontalen Oberlichtprofilen aus Aluminium mit daran angeschlossenen Kondensatkan\u00e4len.<\/p>\n<p>Nach der Anbringung des Isolierglases, das entsprechend dem im Projekt geforderten W\u00e4rmed\u00e4mmwert, der Farbe und der Dicke ausgew\u00e4hlt wurde, auf den Aluminiumprofilen in \u00dcbereinstimmung mit den Verkeilungsbedingungen erfolgt die Docht- und Abdeckungsmontage der vertikalen Elemente, und die Montage wird mit der Silikonverklebung und Isolierung der horizontalen Glasfugen abgeschlossen.<\/p>\n<p>Das System wird in Geb\u00e4uden wie Hotels, Krankenh\u00e4usern, Einkaufszentren, Hallenb\u00e4dern und Sporthallen eingesetzt.<\/p>\n<p>Es wurde entwickelt, um durch die Nutzung des nat\u00fcrlichen Lichts helle R\u00e4ume zu schaffen.<br \/>\nEs kann mit und ohne Kondensatkan\u00e4le eingesetzt werden.<br \/>\nEs kann mit horizontaler &#8211; vertikaler Abdeckung oder als horizontales Silikon mit vertikaler Abdeckung angebracht werden.<br \/>\nEs ist so konzipiert, dass es durch gro\u00dfe \u00d6ffnungen passt; es ist ein praktisches System f\u00fcr die Anwendung und Herstellung.<br \/>\nF\u00fcr die Abdeckung der Stahlunterkonstruktionen, die das System tragen, gibt es geeignete Alternativen f\u00fcr die innere Abdeckung.<br \/>\nEs k\u00f6nnen Glas- und Polycarbonatplatten verwendet werden.<br \/>\nEs ist wirtschaftlich und hat eine breite Produktpalette.[\/vc_column_text][\/vc_column][\/vc_row][vc_row][vc_column][vc_video link=&#8220;https:\/\/www.youtube.com\/shorts\/62ypGKDMjTA&#8220;][\/vc_column][\/vc_row]<\/p>","protected":false},"excerpt":{"rendered":"<p>[vc_row][vc_column][vc_column_text][\/vc_column_text][\/vc_column][\/vc_row][vc_row][vc_column][vc_column_text]Oberlichtanwendungen in modernen Geb\u00e4uden sind eine \u00e4sthetische L\u00f6sung, die das Problem der nat\u00fcrlichen Beleuchtung in Geb\u00e4uden l\u00f6st. Das System besteht aus &#8230;<\/p>\n","protected":false},"author":1,"featured_media":1275,"parent":924,"menu_order":0,"comment_status":"closed","ping_status":"closed","template":"","meta":{"footnotes":""},"_links":{"self":[{"href":"https:\/\/bursacephe.com\/de\/wp-json\/wp\/v2\/pages\/1178"}],"collection":[{"href":"https:\/\/bursacephe.com\/de\/wp-json\/wp\/v2\/pages"}],"about":[{"href":"https:\/\/bursacephe.com\/de\/wp-json\/wp\/v2\/types\/page"}],"author":[{"embeddable":true,"href":"https:\/\/bursacephe.com\/de\/wp-json\/wp\/v2\/users\/1"}],"replies":[{"embeddable":true,"href":"https:\/\/bursacephe.com\/de\/wp-json\/wp\/v2\/comments?post=1178"}],"version-history":[{"count":7,"href":"https:\/\/bursacephe.com\/de\/wp-json\/wp\/v2\/pages\/1178\/revisions"}],"predecessor-version":[{"id":1900,"href":"https:\/\/bursacephe.com\/de\/wp-json\/wp\/v2\/pages\/1178\/revisions\/1900"}],"up":[{"embeddable":true,"href":"https:\/\/bursacephe.com\/de\/wp-json\/wp\/v2\/pages\/924"}],"wp:featuredmedia":[{"embeddable":true,"href":"https:\/\/bursacephe.com\/de\/wp-json\/wp\/v2\/media\/1275"}],"wp:attachment":[{"href":"https:\/\/bursacephe.com\/de\/wp-json\/wp\/v2\/media?parent=1178"}],"curies":[{"name":"wp","href":"https:\/\/api.w.org\/{rel}","templated":true}]}}