{"id":1193,"date":"2023-10-14T00:24:54","date_gmt":"2023-10-13T21:24:54","guid":{"rendered":"https:\/\/bursacephe.com\/web\/?page_id=1193"},"modified":"2025-04-23T21:51:37","modified_gmt":"2025-04-23T18:51:37","slug":"kompakt-laminat-cephe","status":"publish","type":"page","link":"https:\/\/bursacephe.com\/de\/sistemler\/kompakt-laminat-cephe\/","title":{"rendered":"Kompakt-Laminat-Fassade"},"content":{"rendered":"<p>[vc_row][vc_column][vc_column_text]<div id=\"envira-gallery-wrap-1198\" class=\"envira-gallery-wrap envira-gallery-theme-base envira-lightbox-theme-base\" itemscope itemtype=\"https:\/\/schema.org\/ImageGallery\"><div data-row-height=\"150\" data-gallery-theme=\"normal\" id=\"envira-gallery-1198\" class=\"envira-gallery-public envira-gallery-justified-public envira-gallery-0-columns envira-clear enviratope envira-gallery-css-animations\" data-envira-columns=\"0\"><div id=\"envira-gallery-item-1199\" class=\"envira-gallery-item enviratope-item envira-gallery-item-1 envira-lazy-load\" style=\"padding-left: 5px; padding-bottom: 10px; padding-right: 5px;\"  itemscope itemtype=\"https:\/\/schema.org\/ImageObject\"><div class=\"envira-gallery-item-inner\"><div class=\"envira-gallery-position-overlay  envira-gallery-top-left\"><\/div><div class=\"envira-gallery-position-overlay  envira-gallery-top-right\"><\/div><div class=\"envira-gallery-position-overlay  envira-gallery-bottom-left\"><\/div><div class=\"envira-gallery-position-overlay  envira-gallery-bottom-right\"><\/div><a href=\"https:\/\/bursacephe.com\/web\/wp-content\/uploads\/2023\/10\/490.jpg\" class=\"envira-gallery-1198 envira-gallery-link\" rel=\"enviragallery1198\" title=\"490\" data-envira-caption=\"490\" data-envira-retina=\"\" data-thumbnail=\"\"  itemprop=\"contentUrl\"><img decoding=\"async\" id=\"envira-gallery-image-1199\" class=\"envira-gallery-image envira-gallery-image-1 envira-normal envira-lazy\" data-envira-index=\"1\" src=\"https:\/\/bursacephe.com\/wp-content\/uploads\/2023\/10\/490.jpg\" data-envira-src=\"https:\/\/bursacephe.com\/wp-content\/uploads\/2023\/10\/490.jpg\" data-envira-gallery-id=\"1198\" data-envira-item-id=\"1199\" data-envira-caption=\"490\" alt=\"\" title=\"490\"  itemprop=\"thumbnailUrl\" data-envira-srcset=\"https:\/\/bursacephe.com\/wp-content\/uploads\/2023\/10\/490.jpg 400w,https:\/\/bursacephe.com\/wp-content\/uploads\/2023\/10\/490.jpg 2x\" data-envira-width=\"300\" data-envira-height=\"300\" srcset=\"data:image\/gif;base64,R0lGODlhAQABAIAAAP\/\/\/\/\/\/\/yH5BAEKAAEALAAAAAABAAEAAAICTAEAOw==\" data-safe-src=\"data:image\/gif;base64,R0lGODlhAQABAIAAAP\/\/\/\/\/\/\/yH5BAEKAAEALAAAAAABAAEAAAICTAEAOw==\" \/><\/a><\/div><\/div><div id=\"envira-gallery-item-1200\" class=\"envira-gallery-item enviratope-item envira-gallery-item-2 envira-lazy-load\" style=\"padding-left: 5px; padding-bottom: 10px; padding-right: 5px;\"  itemscope itemtype=\"https:\/\/schema.org\/ImageObject\"><div class=\"envira-gallery-item-inner\"><div class=\"envira-gallery-position-overlay  envira-gallery-top-left\"><\/div><div class=\"envira-gallery-position-overlay  envira-gallery-top-right\"><\/div><div class=\"envira-gallery-position-overlay  envira-gallery-bottom-left\"><\/div><div class=\"envira-gallery-position-overlay  envira-gallery-bottom-right\"><\/div><a href=\"https:\/\/bursacephe.com\/web\/wp-content\/uploads\/2023\/10\/491.jpg\" class=\"envira-gallery-1198 envira-gallery-link\" rel=\"enviragallery1198\" title=\"491\" data-envira-caption=\"491\" data-envira-retina=\"\" data-thumbnail=\"\"  itemprop=\"contentUrl\"><img decoding=\"async\" id=\"envira-gallery-image-1200\" class=\"envira-gallery-image envira-gallery-image-2 envira-normal envira-lazy\" data-envira-index=\"2\" src=\"https:\/\/bursacephe.com\/wp-content\/uploads\/2023\/10\/491.jpg\" data-envira-src=\"https:\/\/bursacephe.com\/wp-content\/uploads\/2023\/10\/491.jpg\" data-envira-gallery-id=\"1198\" data-envira-item-id=\"1200\" data-envira-caption=\"491\" alt=\"\" title=\"491\"  itemprop=\"thumbnailUrl\" data-envira-srcset=\"https:\/\/bursacephe.com\/wp-content\/uploads\/2023\/10\/491.jpg 400w,https:\/\/bursacephe.com\/wp-content\/uploads\/2023\/10\/491.jpg 2x\" data-envira-width=\"300\" data-envira-height=\"225\" srcset=\"data:image\/gif;base64,R0lGODlhAQABAIAAAP\/\/\/\/\/\/\/yH5BAEKAAEALAAAAAABAAEAAAICTAEAOw==\" data-safe-src=\"data:image\/gif;base64,R0lGODlhAQABAIAAAP\/\/\/\/\/\/\/yH5BAEKAAEALAAAAAABAAEAAAICTAEAOw==\" \/><\/a><\/div><\/div><div id=\"envira-gallery-item-1201\" class=\"envira-gallery-item enviratope-item envira-gallery-item-3 envira-lazy-load\" style=\"padding-left: 5px; padding-bottom: 10px; padding-right: 5px;\"  itemscope itemtype=\"https:\/\/schema.org\/ImageObject\"><div class=\"envira-gallery-item-inner\"><div class=\"envira-gallery-position-overlay  envira-gallery-top-left\"><\/div><div class=\"envira-gallery-position-overlay  envira-gallery-top-right\"><\/div><div class=\"envira-gallery-position-overlay  envira-gallery-bottom-left\"><\/div><div class=\"envira-gallery-position-overlay  envira-gallery-bottom-right\"><\/div><a href=\"https:\/\/bursacephe.com\/web\/wp-content\/uploads\/2023\/10\/492.jpg\" class=\"envira-gallery-1198 envira-gallery-link\" rel=\"enviragallery1198\" title=\"492\" data-envira-caption=\"492\" data-envira-retina=\"\" data-thumbnail=\"\"  itemprop=\"contentUrl\"><img decoding=\"async\" id=\"envira-gallery-image-1201\" class=\"envira-gallery-image envira-gallery-image-3 envira-normal envira-lazy\" data-envira-index=\"3\" src=\"https:\/\/bursacephe.com\/wp-content\/uploads\/2023\/10\/492.jpg\" data-envira-src=\"https:\/\/bursacephe.com\/wp-content\/uploads\/2023\/10\/492.jpg\" data-envira-gallery-id=\"1198\" data-envira-item-id=\"1201\" data-envira-caption=\"492\" alt=\"\" title=\"492\"  itemprop=\"thumbnailUrl\" data-envira-srcset=\"https:\/\/bursacephe.com\/wp-content\/uploads\/2023\/10\/492.jpg 400w,https:\/\/bursacephe.com\/wp-content\/uploads\/2023\/10\/492.jpg 2x\" data-envira-width=\"300\" data-envira-height=\"200\" srcset=\"data:image\/gif;base64,R0lGODlhAQABAIAAAP\/\/\/\/\/\/\/yH5BAEKAAEALAAAAAABAAEAAAICTAEAOw==\" data-safe-src=\"data:image\/gif;base64,R0lGODlhAQABAIAAAP\/\/\/\/\/\/\/yH5BAEKAAEALAAAAAABAAEAAAICTAEAOw==\" \/><\/a><\/div><\/div><div id=\"envira-gallery-item-1202\" class=\"envira-gallery-item enviratope-item envira-gallery-item-4 envira-lazy-load\" style=\"padding-left: 5px; padding-bottom: 10px; padding-right: 5px;\"  itemscope itemtype=\"https:\/\/schema.org\/ImageObject\"><div class=\"envira-gallery-item-inner\"><div class=\"envira-gallery-position-overlay  envira-gallery-top-left\"><\/div><div class=\"envira-gallery-position-overlay  envira-gallery-top-right\"><\/div><div class=\"envira-gallery-position-overlay  envira-gallery-bottom-left\"><\/div><div class=\"envira-gallery-position-overlay  envira-gallery-bottom-right\"><\/div><a href=\"https:\/\/bursacephe.com\/web\/wp-content\/uploads\/2023\/10\/493.jpg\" class=\"envira-gallery-1198 envira-gallery-link\" rel=\"enviragallery1198\" title=\"493\" data-envira-caption=\"493\" data-envira-retina=\"\" data-thumbnail=\"\"  itemprop=\"contentUrl\"><img decoding=\"async\" id=\"envira-gallery-image-1202\" class=\"envira-gallery-image envira-gallery-image-4 envira-normal envira-lazy\" data-envira-index=\"4\" src=\"https:\/\/bursacephe.com\/wp-content\/uploads\/2023\/10\/493.jpg\" data-envira-src=\"https:\/\/bursacephe.com\/wp-content\/uploads\/2023\/10\/493.jpg\" data-envira-gallery-id=\"1198\" data-envira-item-id=\"1202\" data-envira-caption=\"493\" alt=\"\" title=\"493\"  itemprop=\"thumbnailUrl\" data-envira-srcset=\"https:\/\/bursacephe.com\/wp-content\/uploads\/2023\/10\/493.jpg 400w,https:\/\/bursacephe.com\/wp-content\/uploads\/2023\/10\/493.jpg 2x\" data-envira-width=\"300\" data-envira-height=\"236\" srcset=\"data:image\/gif;base64,R0lGODlhAQABAIAAAP\/\/\/\/\/\/\/yH5BAEKAAEALAAAAAABAAEAAAICTAEAOw==\" data-safe-src=\"data:image\/gif;base64,R0lGODlhAQABAIAAAP\/\/\/\/\/\/\/yH5BAEKAAEALAAAAAABAAEAAAICTAEAOw==\" \/><\/a><\/div><\/div><div id=\"envira-gallery-item-1203\" class=\"envira-gallery-item enviratope-item envira-gallery-item-5 envira-lazy-load\" style=\"padding-left: 5px; padding-bottom: 10px; padding-right: 5px;\"  itemscope itemtype=\"https:\/\/schema.org\/ImageObject\"><div class=\"envira-gallery-item-inner\"><div class=\"envira-gallery-position-overlay  envira-gallery-top-left\"><\/div><div class=\"envira-gallery-position-overlay  envira-gallery-top-right\"><\/div><div class=\"envira-gallery-position-overlay  envira-gallery-bottom-left\"><\/div><div class=\"envira-gallery-position-overlay  envira-gallery-bottom-right\"><\/div><a href=\"https:\/\/bursacephe.com\/web\/wp-content\/uploads\/2023\/10\/494.jpg\" class=\"envira-gallery-1198 envira-gallery-link\" rel=\"enviragallery1198\" title=\"494\" data-envira-caption=\"494\" data-envira-retina=\"\" data-thumbnail=\"\"  itemprop=\"contentUrl\"><img decoding=\"async\" id=\"envira-gallery-image-1203\" class=\"envira-gallery-image envira-gallery-image-5 envira-normal envira-lazy\" data-envira-index=\"5\" src=\"https:\/\/bursacephe.com\/wp-content\/uploads\/2023\/10\/494.jpg\" data-envira-src=\"https:\/\/bursacephe.com\/wp-content\/uploads\/2023\/10\/494.jpg\" data-envira-gallery-id=\"1198\" data-envira-item-id=\"1203\" data-envira-caption=\"494\" alt=\"\" title=\"494\"  itemprop=\"thumbnailUrl\" data-envira-srcset=\"https:\/\/bursacephe.com\/wp-content\/uploads\/2023\/10\/494.jpg 400w,https:\/\/bursacephe.com\/wp-content\/uploads\/2023\/10\/494.jpg 2x\" data-envira-width=\"300\" data-envira-height=\"225\" srcset=\"data:image\/gif;base64,R0lGODlhAQABAIAAAP\/\/\/\/\/\/\/yH5BAEKAAEALAAAAAABAAEAAAICTAEAOw==\" data-safe-src=\"data:image\/gif;base64,R0lGODlhAQABAIAAAP\/\/\/\/\/\/\/yH5BAEKAAEALAAAAAABAAEAAAICTAEAOw==\" \/><\/a><\/div><\/div><div id=\"envira-gallery-item-1204\" class=\"envira-gallery-item enviratope-item envira-gallery-item-6 envira-lazy-load\" style=\"padding-left: 5px; padding-bottom: 10px; padding-right: 5px;\"  itemscope itemtype=\"https:\/\/schema.org\/ImageObject\"><div class=\"envira-gallery-item-inner\"><div class=\"envira-gallery-position-overlay  envira-gallery-top-left\"><\/div><div class=\"envira-gallery-position-overlay  envira-gallery-top-right\"><\/div><div class=\"envira-gallery-position-overlay  envira-gallery-bottom-left\"><\/div><div class=\"envira-gallery-position-overlay  envira-gallery-bottom-right\"><\/div><a href=\"https:\/\/bursacephe.com\/web\/wp-content\/uploads\/2023\/10\/495.jpg\" class=\"envira-gallery-1198 envira-gallery-link\" rel=\"enviragallery1198\" title=\"495\" data-envira-caption=\"495\" data-envira-retina=\"\" data-thumbnail=\"\"  itemprop=\"contentUrl\"><img decoding=\"async\" id=\"envira-gallery-image-1204\" class=\"envira-gallery-image envira-gallery-image-6 envira-normal envira-lazy\" data-envira-index=\"6\" src=\"https:\/\/bursacephe.com\/wp-content\/uploads\/2023\/10\/495.jpg\" data-envira-src=\"https:\/\/bursacephe.com\/wp-content\/uploads\/2023\/10\/495.jpg\" data-envira-gallery-id=\"1198\" data-envira-item-id=\"1204\" data-envira-caption=\"495\" alt=\"\" title=\"495\"  itemprop=\"thumbnailUrl\" data-envira-srcset=\"https:\/\/bursacephe.com\/wp-content\/uploads\/2023\/10\/495.jpg 400w,https:\/\/bursacephe.com\/wp-content\/uploads\/2023\/10\/495.jpg 2x\" data-envira-width=\"300\" data-envira-height=\"143\" srcset=\"data:image\/gif;base64,R0lGODlhAQABAIAAAP\/\/\/\/\/\/\/yH5BAEKAAEALAAAAAABAAEAAAICTAEAOw==\" data-safe-src=\"data:image\/gif;base64,R0lGODlhAQABAIAAAP\/\/\/\/\/\/\/yH5BAEKAAEALAAAAAABAAEAAAICTAEAOw==\" \/><\/a><\/div><\/div><div id=\"envira-gallery-item-1205\" class=\"envira-gallery-item enviratope-item envira-gallery-item-7 envira-lazy-load\" style=\"padding-left: 5px; padding-bottom: 10px; padding-right: 5px;\"  itemscope itemtype=\"https:\/\/schema.org\/ImageObject\"><div class=\"envira-gallery-item-inner\"><div class=\"envira-gallery-position-overlay  envira-gallery-top-left\"><\/div><div class=\"envira-gallery-position-overlay  envira-gallery-top-right\"><\/div><div class=\"envira-gallery-position-overlay  envira-gallery-bottom-left\"><\/div><div class=\"envira-gallery-position-overlay  envira-gallery-bottom-right\"><\/div><a href=\"https:\/\/bursacephe.com\/web\/wp-content\/uploads\/2023\/10\/496.jpg\" class=\"envira-gallery-1198 envira-gallery-link\" rel=\"enviragallery1198\" title=\"496\" data-envira-caption=\"496\" data-envira-retina=\"\" data-thumbnail=\"\"  itemprop=\"contentUrl\"><img decoding=\"async\" id=\"envira-gallery-image-1205\" class=\"envira-gallery-image envira-gallery-image-7 envira-normal envira-lazy\" data-envira-index=\"7\" src=\"https:\/\/bursacephe.com\/wp-content\/uploads\/2023\/10\/496.jpg\" data-envira-src=\"https:\/\/bursacephe.com\/wp-content\/uploads\/2023\/10\/496.jpg\" data-envira-gallery-id=\"1198\" data-envira-item-id=\"1205\" data-envira-caption=\"496\" alt=\"\" title=\"496\"  itemprop=\"thumbnailUrl\" data-envira-srcset=\"https:\/\/bursacephe.com\/wp-content\/uploads\/2023\/10\/496.jpg 400w,https:\/\/bursacephe.com\/wp-content\/uploads\/2023\/10\/496.jpg 2x\" data-envira-width=\"300\" data-envira-height=\"225\" srcset=\"data:image\/gif;base64,R0lGODlhAQABAIAAAP\/\/\/\/\/\/\/yH5BAEKAAEALAAAAAABAAEAAAICTAEAOw==\" data-safe-src=\"data:image\/gif;base64,R0lGODlhAQABAIAAAP\/\/\/\/\/\/\/yH5BAEKAAEALAAAAAABAAEAAAICTAEAOw==\" \/><\/a><\/div><\/div><div id=\"envira-gallery-item-1206\" class=\"envira-gallery-item enviratope-item envira-gallery-item-8 envira-lazy-load\" style=\"padding-left: 5px; padding-bottom: 10px; padding-right: 5px;\"  itemscope itemtype=\"https:\/\/schema.org\/ImageObject\"><div class=\"envira-gallery-item-inner\"><div class=\"envira-gallery-position-overlay  envira-gallery-top-left\"><\/div><div class=\"envira-gallery-position-overlay  envira-gallery-top-right\"><\/div><div class=\"envira-gallery-position-overlay  envira-gallery-bottom-left\"><\/div><div class=\"envira-gallery-position-overlay  envira-gallery-bottom-right\"><\/div><a href=\"https:\/\/bursacephe.com\/web\/wp-content\/uploads\/2023\/10\/497.jpg\" class=\"envira-gallery-1198 envira-gallery-link\" rel=\"enviragallery1198\" title=\"497\" data-envira-caption=\"497\" data-envira-retina=\"\" data-thumbnail=\"\"  itemprop=\"contentUrl\"><img decoding=\"async\" id=\"envira-gallery-image-1206\" class=\"envira-gallery-image envira-gallery-image-8 envira-normal envira-lazy\" data-envira-index=\"8\" src=\"https:\/\/bursacephe.com\/wp-content\/uploads\/2023\/10\/497-716x1024.jpg\" data-envira-src=\"https:\/\/bursacephe.com\/wp-content\/uploads\/2023\/10\/497-716x1024.jpg\" data-envira-gallery-id=\"1198\" data-envira-item-id=\"1206\" data-envira-caption=\"497\" alt=\"\" title=\"497\"  itemprop=\"thumbnailUrl\" data-envira-srcset=\"https:\/\/bursacephe.com\/wp-content\/uploads\/2023\/10\/497-716x1024.jpg 400w,https:\/\/bursacephe.com\/wp-content\/uploads\/2023\/10\/497-716x1024.jpg 2x\" data-envira-width=\"210\" data-envira-height=\"300\" srcset=\"data:image\/gif;base64,R0lGODlhAQABAIAAAP\/\/\/\/\/\/\/yH5BAEKAAEALAAAAAABAAEAAAICTAEAOw==\" data-safe-src=\"data:image\/gif;base64,R0lGODlhAQABAIAAAP\/\/\/\/\/\/\/yH5BAEKAAEALAAAAAABAAEAAAICTAEAOw==\" \/><\/a><\/div><\/div><div id=\"envira-gallery-item-1207\" class=\"envira-gallery-item enviratope-item envira-gallery-item-9 envira-lazy-load\" style=\"padding-left: 5px; padding-bottom: 10px; padding-right: 5px;\"  itemscope itemtype=\"https:\/\/schema.org\/ImageObject\"><div class=\"envira-gallery-item-inner\"><div class=\"envira-gallery-position-overlay  envira-gallery-top-left\"><\/div><div class=\"envira-gallery-position-overlay  envira-gallery-top-right\"><\/div><div class=\"envira-gallery-position-overlay  envira-gallery-bottom-left\"><\/div><div class=\"envira-gallery-position-overlay  envira-gallery-bottom-right\"><\/div><a href=\"https:\/\/bursacephe.com\/web\/wp-content\/uploads\/2023\/10\/498.jpg\" class=\"envira-gallery-1198 envira-gallery-link\" rel=\"enviragallery1198\" title=\"498\" data-envira-caption=\"498\" data-envira-retina=\"\" data-thumbnail=\"\"  itemprop=\"contentUrl\"><img decoding=\"async\" id=\"envira-gallery-image-1207\" class=\"envira-gallery-image envira-gallery-image-9 envira-normal envira-lazy\" data-envira-index=\"9\" src=\"https:\/\/bursacephe.com\/wp-content\/uploads\/2023\/10\/498.jpg\" data-envira-src=\"https:\/\/bursacephe.com\/wp-content\/uploads\/2023\/10\/498.jpg\" data-envira-gallery-id=\"1198\" data-envira-item-id=\"1207\" data-envira-caption=\"498\" alt=\"\" title=\"498\"  itemprop=\"thumbnailUrl\" data-envira-srcset=\"https:\/\/bursacephe.com\/wp-content\/uploads\/2023\/10\/498.jpg 400w,https:\/\/bursacephe.com\/wp-content\/uploads\/2023\/10\/498.jpg 2x\" data-envira-width=\"300\" data-envira-height=\"242\" srcset=\"data:image\/gif;base64,R0lGODlhAQABAIAAAP\/\/\/\/\/\/\/yH5BAEKAAEALAAAAAABAAEAAAICTAEAOw==\" data-safe-src=\"data:image\/gif;base64,R0lGODlhAQABAIAAAP\/\/\/\/\/\/\/yH5BAEKAAEALAAAAAABAAEAAAICTAEAOw==\" \/><\/a><\/div><\/div><div id=\"envira-gallery-item-1208\" class=\"envira-gallery-item enviratope-item envira-gallery-item-10 envira-lazy-load\" style=\"padding-left: 5px; padding-bottom: 10px; padding-right: 5px;\"  itemscope itemtype=\"https:\/\/schema.org\/ImageObject\"><div class=\"envira-gallery-item-inner\"><div class=\"envira-gallery-position-overlay  envira-gallery-top-left\"><\/div><div class=\"envira-gallery-position-overlay  envira-gallery-top-right\"><\/div><div class=\"envira-gallery-position-overlay  envira-gallery-bottom-left\"><\/div><div class=\"envira-gallery-position-overlay  envira-gallery-bottom-right\"><\/div><a href=\"https:\/\/bursacephe.com\/web\/wp-content\/uploads\/2023\/10\/499.jpg\" class=\"envira-gallery-1198 envira-gallery-link\" rel=\"enviragallery1198\" title=\"499\" data-envira-caption=\"499\" data-envira-retina=\"\" data-thumbnail=\"\"  itemprop=\"contentUrl\"><img decoding=\"async\" id=\"envira-gallery-image-1208\" class=\"envira-gallery-image envira-gallery-image-10 envira-normal envira-lazy\" data-envira-index=\"10\" src=\"https:\/\/bursacephe.com\/wp-content\/uploads\/2023\/10\/499.jpg\" data-envira-src=\"https:\/\/bursacephe.com\/wp-content\/uploads\/2023\/10\/499.jpg\" data-envira-gallery-id=\"1198\" data-envira-item-id=\"1208\" data-envira-caption=\"499\" alt=\"\" title=\"499\"  itemprop=\"thumbnailUrl\" data-envira-srcset=\"https:\/\/bursacephe.com\/wp-content\/uploads\/2023\/10\/499.jpg 400w,https:\/\/bursacephe.com\/wp-content\/uploads\/2023\/10\/499.jpg 2x\" data-envira-width=\"300\" data-envira-height=\"232\" srcset=\"data:image\/gif;base64,R0lGODlhAQABAIAAAP\/\/\/\/\/\/\/yH5BAEKAAEALAAAAAABAAEAAAICTAEAOw==\" data-safe-src=\"data:image\/gif;base64,R0lGODlhAQABAIAAAP\/\/\/\/\/\/\/yH5BAEKAAEALAAAAAABAAEAAAICTAEAOw==\" \/><\/a><\/div><\/div><\/div><\/div><noscript><img decoding=\"async\" src=\"https:\/\/bursacephe.com\/wp-content\/uploads\/2023\/10\/490.jpg\" alt=\"\" \/><img decoding=\"async\" src=\"https:\/\/bursacephe.com\/wp-content\/uploads\/2023\/10\/491.jpg\" alt=\"\" \/><img decoding=\"async\" src=\"https:\/\/bursacephe.com\/wp-content\/uploads\/2023\/10\/492.jpg\" alt=\"\" \/><img decoding=\"async\" src=\"https:\/\/bursacephe.com\/wp-content\/uploads\/2023\/10\/493.jpg\" alt=\"\" \/><img decoding=\"async\" src=\"https:\/\/bursacephe.com\/wp-content\/uploads\/2023\/10\/494.jpg\" alt=\"\" \/><img decoding=\"async\" src=\"https:\/\/bursacephe.com\/wp-content\/uploads\/2023\/10\/495.jpg\" alt=\"\" \/><img decoding=\"async\" src=\"https:\/\/bursacephe.com\/wp-content\/uploads\/2023\/10\/496.jpg\" alt=\"\" \/><img decoding=\"async\" src=\"https:\/\/bursacephe.com\/wp-content\/uploads\/2023\/10\/497.jpg\" alt=\"\" \/><img decoding=\"async\" src=\"https:\/\/bursacephe.com\/wp-content\/uploads\/2023\/10\/498.jpg\" alt=\"\" \/><img decoding=\"async\" src=\"https:\/\/bursacephe.com\/wp-content\/uploads\/2023\/10\/499.jpg\" alt=\"\" \/><\/noscript>[\/vc_column_text][\/vc_column][\/vc_row][vc_row][vc_column][vc_column_text]Bei diesem System werden Compact-Laminat-Platten auf die Tr\u00e4ger-Unterkonstruktion, bestehend aus Aluminiumankern und vertikalen Aluminium-T-Profilen, durch Verklebung mit einem speziellen Polyurethan-Klebstoff und doppelseitigem Klebeband aufgebracht. Dieses System wird wegen seiner wirtschaftlichen und schnellen Verlegung bevorzugt. Offene Fugen k\u00f6nnen belassen werden oder die Fugen k\u00f6nnen mit Aluminium-Fugenprofilen geschlossen werden.<\/p>\n<p>Kompaktlaminatplatten (Massivlaminat), die homogene Fassadenverkleidungsplatten sind, werden durch eine Dekorschicht auf UV-Melaminbasis auf der Vorder- und R\u00fcckseite vieler mit w\u00e4rmeh\u00e4rtendem Harz impr\u00e4gnierter Kraftschichten gebildet, nachdem sie in Mehrschichtpressen 60-90 Minuten lang unter hoher Temperatur (170\u00b0C) und hohem Druck (100-120 bar kg\/cm2) gepresst wurden.<\/p>\n<p>Kompaktlaminat ist ein viel st\u00e4rkeres Material als Aluminiumfassadenplatten. Es hat eine hohe Sto\u00dffestigkeit, es besteht keine Gefahr von Kratzern und Br\u00fcchen. Es kann seine Farbe und Form sehr lange beibehalten.<\/p>\n<p>Wasserbest\u00e4ndigkeit<br \/>\nKompaktlaminat-Fassadenverkleidungen sind sehr wasserbest\u00e4ndig. Ob Sonne, Regen (saurer Regen gemischt mit Regen) oder feuchte Umgebungen, es kann absolut keinen Einfluss auf die Oberfl\u00e4che oder den Inhalt der Platte haben. UV-Best\u00e4ndigkeits- und Farbechtheitsmessungen, die nach der Norm ISO 105 A02 an vertikal angebrachten dekorativen Oberfl\u00e4chenplatten durchgef\u00fchrt wurden, haben mit 4-5 Punkten die h\u00f6chste Einstufung ergeben. Dies gew\u00e4hrleistet eine Farbechtheit von mindestens 10 Jahren, selbst unter h\u00e4rtesten klimatischen Bedingungen oder in schwerer Industrieumgebung.<\/p>\n<p>Leichte Reinigung<br \/>\nDie glatte und lochfreie Oberfl\u00e4chenstruktur l\u00e4sst keinen Schmutz an der Oberfl\u00e4che haften und ist absolut unempfindlich gegen\u00fcber Reinigungsmitteln mit hochl\u00f6slichen Chemikalien.<\/p>\n<p>Langlebigkeit<br \/>\nEs handelt sich um ein Produkt mit hoher Sto\u00dffestigkeit dank seiner Elastizit\u00e4t, hohen Zug- und Biegefestigkeit. Die homogene Struktur und Dichte des Inhalts sorgen f\u00fcr eine hohe Zugfestigkeit der Plattenbefestigungselemente. Im Vergleich zu anderen kompakten Produkten ist Trespa aufgrund seiner Formstabilit\u00e4t und leichten Verarbeitbarkeit vorzuziehen. Es wird durch Feuchtigkeit nicht beeintr\u00e4chtigt und ist je nach Witterungsbedingungen inert gegen\u00fcber Schimmel oder F\u00e4ulnis.<\/p>\n<p>Brandverhalten<br \/>\nW\u00e4hrend eines Brandes schmilzt, tropft oder explodiert es nicht. Es beh\u00e4lt seinen aktuellen Zustand so lange wie m\u00f6glich bei. Zugelassene Pr\u00fcforganisationen auf der ganzen Welt haben best\u00e4tigt, dass die Platten mit Feuerwiderstandsklasse (FR) in den am besten geeigneten Brandklassen liegen.<\/p>\n<p>Das Unternehmen ist einer der ersten Hersteller, der von Lloyd Register nach ISO 14001 zertifiziert wurde.<br \/>\nDie in der Trespa-Anwendung vorgeschlagenen Befestigungssysteme sind von f\u00fchrenden internationalen Zertifizierungsinstituten zertifiziert worden. Die Zertifikate wurden von Organisationen wie BBA KOMO, DIBt, BUtgb, CSTB, Torroja und UL anerkannt.<\/p>\n<p>Vollst\u00e4ndig konform mit den Anforderungen der EU-Norm.<br \/>\nDank der hohen Qualit\u00e4t und der langj\u00e4hrigen Erfahrung sind Trespa-Platten langlebig und haben eine 10-Jahres-Garantie gegen Ausbleichen. Es gibt auch Pr\u00fcfberichte, die zeigen, dass es bis zu 30 Jahre lang haltbar ist.[\/vc_column_text][vc_column_text]<img decoding=\"async\" class=\"aligncenter wp-image-1325 size-full\" src=\"https:\/\/bursacephe.com\/web\/wp-content\/uploads\/2023\/10\/811.jpg\" alt=\"\" width=\"100%\" srcset=\"https:\/\/bursacephe.com\/wp-content\/uploads\/2023\/10\/811.jpg 990w, https:\/\/bursacephe.com\/wp-content\/uploads\/2023\/10\/811-300x225.jpg 300w, https:\/\/bursacephe.com\/wp-content\/uploads\/2023\/10\/811-768x576.jpg 768w\" sizes=\"(max-width: 990px) 100vw, 990px\" \/>[\/vc_column_text][\/vc_column][\/vc_row]<\/p>","protected":false},"excerpt":{"rendered":"<p>[vc_row][vc_column][vc_column_text][\/vc_column_text][\/vc_column][\/vc_row][vc_row][vc_column][vc_column_text]Bei diesem System werden Compact-Laminat-Platten auf die Tr\u00e4ger-Unterkonstruktion, bestehend aus Aluminiumankern und vertikalen Aluminium-T-Profilen, durch Verklebung mit einem speziellen Polyurethan-Klebstoff und &#8230;<\/p>\n","protected":false},"author":1,"featured_media":1210,"parent":924,"menu_order":0,"comment_status":"closed","ping_status":"closed","template":"","meta":{"footnotes":""},"_links":{"self":[{"href":"https:\/\/bursacephe.com\/de\/wp-json\/wp\/v2\/pages\/1193"}],"collection":[{"href":"https:\/\/bursacephe.com\/de\/wp-json\/wp\/v2\/pages"}],"about":[{"href":"https:\/\/bursacephe.com\/de\/wp-json\/wp\/v2\/types\/page"}],"author":[{"embeddable":true,"href":"https:\/\/bursacephe.com\/de\/wp-json\/wp\/v2\/users\/1"}],"replies":[{"embeddable":true,"href":"https:\/\/bursacephe.com\/de\/wp-json\/wp\/v2\/comments?post=1193"}],"version-history":[{"count":8,"href":"https:\/\/bursacephe.com\/de\/wp-json\/wp\/v2\/pages\/1193\/revisions"}],"predecessor-version":[{"id":1897,"href":"https:\/\/bursacephe.com\/de\/wp-json\/wp\/v2\/pages\/1193\/revisions\/1897"}],"up":[{"embeddable":true,"href":"https:\/\/bursacephe.com\/de\/wp-json\/wp\/v2\/pages\/924"}],"wp:featuredmedia":[{"embeddable":true,"href":"https:\/\/bursacephe.com\/de\/wp-json\/wp\/v2\/media\/1210"}],"wp:attachment":[{"href":"https:\/\/bursacephe.com\/de\/wp-json\/wp\/v2\/media?parent=1193"}],"curies":[{"name":"wp","href":"https:\/\/api.w.org\/{rel}","templated":true}]}}