{"id":1229,"date":"2023-10-15T12:40:38","date_gmt":"2023-10-15T09:40:38","guid":{"rendered":"https:\/\/bursacephe.com\/web\/?page_id=1229"},"modified":"2025-04-23T21:46:58","modified_gmt":"2025-04-23T18:46:58","slug":"otomatik-kapi-sistemleri","status":"publish","type":"page","link":"https:\/\/bursacephe.com\/de\/sistemler\/otomatik-kapi-sistemleri\/","title":{"rendered":"Automatische T\u00fcrsysteme"},"content":{"rendered":"<p>[vc_row][vc_column][vc_column_text]<div id=\"envira-gallery-wrap-1234\" class=\"envira-gallery-wrap envira-gallery-theme-base envira-lightbox-theme-base\" itemscope itemtype=\"https:\/\/schema.org\/ImageGallery\"><div data-row-height=\"150\" data-gallery-theme=\"normal\" id=\"envira-gallery-1234\" class=\"envira-gallery-public envira-gallery-justified-public envira-gallery-0-columns envira-clear enviratope envira-gallery-css-animations\" data-envira-columns=\"0\"><div id=\"envira-gallery-item-1231\" class=\"envira-gallery-item enviratope-item envira-gallery-item-1 envira-lazy-load\" style=\"padding-left: 5px; padding-bottom: 10px; padding-right: 5px;\"  itemscope itemtype=\"https:\/\/schema.org\/ImageObject\"><div class=\"envira-gallery-item-inner\"><div class=\"envira-gallery-position-overlay  envira-gallery-top-left\"><\/div><div class=\"envira-gallery-position-overlay  envira-gallery-top-right\"><\/div><div class=\"envira-gallery-position-overlay  envira-gallery-bottom-left\"><\/div><div class=\"envira-gallery-position-overlay  envira-gallery-bottom-right\"><\/div><a href=\"https:\/\/bursacephe.com\/web\/wp-content\/uploads\/2023\/10\/512.jpg\" class=\"envira-gallery-1234 envira-gallery-link\" rel=\"enviragallery1234\" title=\"512\" data-envira-caption=\"512\" data-envira-retina=\"\" data-thumbnail=\"\"  itemprop=\"contentUrl\"><img decoding=\"async\" id=\"envira-gallery-image-1231\" class=\"envira-gallery-image envira-gallery-image-1 envira-normal envira-lazy\" data-envira-index=\"1\" src=\"https:\/\/bursacephe.com\/wp-content\/uploads\/2023\/10\/512.jpg\" data-envira-src=\"https:\/\/bursacephe.com\/wp-content\/uploads\/2023\/10\/512.jpg\" data-envira-gallery-id=\"1234\" data-envira-item-id=\"1231\" data-envira-caption=\"512\" alt=\"\" title=\"512\"  itemprop=\"thumbnailUrl\" data-envira-srcset=\"https:\/\/bursacephe.com\/wp-content\/uploads\/2023\/10\/512.jpg 400w,https:\/\/bursacephe.com\/wp-content\/uploads\/2023\/10\/512.jpg 2x\" data-envira-width=\"300\" data-envira-height=\"198\" srcset=\"data:image\/gif;base64,R0lGODlhAQABAIAAAP\/\/\/\/\/\/\/yH5BAEKAAEALAAAAAABAAEAAAICTAEAOw==\" data-safe-src=\"data:image\/gif;base64,R0lGODlhAQABAIAAAP\/\/\/\/\/\/\/yH5BAEKAAEALAAAAAABAAEAAAICTAEAOw==\" \/><\/a><\/div><\/div><div id=\"envira-gallery-item-1232\" class=\"envira-gallery-item enviratope-item envira-gallery-item-2 envira-lazy-load\" style=\"padding-left: 5px; padding-bottom: 10px; padding-right: 5px;\"  itemscope itemtype=\"https:\/\/schema.org\/ImageObject\"><div class=\"envira-gallery-item-inner\"><div class=\"envira-gallery-position-overlay  envira-gallery-top-left\"><\/div><div class=\"envira-gallery-position-overlay  envira-gallery-top-right\"><\/div><div class=\"envira-gallery-position-overlay  envira-gallery-bottom-left\"><\/div><div class=\"envira-gallery-position-overlay  envira-gallery-bottom-right\"><\/div><a href=\"https:\/\/bursacephe.com\/web\/wp-content\/uploads\/2023\/10\/513.jpg\" class=\"envira-gallery-1234 envira-gallery-link\" rel=\"enviragallery1234\" title=\"513\" data-envira-caption=\"513\" data-envira-retina=\"\" data-thumbnail=\"\"  itemprop=\"contentUrl\"><img decoding=\"async\" id=\"envira-gallery-image-1232\" class=\"envira-gallery-image envira-gallery-image-2 envira-normal envira-lazy\" data-envira-index=\"2\" src=\"https:\/\/bursacephe.com\/wp-content\/uploads\/2023\/10\/513.jpg\" data-envira-src=\"https:\/\/bursacephe.com\/wp-content\/uploads\/2023\/10\/513.jpg\" data-envira-gallery-id=\"1234\" data-envira-item-id=\"1232\" data-envira-caption=\"513\" alt=\"\" title=\"513\"  itemprop=\"thumbnailUrl\" data-envira-srcset=\"https:\/\/bursacephe.com\/wp-content\/uploads\/2023\/10\/513.jpg 400w,https:\/\/bursacephe.com\/wp-content\/uploads\/2023\/10\/513.jpg 2x\" data-envira-width=\"300\" data-envira-height=\"200\" srcset=\"data:image\/gif;base64,R0lGODlhAQABAIAAAP\/\/\/\/\/\/\/yH5BAEKAAEALAAAAAABAAEAAAICTAEAOw==\" data-safe-src=\"data:image\/gif;base64,R0lGODlhAQABAIAAAP\/\/\/\/\/\/\/yH5BAEKAAEALAAAAAABAAEAAAICTAEAOw==\" \/><\/a><\/div><\/div><div id=\"envira-gallery-item-1233\" class=\"envira-gallery-item enviratope-item envira-gallery-item-3 envira-lazy-load\" style=\"padding-left: 5px; padding-bottom: 10px; padding-right: 5px;\"  itemscope itemtype=\"https:\/\/schema.org\/ImageObject\"><div class=\"envira-gallery-item-inner\"><div class=\"envira-gallery-position-overlay  envira-gallery-top-left\"><\/div><div class=\"envira-gallery-position-overlay  envira-gallery-top-right\"><\/div><div class=\"envira-gallery-position-overlay  envira-gallery-bottom-left\"><\/div><div class=\"envira-gallery-position-overlay  envira-gallery-bottom-right\"><\/div><a href=\"https:\/\/bursacephe.com\/web\/wp-content\/uploads\/2023\/10\/514.jpg\" class=\"envira-gallery-1234 envira-gallery-link\" rel=\"enviragallery1234\" title=\"514\" data-envira-caption=\"514\" data-envira-retina=\"\" data-thumbnail=\"\"  itemprop=\"contentUrl\"><img decoding=\"async\" id=\"envira-gallery-image-1233\" class=\"envira-gallery-image envira-gallery-image-3 envira-normal envira-lazy\" data-envira-index=\"3\" src=\"https:\/\/bursacephe.com\/wp-content\/uploads\/2023\/10\/514.jpg\" data-envira-src=\"https:\/\/bursacephe.com\/wp-content\/uploads\/2023\/10\/514.jpg\" data-envira-gallery-id=\"1234\" data-envira-item-id=\"1233\" data-envira-caption=\"514\" alt=\"\" title=\"514\"  itemprop=\"thumbnailUrl\" data-envira-srcset=\"https:\/\/bursacephe.com\/wp-content\/uploads\/2023\/10\/514.jpg 400w,https:\/\/bursacephe.com\/wp-content\/uploads\/2023\/10\/514.jpg 2x\" data-envira-width=\"300\" data-envira-height=\"225\" srcset=\"data:image\/gif;base64,R0lGODlhAQABAIAAAP\/\/\/\/\/\/\/yH5BAEKAAEALAAAAAABAAEAAAICTAEAOw==\" data-safe-src=\"data:image\/gif;base64,R0lGODlhAQABAIAAAP\/\/\/\/\/\/\/yH5BAEKAAEALAAAAAABAAEAAAICTAEAOw==\" \/><\/a><\/div><\/div><\/div><\/div><noscript><img decoding=\"async\" src=\"https:\/\/bursacephe.com\/wp-content\/uploads\/2023\/10\/512.jpg\" alt=\"\" \/><img decoding=\"async\" src=\"https:\/\/bursacephe.com\/wp-content\/uploads\/2023\/10\/513.jpg\" alt=\"\" \/><img decoding=\"async\" src=\"https:\/\/bursacephe.com\/wp-content\/uploads\/2023\/10\/514.jpg\" alt=\"\" \/><\/noscript>[\/vc_column_text][\/vc_column][\/vc_row][vc_row][vc_column][vc_column_text]Sektionaltor: Sektionaltore sorgen f\u00fcr einen schnellen Verkehrsfluss, halten die Luft in Ihrer Anlage und Garage vor Hitze und K\u00e4lte, reinigen Ihre Anlage und Garage vor Hitze-K\u00e4lte, Staub, bieten eine sichere, offene Sicht, bieten Lagerm\u00f6glichkeiten passend zur Form der Struktur in den gew\u00fcnschten Abmessungen. Sektionaltore, die auch als Werkstore bezeichnet werden, zeichnen sich durch ihre Langlebigkeit, einfache Anwendbarkeit und dauerhafte Nutzung aus.<\/p>\n<p>Sektionaltore f\u00fcr Garagen: Moderne, praktische und \u00e4sthetische Modelle, die Autos, die eine der wichtigsten pers\u00f6nlichen Investitionen in Wohngaragen sind, vor ung\u00fcnstigen klimatischen Bedingungen und Diebstahl sch\u00fctzen, werden in an die Struktur der H\u00e4user angepassten Designs angeboten.<\/p>\n<p>Industrietor: Industrietore sorgen f\u00fcr einen schnellen Verkehrsfluss, halten die Luft in Ihrer Anlage und Garage vor Hitze und K\u00e4lte, reinigen Ihre Anlage und Garage vor Hitze-K\u00e4lte, Staub, bieten eine sichere, offene Sicht, bieten Lagerm\u00f6glichkeiten passend zur Form der Struktur in den gew\u00fcnschten Abmessungen. Dar\u00fcber hinaus werden Ihnen Industrietore, die auch als Fabriktore bekannt sind, mit ihrer Langlebigkeit, einfachen Anwendbarkeit und lang anhaltenden Nutzung angeboten.<\/p>\n<p>Industrietore<\/p>\n<p>Dekorative Sektionspaneele<\/p>\n<p>Flache oder holzbeschichtete Paneele<\/p>\n<p>Flache oder Kernpaneele alternativ<\/p>\n<p>Es handelt sich um automatische oder manuelle Anwendungen, die nach Ihrem Geschmack und Projekt hergestellt werden k\u00f6nnen, wobei alle Durchgangssysteme angewendet werden k\u00f6nnen.<\/p>\n<p>Sicherheitslichtschranke<\/p>\n<p>F\u00fcr die Struktur geeignete Lageroptionen<\/p>\n<p>Verzinkter Stahl und Polyurethan-isolierte Paneele<\/p>\n<p>Verst\u00e4rkte Paneele, die die Widerstandsf\u00e4higkeit des Tors gegen St\u00f6\u00dfe und Wind erh\u00f6hen<\/p>\n<p>Spezielle verschl\u00fcsselte Fernbedienung<\/p>\n<p>Einfaches manuelles \u00d6ffnen und Schlie\u00dfen bei Stromausf\u00e4llen<\/p>\n<p>Optionen:<\/p>\n<p>Externes Sicherheitsschloss<\/p>\n<p>Verschl\u00fcsselter Knopf<\/p>\n<p>Ferngesteuertes \u00d6ffnen und Schlie\u00dfen<\/p>\n<p>Fenster<\/p>\n<p>Industrietor<\/p>\n<p>Schiebetorantriebe f\u00fcr Gartentore erm\u00f6glichen es Ihnen, sicher ein- und auszusteigen, ohne beim Betreten oder Verlassen Ihres Arbeitsplatzes, Ihres Grundst\u00fccks oder Ihrer Wohnung von Witterungseinfl\u00fcssen wie Hitze, K\u00e4lte, Regen oder Schnee beeintr\u00e4chtigt zu werden. Da dieses Automatisierungssystem Bequemlichkeit, Komfort und Sicherheit in sich vereint, ist es das bevorzugte System an solchen Orten, an denen viel ein- und ausgefahren wird.<\/p>\n<p>Schiebetorantriebe erm\u00f6glichen die Automatisierung von Gartentoren aus Holz, Aluminium oder Schmiedeeisen.<\/p>\n<p>&#8211; Elektromechanische Schiebe- und Schmiedeeisen-Gartentormotoren mit automatischer Verriegelung, die w\u00e4hrend ihrer gesamten Lebensdauer einwandfrei funktionieren<\/p>\n<p>&#8211; Alle motorisierten Schiebe- und Schmiedeeisen-Gartentormotoren verf\u00fcgen \u00fcber ein \u00dcberhitzungs- und \u00dcberlastungsschutzsystem, das die Lebensdauer des Motors verl\u00e4ngert und den Bedienungskomfort verbessert<\/p>\n<p>&#8211; Bei automatischen Schiebetormotoren kann das Schiebetor bei Stromausfall manuell mit dem Schl\u00fcssel oder durch die Bewegung des Tores ge\u00f6ffnet und geschlossen werden, ohne dass die Zahnstangengetriebe belastet werden.<\/p>\n<p>&#8211; Alle Modelle der elektrischen Schienen- und Schiebet\u00fcren von ferforce sind wahlweise mit mechanischen oder magnetischen Schaltern in den Motoren erh\u00e4ltlich<\/p>\n<p>&#8211; F\u00fcr Sicherheitsschiebet\u00fcrsysteme mit Fotozellen gibt es auch Kunststoff- und Zahnstangengetriebe in verschiedenen Gr\u00f6\u00dfen, die sich leicht an schmiedeeisernen T\u00fcren installieren lassen.[\/vc_column_text][\/vc_column][\/vc_row][vc_row][vc_column][vc_video link=&#8220;https:\/\/www.youtube.com\/watch?v=yFrEtQ0cepE&#8220;][\/vc_column][\/vc_row]<\/p>","protected":false},"excerpt":{"rendered":"<p>[vc_row][vc_column][vc_column_text][\/vc_column_text][\/vc_column][\/vc_row][vc_row][vc_column][vc_column_text]Sektionaltor: Sektionaltore sorgen f\u00fcr einen schnellen Verkehrsfluss, halten die Luft in Ihrer Anlage und Garage vor Hitze und K\u00e4lte, reinigen Ihre &#8230;<\/p>\n","protected":false},"author":1,"featured_media":1230,"parent":924,"menu_order":0,"comment_status":"closed","ping_status":"closed","template":"","meta":{"footnotes":""},"_links":{"self":[{"href":"https:\/\/bursacephe.com\/de\/wp-json\/wp\/v2\/pages\/1229"}],"collection":[{"href":"https:\/\/bursacephe.com\/de\/wp-json\/wp\/v2\/pages"}],"about":[{"href":"https:\/\/bursacephe.com\/de\/wp-json\/wp\/v2\/types\/page"}],"author":[{"embeddable":true,"href":"https:\/\/bursacephe.com\/de\/wp-json\/wp\/v2\/users\/1"}],"replies":[{"embeddable":true,"href":"https:\/\/bursacephe.com\/de\/wp-json\/wp\/v2\/comments?post=1229"}],"version-history":[{"count":3,"href":"https:\/\/bursacephe.com\/de\/wp-json\/wp\/v2\/pages\/1229\/revisions"}],"predecessor-version":[{"id":1895,"href":"https:\/\/bursacephe.com\/de\/wp-json\/wp\/v2\/pages\/1229\/revisions\/1895"}],"up":[{"embeddable":true,"href":"https:\/\/bursacephe.com\/de\/wp-json\/wp\/v2\/pages\/924"}],"wp:featuredmedia":[{"embeddable":true,"href":"https:\/\/bursacephe.com\/de\/wp-json\/wp\/v2\/media\/1230"}],"wp:attachment":[{"href":"https:\/\/bursacephe.com\/de\/wp-json\/wp\/v2\/media?parent=1229"}],"curies":[{"name":"wp","href":"https:\/\/api.w.org\/{rel}","templated":true}]}}