{"id":1236,"date":"2023-10-15T13:06:03","date_gmt":"2023-10-15T10:06:03","guid":{"rendered":"https:\/\/bursacephe.com\/web\/?page_id=1236"},"modified":"2025-04-23T21:40:39","modified_gmt":"2025-04-23T18:40:39","slug":"polikorbon-isiklik-sistemleri","status":"publish","type":"page","link":"https:\/\/bursacephe.com\/de\/sistemler\/polikorbon-isiklik-sistemleri\/","title":{"rendered":"Polycorbon Oberlichtsysteme"},"content":{"rendered":"<p>[vc_row][vc_column][vc_column_text]<div id=\"envira-gallery-wrap-1248\" class=\"envira-gallery-wrap envira-gallery-theme-base envira-lightbox-theme-base\" itemscope itemtype=\"https:\/\/schema.org\/ImageGallery\"><div data-row-height=\"150\" data-gallery-theme=\"normal\" id=\"envira-gallery-1248\" class=\"envira-gallery-public envira-gallery-justified-public envira-gallery-0-columns envira-clear enviratope envira-gallery-css-animations\" data-envira-columns=\"0\"><div id=\"envira-gallery-item-1243\" class=\"envira-gallery-item enviratope-item envira-gallery-item-1 envira-lazy-load\" style=\"padding-left: 5px; padding-bottom: 10px; padding-right: 5px;\"  itemscope itemtype=\"https:\/\/schema.org\/ImageObject\"><div class=\"envira-gallery-item-inner\"><div class=\"envira-gallery-position-overlay  envira-gallery-top-left\"><\/div><div class=\"envira-gallery-position-overlay  envira-gallery-top-right\"><\/div><div class=\"envira-gallery-position-overlay  envira-gallery-bottom-left\"><\/div><div class=\"envira-gallery-position-overlay  envira-gallery-bottom-right\"><\/div><a href=\"https:\/\/bursacephe.com\/web\/wp-content\/uploads\/2023\/10\/520-1.jpg\" class=\"envira-gallery-1248 envira-gallery-link\" rel=\"enviragallery1248\" title=\"520\" data-envira-caption=\"520\" data-envira-retina=\"\" data-thumbnail=\"\"  itemprop=\"contentUrl\"><img decoding=\"async\" id=\"envira-gallery-image-1243\" class=\"envira-gallery-image envira-gallery-image-1 envira-normal envira-lazy\" data-envira-index=\"1\" src=\"https:\/\/bursacephe.com\/wp-content\/uploads\/2023\/10\/520-1.jpg\" data-envira-src=\"https:\/\/bursacephe.com\/wp-content\/uploads\/2023\/10\/520-1.jpg\" data-envira-gallery-id=\"1248\" data-envira-item-id=\"1243\" data-envira-caption=\"520\" alt=\"\" title=\"520\"  itemprop=\"thumbnailUrl\" data-envira-srcset=\"https:\/\/bursacephe.com\/wp-content\/uploads\/2023\/10\/520-1.jpg 400w,https:\/\/bursacephe.com\/wp-content\/uploads\/2023\/10\/520-1.jpg 2x\" data-envira-width=\"300\" data-envira-height=\"236\" srcset=\"data:image\/gif;base64,R0lGODlhAQABAIAAAP\/\/\/\/\/\/\/yH5BAEKAAEALAAAAAABAAEAAAICTAEAOw==\" data-safe-src=\"data:image\/gif;base64,R0lGODlhAQABAIAAAP\/\/\/\/\/\/\/yH5BAEKAAEALAAAAAABAAEAAAICTAEAOw==\" \/><\/a><\/div><\/div><div id=\"envira-gallery-item-1241\" class=\"envira-gallery-item enviratope-item envira-gallery-item-2 envira-lazy-load\" style=\"padding-left: 5px; padding-bottom: 10px; padding-right: 5px;\"  itemscope itemtype=\"https:\/\/schema.org\/ImageObject\"><div class=\"envira-gallery-item-inner\"><div class=\"envira-gallery-position-overlay  envira-gallery-top-left\"><\/div><div class=\"envira-gallery-position-overlay  envira-gallery-top-right\"><\/div><div class=\"envira-gallery-position-overlay  envira-gallery-bottom-left\"><\/div><div class=\"envira-gallery-position-overlay  envira-gallery-bottom-right\"><\/div><a href=\"https:\/\/bursacephe.com\/web\/wp-content\/uploads\/2023\/10\/519.jpg\" class=\"envira-gallery-1248 envira-gallery-link\" rel=\"enviragallery1248\" title=\"519\" data-envira-caption=\"519\" data-envira-retina=\"\" data-thumbnail=\"\"  itemprop=\"contentUrl\"><img decoding=\"async\" id=\"envira-gallery-image-1241\" class=\"envira-gallery-image envira-gallery-image-2 envira-normal envira-lazy\" data-envira-index=\"2\" src=\"https:\/\/bursacephe.com\/wp-content\/uploads\/2023\/10\/519.jpg\" data-envira-src=\"https:\/\/bursacephe.com\/wp-content\/uploads\/2023\/10\/519.jpg\" data-envira-gallery-id=\"1248\" data-envira-item-id=\"1241\" data-envira-caption=\"519\" alt=\"\" title=\"519\"  itemprop=\"thumbnailUrl\" data-envira-srcset=\"https:\/\/bursacephe.com\/wp-content\/uploads\/2023\/10\/519.jpg 400w,https:\/\/bursacephe.com\/wp-content\/uploads\/2023\/10\/519.jpg 2x\" data-envira-width=\"300\" data-envira-height=\"225\" srcset=\"data:image\/gif;base64,R0lGODlhAQABAIAAAP\/\/\/\/\/\/\/yH5BAEKAAEALAAAAAABAAEAAAICTAEAOw==\" data-safe-src=\"data:image\/gif;base64,R0lGODlhAQABAIAAAP\/\/\/\/\/\/\/yH5BAEKAAEALAAAAAABAAEAAAICTAEAOw==\" \/><\/a><\/div><\/div><div id=\"envira-gallery-item-1244\" class=\"envira-gallery-item enviratope-item envira-gallery-item-3 envira-lazy-load\" style=\"padding-left: 5px; padding-bottom: 10px; padding-right: 5px;\"  itemscope itemtype=\"https:\/\/schema.org\/ImageObject\"><div class=\"envira-gallery-item-inner\"><div class=\"envira-gallery-position-overlay  envira-gallery-top-left\"><\/div><div class=\"envira-gallery-position-overlay  envira-gallery-top-right\"><\/div><div class=\"envira-gallery-position-overlay  envira-gallery-bottom-left\"><\/div><div class=\"envira-gallery-position-overlay  envira-gallery-bottom-right\"><\/div><a href=\"https:\/\/bursacephe.com\/web\/wp-content\/uploads\/2023\/10\/521-1.jpg\" class=\"envira-gallery-1248 envira-gallery-link\" rel=\"enviragallery1248\" title=\"521\" data-envira-caption=\"521\" data-envira-retina=\"\" data-thumbnail=\"\"  itemprop=\"contentUrl\"><img decoding=\"async\" id=\"envira-gallery-image-1244\" class=\"envira-gallery-image envira-gallery-image-3 envira-normal envira-lazy\" data-envira-index=\"3\" src=\"https:\/\/bursacephe.com\/wp-content\/uploads\/2023\/10\/521-1.jpg\" data-envira-src=\"https:\/\/bursacephe.com\/wp-content\/uploads\/2023\/10\/521-1.jpg\" data-envira-gallery-id=\"1248\" data-envira-item-id=\"1244\" data-envira-caption=\"521\" alt=\"\" title=\"521\"  itemprop=\"thumbnailUrl\" data-envira-srcset=\"https:\/\/bursacephe.com\/wp-content\/uploads\/2023\/10\/521-1.jpg 400w,https:\/\/bursacephe.com\/wp-content\/uploads\/2023\/10\/521-1.jpg 2x\" data-envira-width=\"300\" data-envira-height=\"226\" srcset=\"data:image\/gif;base64,R0lGODlhAQABAIAAAP\/\/\/\/\/\/\/yH5BAEKAAEALAAAAAABAAEAAAICTAEAOw==\" data-safe-src=\"data:image\/gif;base64,R0lGODlhAQABAIAAAP\/\/\/\/\/\/\/yH5BAEKAAEALAAAAAABAAEAAAICTAEAOw==\" \/><\/a><\/div><\/div><div id=\"envira-gallery-item-1245\" class=\"envira-gallery-item enviratope-item envira-gallery-item-4 envira-lazy-load\" style=\"padding-left: 5px; padding-bottom: 10px; padding-right: 5px;\"  itemscope itemtype=\"https:\/\/schema.org\/ImageObject\"><div class=\"envira-gallery-item-inner\"><div class=\"envira-gallery-position-overlay  envira-gallery-top-left\"><\/div><div class=\"envira-gallery-position-overlay  envira-gallery-top-right\"><\/div><div class=\"envira-gallery-position-overlay  envira-gallery-bottom-left\"><\/div><div class=\"envira-gallery-position-overlay  envira-gallery-bottom-right\"><\/div><a href=\"https:\/\/bursacephe.com\/web\/wp-content\/uploads\/2023\/10\/515-1.jpg\" class=\"envira-gallery-1248 envira-gallery-link\" rel=\"enviragallery1248\" title=\"515\" data-envira-caption=\"515\" data-envira-retina=\"\" data-thumbnail=\"\"  itemprop=\"contentUrl\"><img decoding=\"async\" id=\"envira-gallery-image-1245\" class=\"envira-gallery-image envira-gallery-image-4 envira-normal envira-lazy\" data-envira-index=\"4\" src=\"https:\/\/bursacephe.com\/wp-content\/uploads\/2023\/10\/515-1.jpg\" data-envira-src=\"https:\/\/bursacephe.com\/wp-content\/uploads\/2023\/10\/515-1.jpg\" data-envira-gallery-id=\"1248\" data-envira-item-id=\"1245\" data-envira-caption=\"515\" alt=\"\" title=\"515\"  itemprop=\"thumbnailUrl\" data-envira-srcset=\"https:\/\/bursacephe.com\/wp-content\/uploads\/2023\/10\/515-1.jpg 400w,https:\/\/bursacephe.com\/wp-content\/uploads\/2023\/10\/515-1.jpg 2x\" data-envira-width=\"300\" data-envira-height=\"225\" srcset=\"data:image\/gif;base64,R0lGODlhAQABAIAAAP\/\/\/\/\/\/\/yH5BAEKAAEALAAAAAABAAEAAAICTAEAOw==\" data-safe-src=\"data:image\/gif;base64,R0lGODlhAQABAIAAAP\/\/\/\/\/\/\/yH5BAEKAAEALAAAAAABAAEAAAICTAEAOw==\" \/><\/a><\/div><\/div><div id=\"envira-gallery-item-1246\" class=\"envira-gallery-item enviratope-item envira-gallery-item-5 envira-lazy-load\" style=\"padding-left: 5px; padding-bottom: 10px; padding-right: 5px;\"  itemscope itemtype=\"https:\/\/schema.org\/ImageObject\"><div class=\"envira-gallery-item-inner\"><div class=\"envira-gallery-position-overlay  envira-gallery-top-left\"><\/div><div class=\"envira-gallery-position-overlay  envira-gallery-top-right\"><\/div><div class=\"envira-gallery-position-overlay  envira-gallery-bottom-left\"><\/div><div class=\"envira-gallery-position-overlay  envira-gallery-bottom-right\"><\/div><a href=\"https:\/\/bursacephe.com\/web\/wp-content\/uploads\/2023\/10\/516-1.jpg\" class=\"envira-gallery-1248 envira-gallery-link\" rel=\"enviragallery1248\" title=\"516\" data-envira-caption=\"516\" data-envira-retina=\"\" data-thumbnail=\"\"  itemprop=\"contentUrl\"><img decoding=\"async\" id=\"envira-gallery-image-1246\" class=\"envira-gallery-image envira-gallery-image-5 envira-normal envira-lazy\" data-envira-index=\"5\" src=\"https:\/\/bursacephe.com\/wp-content\/uploads\/2023\/10\/516-1-870x1024.jpg\" data-envira-src=\"https:\/\/bursacephe.com\/wp-content\/uploads\/2023\/10\/516-1-870x1024.jpg\" data-envira-gallery-id=\"1248\" data-envira-item-id=\"1246\" data-envira-caption=\"516\" alt=\"\" title=\"516\"  itemprop=\"thumbnailUrl\" data-envira-srcset=\"https:\/\/bursacephe.com\/wp-content\/uploads\/2023\/10\/516-1-870x1024.jpg 400w,https:\/\/bursacephe.com\/wp-content\/uploads\/2023\/10\/516-1-870x1024.jpg 2x\" data-envira-width=\"255\" data-envira-height=\"300\" srcset=\"data:image\/gif;base64,R0lGODlhAQABAIAAAP\/\/\/\/\/\/\/yH5BAEKAAEALAAAAAABAAEAAAICTAEAOw==\" data-safe-src=\"data:image\/gif;base64,R0lGODlhAQABAIAAAP\/\/\/\/\/\/\/yH5BAEKAAEALAAAAAABAAEAAAICTAEAOw==\" \/><\/a><\/div><\/div><\/div><\/div><noscript><img decoding=\"async\" src=\"https:\/\/bursacephe.com\/wp-content\/uploads\/2023\/10\/520-1.jpg\" alt=\"\" \/><img decoding=\"async\" src=\"https:\/\/bursacephe.com\/wp-content\/uploads\/2023\/10\/519.jpg\" alt=\"\" \/><img decoding=\"async\" src=\"https:\/\/bursacephe.com\/wp-content\/uploads\/2023\/10\/521-1.jpg\" alt=\"\" \/><img decoding=\"async\" src=\"https:\/\/bursacephe.com\/wp-content\/uploads\/2023\/10\/515-1.jpg\" alt=\"\" \/><img decoding=\"async\" src=\"https:\/\/bursacephe.com\/wp-content\/uploads\/2023\/10\/516-1.jpg\" alt=\"\" \/><\/noscript>[\/vc_column_text][\/vc_column][\/vc_row][vc_row][vc_column][vc_column_text]Polycarbonat-Leuchtsysteme sind Beleuchtungsl\u00f6sungen, die aus dem haltbaren und leichten Kunststoff Polycarbonat hergestellt werden. Solche Systeme k\u00f6nnen in verschiedenen Anwendungsbereichen eingesetzt werden und bieten eine Reihe von Vorteilen. Hier sind die Merkmale und Einsatzbereiche von Polycarbonat-Leuchtsystemen:<\/p>\n<p>Merkmale:<\/p>\n<p>Leichtes Gewicht: Polycarbonat ist leicht zu transportieren und zu installieren, da es ein geringes Gewicht hat.<br \/>\nSto\u00dffestigkeit: Polycarbonat ist sto\u00dffest und sch\u00fctzt so vor \u00e4u\u00dferen Einfl\u00fcssen.<br \/>\nHohe Transparenz: Die hohe Transparenz von Polycarbonat l\u00e4sst nat\u00fcrliches Licht durch, was f\u00fcr eine nat\u00fcrliche Beleuchtung in Innenr\u00e4umen sorgt.<br \/>\nBest\u00e4ndigkeit gegen ultraviolette Strahlung (UV): Widersteht UV-Strahlen und ist daher f\u00fcr die Verwendung im Freien geeignet.<br \/>\nThermische Isolierung: Polycarbonat isoliert W\u00e4rme gut, was die Energieeffizienz verbessert.<br \/>\nAnpassungsf\u00e4higkeit: Polycarbonat-Leuchtsysteme k\u00f6nnen in verschiedenen Gr\u00f6\u00dfen und Formen hergestellt werden und lassen sich an das Design Ihres Projekts anpassen.<\/p>\n<p>Einsatzgebiete:<\/p>\n<p>Mechanische und industrielle Beleuchtung: Sie wird in industriellen Bereichen wie Fabriken, Lagern und Werkst\u00e4tten eingesetzt.<br \/>\nFahrzeugbeleuchtung: Sie wird in Anwendungen wie Autoscheinwerfern, Fahrzeuginnenbeleuchtung und Verkehrsampeln eingesetzt.<br \/>\nGr\u00fcne H\u00e4user und Geb\u00e4ude: Polycarbonat-Lichtsysteme werden in umweltfreundlichen H\u00e4usern und Geb\u00e4uden eingesetzt. Sie lassen nat\u00fcrliches Licht eindringen und senken die Energiekosten.<br \/>\nGlas-Decken: Polycarbonat kann in Glasdecken anstelle von Glas verwendet werden. Dies ist eine leichtere und haltbarere Option, die gleichzeitig das Sonnenlicht durchl\u00e4sst.<br \/>\nGr\u00fcne H\u00e4user und Geb\u00e4ude: Lichtsysteme aus Polycarbonat werden in umweltfreundlichen H\u00e4usern und Geb\u00e4uden eingesetzt. Sie lassen nat\u00fcrliches Licht eindringen und senken die Energiekosten.<\/p>\n<p>Polycarbonat-Lichtsysteme bieten Vorteile wie Haltbarkeit, Energieeffizienz und Anpassungsf\u00e4higkeit. Daher sind sie eine beliebte Option f\u00fcr eine Vielzahl von Beleuchtungs- und Designprojekten.[\/vc_column_text][\/vc_column][\/vc_row]<\/p>","protected":false},"excerpt":{"rendered":"<p>[vc_row][vc_column][vc_column_text][\/vc_column_text][\/vc_column][\/vc_row][vc_row][vc_column][vc_column_text]Polycarbonat-Leuchtsysteme sind Beleuchtungsl\u00f6sungen, die aus dem haltbaren und leichten Kunststoff Polycarbonat hergestellt werden. Solche Systeme k\u00f6nnen in verschiedenen Anwendungsbereichen eingesetzt werden &#8230;<\/p>\n","protected":false},"author":1,"featured_media":1242,"parent":924,"menu_order":0,"comment_status":"closed","ping_status":"closed","template":"","meta":{"footnotes":""},"_links":{"self":[{"href":"https:\/\/bursacephe.com\/de\/wp-json\/wp\/v2\/pages\/1236"}],"collection":[{"href":"https:\/\/bursacephe.com\/de\/wp-json\/wp\/v2\/pages"}],"about":[{"href":"https:\/\/bursacephe.com\/de\/wp-json\/wp\/v2\/types\/page"}],"author":[{"embeddable":true,"href":"https:\/\/bursacephe.com\/de\/wp-json\/wp\/v2\/users\/1"}],"replies":[{"embeddable":true,"href":"https:\/\/bursacephe.com\/de\/wp-json\/wp\/v2\/comments?post=1236"}],"version-history":[{"count":5,"href":"https:\/\/bursacephe.com\/de\/wp-json\/wp\/v2\/pages\/1236\/revisions"}],"predecessor-version":[{"id":1894,"href":"https:\/\/bursacephe.com\/de\/wp-json\/wp\/v2\/pages\/1236\/revisions\/1894"}],"up":[{"embeddable":true,"href":"https:\/\/bursacephe.com\/de\/wp-json\/wp\/v2\/pages\/924"}],"wp:featuredmedia":[{"embeddable":true,"href":"https:\/\/bursacephe.com\/de\/wp-json\/wp\/v2\/media\/1242"}],"wp:attachment":[{"href":"https:\/\/bursacephe.com\/de\/wp-json\/wp\/v2\/media?parent=1236"}],"curies":[{"name":"wp","href":"https:\/\/api.w.org\/{rel}","templated":true}]}}