{"id":1397,"date":"2023-10-17T21:36:27","date_gmt":"2023-10-17T18:36:27","guid":{"rendered":"https:\/\/bursacephe.com\/web\/?page_id=1397"},"modified":"2023-11-15T00:56:22","modified_gmt":"2023-11-14T21:56:22","slug":"istanbul-izmir-otoyolu-oksijen-tesisleri-ve-gise-binalari","status":"publish","type":"page","link":"https:\/\/bursacephe.com\/de\/projelerimiz\/istanbul-izmir-otoyolu-oksijen-tesisleri-ve-gise-binalari\/","title":{"rendered":"\u0130stanbul \u0130zmir Otoyolu Oksijen Tesisleri ve Gi\u015fe Binalar\u0131"},"content":{"rendered":"<p>[vc_row][vc_column][vc_column_text]<img decoding=\"async\" class=\"aligncenter size-full wp-image-1436\" src=\"https:\/\/bursacephe.com\/web\/wp-content\/uploads\/2023\/10\/oto.jpg\" alt=\"\" width=\"100%\" srcset=\"https:\/\/bursacephe.com\/wp-content\/uploads\/2023\/10\/oto.jpg 990w, https:\/\/bursacephe.com\/wp-content\/uploads\/2023\/10\/oto-300x103.jpg 300w, https:\/\/bursacephe.com\/wp-content\/uploads\/2023\/10\/oto-768x264.jpg 768w\" sizes=\"(max-width: 990px) 100vw, 990px\" \/>[\/vc_column_text][vc_column_text]<\/p>\n\n        <style type='text\/css'>\n            #gallery-1 .gallery-item {\n                float: left;\n                text-align: center;\n                width: 33.333333333333%;\n                margin-bottom:0;\n            }\n            #gallery-1 img {\n            }\n            #gallery-1 .gallery-caption {\n                margin-left: 0;\n            }\n        <\/style>\n        <script type='text\/javascript'>\n        \tjQuery(document).ready(function() {\n\t\t\t\tjQuery('.galleryid-1397').magnificPopup({\n\t\t\t\t\tdelegate: '.gallery-item a',\n\t\t\t\t\ttype: 'image',\n\t\t\t\t\tgallery:{\n\t\t\t\t\t\tenabled:true\n\t\t\t\t\t},\n\t\t\t\t\tzoom: {\n\t\t\t\t\t\tenabled:true\n\t\t\t\t\t}\n\t\t\t\t});\n\t\t\t});\n        <\/script>\n\t\t<div id='gallery-1' class='gallery galleryid-1397 gallery-columns-3 gallery-size-medium-thumb gallery-lightbox'><dl class='gallery-item'>\n            <dt class='gallery-icon'>\n                <a href='https:\/\/bursacephe.com\/wp-content\/uploads\/2023\/10\/686.jpg'><img loading=\"lazy\" decoding=\"async\" width=\"600\" height=\"300\" src=\"https:\/\/bursacephe.com\/wp-content\/uploads\/2023\/10\/686-600x300.jpg\" class=\"attachment-medium-thumb size-medium-thumb\" alt=\"\" srcset=\"https:\/\/bursacephe.com\/wp-content\/uploads\/2023\/10\/686-600x300.jpg 600w, https:\/\/bursacephe.com\/wp-content\/uploads\/2023\/10\/686-400x200.jpg 400w, https:\/\/bursacephe.com\/wp-content\/uploads\/2023\/10\/686-800x400.jpg 800w\" sizes=\"(max-width: 600px) 100vw, 600px\" \/><\/a>\n            <\/dt><\/dl><dl class='gallery-item'>\n            <dt class='gallery-icon'>\n                <a href='https:\/\/bursacephe.com\/wp-content\/uploads\/2023\/10\/685.jpg'><img loading=\"lazy\" decoding=\"async\" width=\"600\" height=\"300\" src=\"https:\/\/bursacephe.com\/wp-content\/uploads\/2023\/10\/685-600x300.jpg\" class=\"attachment-medium-thumb size-medium-thumb\" alt=\"\" srcset=\"https:\/\/bursacephe.com\/wp-content\/uploads\/2023\/10\/685-600x300.jpg 600w, https:\/\/bursacephe.com\/wp-content\/uploads\/2023\/10\/685-400x200.jpg 400w, https:\/\/bursacephe.com\/wp-content\/uploads\/2023\/10\/685-800x400.jpg 800w\" sizes=\"(max-width: 600px) 100vw, 600px\" \/><\/a>\n            <\/dt><\/dl><dl class='gallery-item'>\n            <dt class='gallery-icon'>\n                <a href='https:\/\/bursacephe.com\/wp-content\/uploads\/2023\/10\/655.jpg'><img loading=\"lazy\" decoding=\"async\" width=\"600\" height=\"300\" src=\"https:\/\/bursacephe.com\/wp-content\/uploads\/2023\/10\/655-600x300.jpg\" class=\"attachment-medium-thumb size-medium-thumb\" alt=\"\" srcset=\"https:\/\/bursacephe.com\/wp-content\/uploads\/2023\/10\/655-600x300.jpg 600w, https:\/\/bursacephe.com\/wp-content\/uploads\/2023\/10\/655-400x200.jpg 400w, https:\/\/bursacephe.com\/wp-content\/uploads\/2023\/10\/655-800x400.jpg 800w\" sizes=\"(max-width: 600px) 100vw, 600px\" \/><\/a>\n            <\/dt><\/dl><div class=\"clear\"><\/div><dl class='gallery-item'>\n            <dt class='gallery-icon'>\n                <a href='https:\/\/bursacephe.com\/wp-content\/uploads\/2023\/10\/663.jpg'><img loading=\"lazy\" decoding=\"async\" width=\"600\" height=\"300\" src=\"https:\/\/bursacephe.com\/wp-content\/uploads\/2023\/10\/663-600x300.jpg\" class=\"attachment-medium-thumb size-medium-thumb\" alt=\"\" srcset=\"https:\/\/bursacephe.com\/wp-content\/uploads\/2023\/10\/663-600x300.jpg 600w, https:\/\/bursacephe.com\/wp-content\/uploads\/2023\/10\/663-400x200.jpg 400w, https:\/\/bursacephe.com\/wp-content\/uploads\/2023\/10\/663-800x400.jpg 800w\" sizes=\"(max-width: 600px) 100vw, 600px\" \/><\/a>\n            <\/dt><\/dl><dl class='gallery-item'>\n            <dt class='gallery-icon'>\n                <a href='https:\/\/bursacephe.com\/wp-content\/uploads\/2023\/10\/674.jpg'><img loading=\"lazy\" decoding=\"async\" width=\"600\" height=\"300\" src=\"https:\/\/bursacephe.com\/wp-content\/uploads\/2023\/10\/674-600x300.jpg\" class=\"attachment-medium-thumb size-medium-thumb\" alt=\"\" srcset=\"https:\/\/bursacephe.com\/wp-content\/uploads\/2023\/10\/674-600x300.jpg 600w, https:\/\/bursacephe.com\/wp-content\/uploads\/2023\/10\/674-400x200.jpg 400w, https:\/\/bursacephe.com\/wp-content\/uploads\/2023\/10\/674-800x400.jpg 800w\" sizes=\"(max-width: 600px) 100vw, 600px\" \/><\/a>\n            <\/dt><\/dl><dl class='gallery-item'>\n            <dt class='gallery-icon'>\n                <a href='https:\/\/bursacephe.com\/wp-content\/uploads\/2023\/10\/687.jpg'><img loading=\"lazy\" decoding=\"async\" width=\"600\" height=\"300\" src=\"https:\/\/bursacephe.com\/wp-content\/uploads\/2023\/10\/687-600x300.jpg\" class=\"attachment-medium-thumb size-medium-thumb\" alt=\"\" srcset=\"https:\/\/bursacephe.com\/wp-content\/uploads\/2023\/10\/687-600x300.jpg 600w, https:\/\/bursacephe.com\/wp-content\/uploads\/2023\/10\/687-400x200.jpg 400w, https:\/\/bursacephe.com\/wp-content\/uploads\/2023\/10\/687-800x400.jpg 800w\" sizes=\"(max-width: 600px) 100vw, 600px\" \/><\/a>\n            <\/dt><\/dl><div class=\"clear\"><\/div><dl class='gallery-item'>\n            <dt class='gallery-icon'>\n                <a href='https:\/\/bursacephe.com\/wp-content\/uploads\/2023\/10\/654.jpg'><img loading=\"lazy\" decoding=\"async\" width=\"600\" height=\"300\" src=\"https:\/\/bursacephe.com\/wp-content\/uploads\/2023\/10\/654-600x300.jpg\" class=\"attachment-medium-thumb size-medium-thumb\" alt=\"\" srcset=\"https:\/\/bursacephe.com\/wp-content\/uploads\/2023\/10\/654-600x300.jpg 600w, https:\/\/bursacephe.com\/wp-content\/uploads\/2023\/10\/654-400x200.jpg 400w, https:\/\/bursacephe.com\/wp-content\/uploads\/2023\/10\/654-800x400.jpg 800w\" sizes=\"(max-width: 600px) 100vw, 600px\" \/><\/a>\n            <\/dt><\/dl><dl class='gallery-item'>\n            <dt class='gallery-icon'>\n                <a href='https:\/\/bursacephe.com\/wp-content\/uploads\/2023\/10\/656.jpg'><img loading=\"lazy\" decoding=\"async\" width=\"600\" height=\"300\" src=\"https:\/\/bursacephe.com\/wp-content\/uploads\/2023\/10\/656-600x300.jpg\" class=\"attachment-medium-thumb size-medium-thumb\" alt=\"\" srcset=\"https:\/\/bursacephe.com\/wp-content\/uploads\/2023\/10\/656-600x300.jpg 600w, https:\/\/bursacephe.com\/wp-content\/uploads\/2023\/10\/656-400x200.jpg 400w, https:\/\/bursacephe.com\/wp-content\/uploads\/2023\/10\/656-800x400.jpg 800w\" sizes=\"(max-width: 600px) 100vw, 600px\" \/><\/a>\n            <\/dt><\/dl><dl class='gallery-item'>\n            <dt class='gallery-icon'>\n                <a href='https:\/\/bursacephe.com\/wp-content\/uploads\/2023\/10\/657.jpg'><img loading=\"lazy\" decoding=\"async\" width=\"600\" height=\"300\" src=\"https:\/\/bursacephe.com\/wp-content\/uploads\/2023\/10\/657-600x300.jpg\" class=\"attachment-medium-thumb size-medium-thumb\" alt=\"\" srcset=\"https:\/\/bursacephe.com\/wp-content\/uploads\/2023\/10\/657-600x300.jpg 600w, https:\/\/bursacephe.com\/wp-content\/uploads\/2023\/10\/657-400x200.jpg 400w, https:\/\/bursacephe.com\/wp-content\/uploads\/2023\/10\/657-800x400.jpg 800w\" sizes=\"(max-width: 600px) 100vw, 600px\" \/><\/a>\n            <\/dt><\/dl><div class=\"clear\"><\/div><dl class='gallery-item'>\n            <dt class='gallery-icon'>\n                <a href='https:\/\/bursacephe.com\/wp-content\/uploads\/2023\/10\/664.jpg'><img loading=\"lazy\" decoding=\"async\" width=\"600\" height=\"300\" src=\"https:\/\/bursacephe.com\/wp-content\/uploads\/2023\/10\/664-600x300.jpg\" class=\"attachment-medium-thumb size-medium-thumb\" alt=\"\" srcset=\"https:\/\/bursacephe.com\/wp-content\/uploads\/2023\/10\/664-600x300.jpg 600w, https:\/\/bursacephe.com\/wp-content\/uploads\/2023\/10\/664-400x200.jpg 400w, https:\/\/bursacephe.com\/wp-content\/uploads\/2023\/10\/664-800x400.jpg 800w\" sizes=\"(max-width: 600px) 100vw, 600px\" \/><\/a>\n            <\/dt><\/dl><dl class='gallery-item'>\n            <dt class='gallery-icon'>\n                <a href='https:\/\/bursacephe.com\/wp-content\/uploads\/2023\/10\/665.jpg'><img loading=\"lazy\" decoding=\"async\" width=\"600\" height=\"300\" src=\"https:\/\/bursacephe.com\/wp-content\/uploads\/2023\/10\/665-600x300.jpg\" class=\"attachment-medium-thumb size-medium-thumb\" alt=\"\" srcset=\"https:\/\/bursacephe.com\/wp-content\/uploads\/2023\/10\/665-600x300.jpg 600w, https:\/\/bursacephe.com\/wp-content\/uploads\/2023\/10\/665-400x200.jpg 400w, https:\/\/bursacephe.com\/wp-content\/uploads\/2023\/10\/665-800x400.jpg 800w\" sizes=\"(max-width: 600px) 100vw, 600px\" \/><\/a>\n            <\/dt><\/dl><dl class='gallery-item'>\n            <dt class='gallery-icon'>\n                <a href='https:\/\/bursacephe.com\/wp-content\/uploads\/2023\/10\/667.jpg'><img loading=\"lazy\" decoding=\"async\" width=\"600\" height=\"300\" src=\"https:\/\/bursacephe.com\/wp-content\/uploads\/2023\/10\/667-600x300.jpg\" class=\"attachment-medium-thumb size-medium-thumb\" alt=\"\" srcset=\"https:\/\/bursacephe.com\/wp-content\/uploads\/2023\/10\/667-600x300.jpg 600w, https:\/\/bursacephe.com\/wp-content\/uploads\/2023\/10\/667-400x200.jpg 400w, https:\/\/bursacephe.com\/wp-content\/uploads\/2023\/10\/667-800x400.jpg 800w\" sizes=\"(max-width: 600px) 100vw, 600px\" \/><\/a>\n            <\/dt><\/dl><div class=\"clear\"><\/div><dl class='gallery-item'>\n            <dt class='gallery-icon'>\n                <a href='https:\/\/bursacephe.com\/wp-content\/uploads\/2023\/10\/668.jpg'><img loading=\"lazy\" decoding=\"async\" width=\"600\" height=\"300\" src=\"https:\/\/bursacephe.com\/wp-content\/uploads\/2023\/10\/668-600x300.jpg\" class=\"attachment-medium-thumb size-medium-thumb\" alt=\"\" srcset=\"https:\/\/bursacephe.com\/wp-content\/uploads\/2023\/10\/668-600x300.jpg 600w, https:\/\/bursacephe.com\/wp-content\/uploads\/2023\/10\/668-400x200.jpg 400w, https:\/\/bursacephe.com\/wp-content\/uploads\/2023\/10\/668-800x400.jpg 800w\" sizes=\"(max-width: 600px) 100vw, 600px\" \/><\/a>\n            <\/dt><\/dl><dl class='gallery-item'>\n            <dt class='gallery-icon'>\n                <a href='https:\/\/bursacephe.com\/wp-content\/uploads\/2023\/10\/669.jpg'><img loading=\"lazy\" decoding=\"async\" width=\"600\" height=\"300\" src=\"https:\/\/bursacephe.com\/wp-content\/uploads\/2023\/10\/669-600x300.jpg\" class=\"attachment-medium-thumb size-medium-thumb\" alt=\"\" srcset=\"https:\/\/bursacephe.com\/wp-content\/uploads\/2023\/10\/669-600x300.jpg 600w, https:\/\/bursacephe.com\/wp-content\/uploads\/2023\/10\/669-400x200.jpg 400w, https:\/\/bursacephe.com\/wp-content\/uploads\/2023\/10\/669-800x400.jpg 800w\" sizes=\"(max-width: 600px) 100vw, 600px\" \/><\/a>\n            <\/dt><\/dl><dl class='gallery-item'>\n            <dt class='gallery-icon'>\n                <a href='https:\/\/bursacephe.com\/wp-content\/uploads\/2023\/10\/670.jpg'><img loading=\"lazy\" decoding=\"async\" width=\"600\" height=\"300\" src=\"https:\/\/bursacephe.com\/wp-content\/uploads\/2023\/10\/670-600x300.jpg\" class=\"attachment-medium-thumb size-medium-thumb\" alt=\"\" srcset=\"https:\/\/bursacephe.com\/wp-content\/uploads\/2023\/10\/670-600x300.jpg 600w, https:\/\/bursacephe.com\/wp-content\/uploads\/2023\/10\/670-400x200.jpg 400w, https:\/\/bursacephe.com\/wp-content\/uploads\/2023\/10\/670-800x400.jpg 800w\" sizes=\"(max-width: 600px) 100vw, 600px\" \/><\/a>\n            <\/dt><\/dl><div class=\"clear\"><\/div><dl class='gallery-item'>\n            <dt class='gallery-icon'>\n                <a href='https:\/\/bursacephe.com\/wp-content\/uploads\/2023\/10\/671.jpg'><img loading=\"lazy\" decoding=\"async\" width=\"600\" height=\"300\" src=\"https:\/\/bursacephe.com\/wp-content\/uploads\/2023\/10\/671-600x300.jpg\" class=\"attachment-medium-thumb size-medium-thumb\" alt=\"\" srcset=\"https:\/\/bursacephe.com\/wp-content\/uploads\/2023\/10\/671-600x300.jpg 600w, https:\/\/bursacephe.com\/wp-content\/uploads\/2023\/10\/671-400x200.jpg 400w, https:\/\/bursacephe.com\/wp-content\/uploads\/2023\/10\/671-800x400.jpg 800w\" sizes=\"(max-width: 600px) 100vw, 600px\" \/><\/a>\n            <\/dt><\/dl><dl class='gallery-item'>\n            <dt class='gallery-icon'>\n                <a href='https:\/\/bursacephe.com\/wp-content\/uploads\/2023\/10\/672.jpg'><img loading=\"lazy\" decoding=\"async\" width=\"600\" height=\"300\" src=\"https:\/\/bursacephe.com\/wp-content\/uploads\/2023\/10\/672-600x300.jpg\" class=\"attachment-medium-thumb size-medium-thumb\" alt=\"\" srcset=\"https:\/\/bursacephe.com\/wp-content\/uploads\/2023\/10\/672-600x300.jpg 600w, https:\/\/bursacephe.com\/wp-content\/uploads\/2023\/10\/672-400x200.jpg 400w, https:\/\/bursacephe.com\/wp-content\/uploads\/2023\/10\/672-800x400.jpg 800w\" sizes=\"(max-width: 600px) 100vw, 600px\" \/><\/a>\n            <\/dt><\/dl><dl class='gallery-item'>\n            <dt class='gallery-icon'>\n                <a href='https:\/\/bursacephe.com\/wp-content\/uploads\/2023\/10\/675.jpg'><img loading=\"lazy\" decoding=\"async\" width=\"600\" height=\"300\" src=\"https:\/\/bursacephe.com\/wp-content\/uploads\/2023\/10\/675-600x300.jpg\" class=\"attachment-medium-thumb size-medium-thumb\" alt=\"\" srcset=\"https:\/\/bursacephe.com\/wp-content\/uploads\/2023\/10\/675-600x300.jpg 600w, https:\/\/bursacephe.com\/wp-content\/uploads\/2023\/10\/675-400x200.jpg 400w, https:\/\/bursacephe.com\/wp-content\/uploads\/2023\/10\/675-800x400.jpg 800w\" sizes=\"(max-width: 600px) 100vw, 600px\" \/><\/a>\n            <\/dt><\/dl><div class=\"clear\"><\/div><dl class='gallery-item'>\n            <dt class='gallery-icon'>\n                <a href='https:\/\/bursacephe.com\/wp-content\/uploads\/2023\/10\/676.jpg'><img loading=\"lazy\" decoding=\"async\" width=\"600\" height=\"300\" src=\"https:\/\/bursacephe.com\/wp-content\/uploads\/2023\/10\/676-600x300.jpg\" class=\"attachment-medium-thumb size-medium-thumb\" alt=\"\" srcset=\"https:\/\/bursacephe.com\/wp-content\/uploads\/2023\/10\/676-600x300.jpg 600w, https:\/\/bursacephe.com\/wp-content\/uploads\/2023\/10\/676-400x200.jpg 400w, https:\/\/bursacephe.com\/wp-content\/uploads\/2023\/10\/676-800x400.jpg 800w\" sizes=\"(max-width: 600px) 100vw, 600px\" \/><\/a>\n            <\/dt><\/dl><dl class='gallery-item'>\n            <dt class='gallery-icon'>\n                <a href='https:\/\/bursacephe.com\/wp-content\/uploads\/2023\/10\/551.jpg'><img loading=\"lazy\" decoding=\"async\" width=\"600\" height=\"300\" src=\"https:\/\/bursacephe.com\/wp-content\/uploads\/2023\/10\/551-600x300.jpg\" class=\"attachment-medium-thumb size-medium-thumb\" alt=\"\" srcset=\"https:\/\/bursacephe.com\/wp-content\/uploads\/2023\/10\/551-600x300.jpg 600w, https:\/\/bursacephe.com\/wp-content\/uploads\/2023\/10\/551-400x200.jpg 400w, https:\/\/bursacephe.com\/wp-content\/uploads\/2023\/10\/551-800x400.jpg 800w\" sizes=\"(max-width: 600px) 100vw, 600px\" \/><\/a>\n            <\/dt><\/dl><dl class='gallery-item'>\n            <dt class='gallery-icon'>\n                <a href='https:\/\/bursacephe.com\/wp-content\/uploads\/2023\/10\/552.jpg'><img loading=\"lazy\" decoding=\"async\" width=\"600\" height=\"300\" src=\"https:\/\/bursacephe.com\/wp-content\/uploads\/2023\/10\/552-600x300.jpg\" class=\"attachment-medium-thumb size-medium-thumb\" alt=\"\" srcset=\"https:\/\/bursacephe.com\/wp-content\/uploads\/2023\/10\/552-600x300.jpg 600w, https:\/\/bursacephe.com\/wp-content\/uploads\/2023\/10\/552-400x200.jpg 400w, https:\/\/bursacephe.com\/wp-content\/uploads\/2023\/10\/552-800x400.jpg 800w\" sizes=\"(max-width: 600px) 100vw, 600px\" \/><\/a>\n            <\/dt><\/dl><div class=\"clear\"><\/div><dl class='gallery-item'>\n            <dt class='gallery-icon'>\n                <a href='https:\/\/bursacephe.com\/wp-content\/uploads\/2023\/10\/553.jpg'><img loading=\"lazy\" decoding=\"async\" width=\"600\" height=\"300\" src=\"https:\/\/bursacephe.com\/wp-content\/uploads\/2023\/10\/553-600x300.jpg\" class=\"attachment-medium-thumb size-medium-thumb\" alt=\"\" srcset=\"https:\/\/bursacephe.com\/wp-content\/uploads\/2023\/10\/553-600x300.jpg 600w, https:\/\/bursacephe.com\/wp-content\/uploads\/2023\/10\/553-400x200.jpg 400w, https:\/\/bursacephe.com\/wp-content\/uploads\/2023\/10\/553-800x400.jpg 800w\" sizes=\"(max-width: 600px) 100vw, 600px\" \/><\/a>\n            <\/dt><\/dl><dl class='gallery-item'>\n            <dt class='gallery-icon'>\n                <a href='https:\/\/bursacephe.com\/wp-content\/uploads\/2023\/10\/554.jpg'><img loading=\"lazy\" decoding=\"async\" width=\"600\" height=\"300\" src=\"https:\/\/bursacephe.com\/wp-content\/uploads\/2023\/10\/554-600x300.jpg\" class=\"attachment-medium-thumb size-medium-thumb\" alt=\"\" srcset=\"https:\/\/bursacephe.com\/wp-content\/uploads\/2023\/10\/554-600x300.jpg 600w, https:\/\/bursacephe.com\/wp-content\/uploads\/2023\/10\/554-400x200.jpg 400w, https:\/\/bursacephe.com\/wp-content\/uploads\/2023\/10\/554-800x400.jpg 800w\" sizes=\"(max-width: 600px) 100vw, 600px\" \/><\/a>\n            <\/dt><\/dl><dl class='gallery-item'>\n            <dt class='gallery-icon'>\n                <a href='https:\/\/bursacephe.com\/wp-content\/uploads\/2023\/10\/683.jpg'><img loading=\"lazy\" decoding=\"async\" width=\"600\" height=\"300\" src=\"https:\/\/bursacephe.com\/wp-content\/uploads\/2023\/10\/683-600x300.jpg\" class=\"attachment-medium-thumb size-medium-thumb\" alt=\"\" srcset=\"https:\/\/bursacephe.com\/wp-content\/uploads\/2023\/10\/683-600x300.jpg 600w, https:\/\/bursacephe.com\/wp-content\/uploads\/2023\/10\/683-400x200.jpg 400w, https:\/\/bursacephe.com\/wp-content\/uploads\/2023\/10\/683-800x400.jpg 800w\" sizes=\"(max-width: 600px) 100vw, 600px\" \/><\/a>\n            <\/dt><\/dl><div class=\"clear\"><\/div><dl class='gallery-item'>\n            <dt class='gallery-icon'>\n                <a href='https:\/\/bursacephe.com\/wp-content\/uploads\/2023\/10\/684.jpg'><img loading=\"lazy\" decoding=\"async\" width=\"600\" height=\"300\" src=\"https:\/\/bursacephe.com\/wp-content\/uploads\/2023\/10\/684-600x300.jpg\" class=\"attachment-medium-thumb size-medium-thumb\" alt=\"\" srcset=\"https:\/\/bursacephe.com\/wp-content\/uploads\/2023\/10\/684-600x300.jpg 600w, https:\/\/bursacephe.com\/wp-content\/uploads\/2023\/10\/684-400x200.jpg 400w, https:\/\/bursacephe.com\/wp-content\/uploads\/2023\/10\/684-800x400.jpg 800w\" sizes=\"(max-width: 600px) 100vw, 600px\" \/><\/a>\n            <\/dt><\/dl><dl class='gallery-item'>\n            <dt class='gallery-icon'>\n                <a href='https:\/\/bursacephe.com\/wp-content\/uploads\/2023\/10\/779.jpg'><img loading=\"lazy\" decoding=\"async\" width=\"600\" height=\"300\" src=\"https:\/\/bursacephe.com\/wp-content\/uploads\/2023\/10\/779-600x300.jpg\" class=\"attachment-medium-thumb size-medium-thumb\" alt=\"\" srcset=\"https:\/\/bursacephe.com\/wp-content\/uploads\/2023\/10\/779-600x300.jpg 600w, https:\/\/bursacephe.com\/wp-content\/uploads\/2023\/10\/779-400x200.jpg 400w, https:\/\/bursacephe.com\/wp-content\/uploads\/2023\/10\/779-800x400.jpg 800w\" sizes=\"(max-width: 600px) 100vw, 600px\" \/><\/a>\n            <\/dt><\/dl><dl class='gallery-item'>\n            <dt class='gallery-icon'>\n                <a href='https:\/\/bursacephe.com\/wp-content\/uploads\/2023\/10\/780.jpg'><img loading=\"lazy\" decoding=\"async\" width=\"600\" height=\"300\" src=\"https:\/\/bursacephe.com\/wp-content\/uploads\/2023\/10\/780-600x300.jpg\" class=\"attachment-medium-thumb size-medium-thumb\" alt=\"\" srcset=\"https:\/\/bursacephe.com\/wp-content\/uploads\/2023\/10\/780-600x300.jpg 600w, https:\/\/bursacephe.com\/wp-content\/uploads\/2023\/10\/780-400x200.jpg 400w, https:\/\/bursacephe.com\/wp-content\/uploads\/2023\/10\/780-800x400.jpg 800w\" sizes=\"(max-width: 600px) 100vw, 600px\" \/><\/a>\n            <\/dt><\/dl><div class=\"clear\"><\/div><dl class='gallery-item'>\n            <dt class='gallery-icon'>\n                <a href='https:\/\/bursacephe.com\/wp-content\/uploads\/2023\/10\/781.jpg'><img loading=\"lazy\" decoding=\"async\" width=\"600\" height=\"300\" src=\"https:\/\/bursacephe.com\/wp-content\/uploads\/2023\/10\/781-600x300.jpg\" class=\"attachment-medium-thumb size-medium-thumb\" alt=\"\" srcset=\"https:\/\/bursacephe.com\/wp-content\/uploads\/2023\/10\/781-600x300.jpg 600w, https:\/\/bursacephe.com\/wp-content\/uploads\/2023\/10\/781-400x200.jpg 400w, https:\/\/bursacephe.com\/wp-content\/uploads\/2023\/10\/781-800x400.jpg 800w\" sizes=\"(max-width: 600px) 100vw, 600px\" \/><\/a>\n            <\/dt><\/dl><dl class='gallery-item'>\n            <dt class='gallery-icon'>\n                <a href='https:\/\/bursacephe.com\/wp-content\/uploads\/2023\/10\/774.jpg'><img loading=\"lazy\" decoding=\"async\" width=\"600\" height=\"300\" src=\"https:\/\/bursacephe.com\/wp-content\/uploads\/2023\/10\/774-600x300.jpg\" class=\"attachment-medium-thumb size-medium-thumb\" alt=\"\" srcset=\"https:\/\/bursacephe.com\/wp-content\/uploads\/2023\/10\/774-600x300.jpg 600w, https:\/\/bursacephe.com\/wp-content\/uploads\/2023\/10\/774-400x200.jpg 400w, https:\/\/bursacephe.com\/wp-content\/uploads\/2023\/10\/774-800x400.jpg 800w\" sizes=\"(max-width: 600px) 100vw, 600px\" \/><\/a>\n            <\/dt><\/dl><dl class='gallery-item'>\n            <dt class='gallery-icon'>\n                <a href='https:\/\/bursacephe.com\/wp-content\/uploads\/2023\/10\/773.jpg'><img loading=\"lazy\" decoding=\"async\" width=\"600\" height=\"300\" src=\"https:\/\/bursacephe.com\/wp-content\/uploads\/2023\/10\/773-600x300.jpg\" class=\"attachment-medium-thumb size-medium-thumb\" alt=\"\" srcset=\"https:\/\/bursacephe.com\/wp-content\/uploads\/2023\/10\/773-600x300.jpg 600w, https:\/\/bursacephe.com\/wp-content\/uploads\/2023\/10\/773-400x200.jpg 400w, https:\/\/bursacephe.com\/wp-content\/uploads\/2023\/10\/773-800x400.jpg 800w\" sizes=\"(max-width: 600px) 100vw, 600px\" \/><\/a>\n            <\/dt><\/dl><div class=\"clear\"><\/div><dl class='gallery-item'>\n            <dt class='gallery-icon'>\n                <a href='https:\/\/bursacephe.com\/wp-content\/uploads\/2023\/10\/782.jpg'><img loading=\"lazy\" decoding=\"async\" width=\"600\" height=\"300\" src=\"https:\/\/bursacephe.com\/wp-content\/uploads\/2023\/10\/782-600x300.jpg\" class=\"attachment-medium-thumb size-medium-thumb\" alt=\"\" srcset=\"https:\/\/bursacephe.com\/wp-content\/uploads\/2023\/10\/782-600x300.jpg 600w, https:\/\/bursacephe.com\/wp-content\/uploads\/2023\/10\/782-400x200.jpg 400w, https:\/\/bursacephe.com\/wp-content\/uploads\/2023\/10\/782-800x400.jpg 800w\" sizes=\"(max-width: 600px) 100vw, 600px\" \/><\/a>\n            <\/dt><\/dl><dl class='gallery-item'>\n            <dt class='gallery-icon'>\n                <a href='https:\/\/bursacephe.com\/wp-content\/uploads\/2023\/10\/775.jpg'><img loading=\"lazy\" decoding=\"async\" width=\"600\" height=\"300\" src=\"https:\/\/bursacephe.com\/wp-content\/uploads\/2023\/10\/775-600x300.jpg\" class=\"attachment-medium-thumb size-medium-thumb\" alt=\"\" srcset=\"https:\/\/bursacephe.com\/wp-content\/uploads\/2023\/10\/775-600x300.jpg 600w, https:\/\/bursacephe.com\/wp-content\/uploads\/2023\/10\/775-400x200.jpg 400w, https:\/\/bursacephe.com\/wp-content\/uploads\/2023\/10\/775-800x400.jpg 800w\" sizes=\"(max-width: 600px) 100vw, 600px\" \/><\/a>\n            <\/dt><\/dl><dl class='gallery-item'>\n            <dt class='gallery-icon'>\n                <a href='https:\/\/bursacephe.com\/wp-content\/uploads\/2023\/10\/653.jpg'><img loading=\"lazy\" decoding=\"async\" width=\"600\" height=\"300\" src=\"https:\/\/bursacephe.com\/wp-content\/uploads\/2023\/10\/653-600x300.jpg\" class=\"attachment-medium-thumb size-medium-thumb\" alt=\"\" srcset=\"https:\/\/bursacephe.com\/wp-content\/uploads\/2023\/10\/653-600x300.jpg 600w, https:\/\/bursacephe.com\/wp-content\/uploads\/2023\/10\/653-400x200.jpg 400w, https:\/\/bursacephe.com\/wp-content\/uploads\/2023\/10\/653-800x400.jpg 800w\" sizes=\"(max-width: 600px) 100vw, 600px\" \/><\/a>\n            <\/dt><\/dl><div class=\"clear\"><\/div>\n            <div class=\"clear\"><\/div>\n        <\/div>\n\n<p>[\/vc_column_text][\/vc_column][\/vc_row][vc_row][vc_column][vc_video link=&#8220;https:\/\/www.youtube.com\/watch?v=kfVTYjWIx4Q&#8220;][vc_video link=&#8220;https:\/\/www.youtube.com\/watch?v=Ddo5FRHCdc0&#8243;][\/vc_column][\/vc_row]<\/p>\n","protected":false},"excerpt":{"rendered":"<p>[vc_row][vc_column][vc_column_text][\/vc_column_text][vc_column_text] [\/vc_column_text][\/vc_column][\/vc_row][vc_row][vc_column][vc_video link=&#8220;https:\/\/www.youtube.com\/watch?v=kfVTYjWIx4Q&#8220;][vc_video link=&#8220;https:\/\/www.youtube.com\/watch?v=Ddo5FRHCdc0&#8243;][\/vc_column][\/vc_row]<\/p>\n","protected":false},"author":1,"featured_media":1417,"parent":927,"menu_order":150,"comment_status":"closed","ping_status":"closed","template":"","meta":{"footnotes":""},"_links":{"self":[{"href":"https:\/\/bursacephe.com\/de\/wp-json\/wp\/v2\/pages\/1397"}],"collection":[{"href":"https:\/\/bursacephe.com\/de\/wp-json\/wp\/v2\/pages"}],"about":[{"href":"https:\/\/bursacephe.com\/de\/wp-json\/wp\/v2\/types\/page"}],"author":[{"embeddable":true,"href":"https:\/\/bursacephe.com\/de\/wp-json\/wp\/v2\/users\/1"}],"replies":[{"embeddable":true,"href":"https:\/\/bursacephe.com\/de\/wp-json\/wp\/v2\/comments?post=1397"}],"version-history":[{"count":3,"href":"https:\/\/bursacephe.com\/de\/wp-json\/wp\/v2\/pages\/1397\/revisions"}],"predecessor-version":[{"id":1439,"href":"https:\/\/bursacephe.com\/de\/wp-json\/wp\/v2\/pages\/1397\/revisions\/1439"}],"up":[{"embeddable":true,"href":"https:\/\/bursacephe.com\/de\/wp-json\/wp\/v2\/pages\/927"}],"wp:featuredmedia":[{"embeddable":true,"href":"https:\/\/bursacephe.com\/de\/wp-json\/wp\/v2\/media\/1417"}],"wp:attachment":[{"href":"https:\/\/bursacephe.com\/de\/wp-json\/wp\/v2\/media?parent=1397"}],"curies":[{"name":"wp","href":"https:\/\/api.w.org\/{rel}","templated":true}]}}