{"id":1443,"date":"2023-10-17T22:02:57","date_gmt":"2023-10-17T19:02:57","guid":{"rendered":"https:\/\/bursacephe.com\/web\/?page_id=1443"},"modified":"2023-11-15T01:00:46","modified_gmt":"2023-11-14T22:00:46","slug":"surerler-is-merkezi-balikesir","status":"publish","type":"page","link":"https:\/\/bursacephe.com\/de\/projelerimiz\/surerler-is-merkezi-balikesir\/","title":{"rendered":"S\u00fcrerler \u0130\u015f Merkezi Bal\u0131kesir"},"content":{"rendered":"<p>[vc_row][vc_column][vc_column_text]<img decoding=\"async\" class=\"aligncenter size-full wp-image-1447\" src=\"https:\/\/bursacephe.com\/web\/wp-content\/uploads\/2023\/10\/is-merkezi.jpg\" alt=\"\" width=\"100%\" srcset=\"https:\/\/bursacephe.com\/wp-content\/uploads\/2023\/10\/is-merkezi.jpg 1841w, https:\/\/bursacephe.com\/wp-content\/uploads\/2023\/10\/is-merkezi-300x96.jpg 300w, https:\/\/bursacephe.com\/wp-content\/uploads\/2023\/10\/is-merkezi-1024x328.jpg 1024w, https:\/\/bursacephe.com\/wp-content\/uploads\/2023\/10\/is-merkezi-768x246.jpg 768w, https:\/\/bursacephe.com\/wp-content\/uploads\/2023\/10\/is-merkezi-1536x491.jpg 1536w\" sizes=\"(max-width: 1841px) 100vw, 1841px\" \/>[\/vc_column_text][\/vc_column][\/vc_row][vc_row][vc_column][vc_column_text]<\/p>\n\n        <style type='text\/css'>\n            #gallery-1 .gallery-item {\n                float: left;\n                text-align: center;\n                width: 33.333333333333%;\n                margin-bottom:0;\n            }\n            #gallery-1 img {\n            }\n            #gallery-1 .gallery-caption {\n                margin-left: 0;\n            }\n        <\/style>\n        <script type='text\/javascript'>\n        \tjQuery(document).ready(function() {\n\t\t\t\tjQuery('.galleryid-1443').magnificPopup({\n\t\t\t\t\tdelegate: '.gallery-item a',\n\t\t\t\t\ttype: 'image',\n\t\t\t\t\tgallery:{\n\t\t\t\t\t\tenabled:true\n\t\t\t\t\t},\n\t\t\t\t\tzoom: {\n\t\t\t\t\t\tenabled:true\n\t\t\t\t\t}\n\t\t\t\t});\n\t\t\t});\n        <\/script>\n\t\t<div id='gallery-1' class='gallery galleryid-1443 gallery-columns-3 gallery-size-medium-thumb gallery-lightbox'><dl class='gallery-item'>\n            <dt class='gallery-icon'>\n                <a href='https:\/\/bursacephe.com\/wp-content\/uploads\/2023\/10\/652.jpg'><img loading=\"lazy\" decoding=\"async\" width=\"600\" height=\"300\" src=\"https:\/\/bursacephe.com\/wp-content\/uploads\/2023\/10\/652-600x300.jpg\" class=\"attachment-medium-thumb size-medium-thumb\" alt=\"\" srcset=\"https:\/\/bursacephe.com\/wp-content\/uploads\/2023\/10\/652-600x300.jpg 600w, https:\/\/bursacephe.com\/wp-content\/uploads\/2023\/10\/652-400x200.jpg 400w\" sizes=\"(max-width: 600px) 100vw, 600px\" \/><\/a>\n            <\/dt><\/dl><dl class='gallery-item'>\n            <dt class='gallery-icon'>\n                <a href='https:\/\/bursacephe.com\/wp-content\/uploads\/2023\/10\/651.jpg'><img loading=\"lazy\" decoding=\"async\" width=\"600\" height=\"300\" src=\"https:\/\/bursacephe.com\/wp-content\/uploads\/2023\/10\/651-600x300.jpg\" class=\"attachment-medium-thumb size-medium-thumb\" alt=\"\" srcset=\"https:\/\/bursacephe.com\/wp-content\/uploads\/2023\/10\/651-600x300.jpg 600w, https:\/\/bursacephe.com\/wp-content\/uploads\/2023\/10\/651-400x200.jpg 400w, https:\/\/bursacephe.com\/wp-content\/uploads\/2023\/10\/651-800x400.jpg 800w\" sizes=\"(max-width: 600px) 100vw, 600px\" \/><\/a>\n            <\/dt><\/dl><dl class='gallery-item'>\n            <dt class='gallery-icon'>\n                <a href='https:\/\/bursacephe.com\/wp-content\/uploads\/2023\/10\/5fa2b1bc-9760-45f9-8853-61a2112cca81.jpg'><img loading=\"lazy\" decoding=\"async\" width=\"600\" height=\"300\" src=\"https:\/\/bursacephe.com\/wp-content\/uploads\/2023\/10\/5fa2b1bc-9760-45f9-8853-61a2112cca81-600x300.jpg\" class=\"attachment-medium-thumb size-medium-thumb\" alt=\"\" srcset=\"https:\/\/bursacephe.com\/wp-content\/uploads\/2023\/10\/5fa2b1bc-9760-45f9-8853-61a2112cca81-600x300.jpg 600w, https:\/\/bursacephe.com\/wp-content\/uploads\/2023\/10\/5fa2b1bc-9760-45f9-8853-61a2112cca81-400x200.jpg 400w, https:\/\/bursacephe.com\/wp-content\/uploads\/2023\/10\/5fa2b1bc-9760-45f9-8853-61a2112cca81-800x400.jpg 800w\" sizes=\"(max-width: 600px) 100vw, 600px\" \/><\/a>\n            <\/dt><\/dl><div class=\"clear\"><\/div>\n            <div class=\"clear\"><\/div>\n        <\/div>\n\n<p>[\/vc_column_text][\/vc_column][\/vc_row]<\/p>\n","protected":false},"excerpt":{"rendered":"<p>[vc_row][vc_column][vc_column_text][\/vc_column_text][\/vc_column][\/vc_row][vc_row][vc_column][vc_column_text] [\/vc_column_text][\/vc_column][\/vc_row]<\/p>\n","protected":false},"author":1,"featured_media":1445,"parent":927,"menu_order":147,"comment_status":"closed","ping_status":"closed","template":"","meta":{"footnotes":""},"_links":{"self":[{"href":"https:\/\/bursacephe.com\/de\/wp-json\/wp\/v2\/pages\/1443"}],"collection":[{"href":"https:\/\/bursacephe.com\/de\/wp-json\/wp\/v2\/pages"}],"about":[{"href":"https:\/\/bursacephe.com\/de\/wp-json\/wp\/v2\/types\/page"}],"author":[{"embeddable":true,"href":"https:\/\/bursacephe.com\/de\/wp-json\/wp\/v2\/users\/1"}],"replies":[{"embeddable":true,"href":"https:\/\/bursacephe.com\/de\/wp-json\/wp\/v2\/comments?post=1443"}],"version-history":[{"count":1,"href":"https:\/\/bursacephe.com\/de\/wp-json\/wp\/v2\/pages\/1443\/revisions"}],"predecessor-version":[{"id":1448,"href":"https:\/\/bursacephe.com\/de\/wp-json\/wp\/v2\/pages\/1443\/revisions\/1448"}],"up":[{"embeddable":true,"href":"https:\/\/bursacephe.com\/de\/wp-json\/wp\/v2\/pages\/927"}],"wp:featuredmedia":[{"embeddable":true,"href":"https:\/\/bursacephe.com\/de\/wp-json\/wp\/v2\/media\/1445"}],"wp:attachment":[{"href":"https:\/\/bursacephe.com\/de\/wp-json\/wp\/v2\/media?parent=1443"}],"curies":[{"name":"wp","href":"https:\/\/api.w.org\/{rel}","templated":true}]}}