{"id":1508,"date":"2023-10-18T23:51:44","date_gmt":"2023-10-18T20:51:44","guid":{"rendered":"https:\/\/bursacephe.com\/web\/?page_id=1508"},"modified":"2023-11-15T01:17:58","modified_gmt":"2023-11-14T22:17:58","slug":"inegol-kemal-selcuk","status":"publish","type":"page","link":"https:\/\/bursacephe.com\/de\/projelerimiz\/inegol-kemal-selcuk\/","title":{"rendered":"\u0130neg\u00f6l Kemal Sel\u00e7uk"},"content":{"rendered":"<p>[vc_row][vc_column][vc_column_text]<img decoding=\"async\" class=\"aligncenter size-full wp-image-1509\" src=\"https:\/\/bursacephe.com\/web\/wp-content\/uploads\/2023\/10\/bursa-cephe.jpg\" alt=\"\" width=\"100%\" srcset=\"https:\/\/bursacephe.com\/wp-content\/uploads\/2023\/10\/bursa-cephe.jpg 1220w, https:\/\/bursacephe.com\/wp-content\/uploads\/2023\/10\/bursa-cephe-300x223.jpg 300w, https:\/\/bursacephe.com\/wp-content\/uploads\/2023\/10\/bursa-cephe-1024x760.jpg 1024w, https:\/\/bursacephe.com\/wp-content\/uploads\/2023\/10\/bursa-cephe-768x570.jpg 768w\" sizes=\"(max-width: 1220px) 100vw, 1220px\" \/>[\/vc_column_text][\/vc_column][\/vc_row]<\/p>\n","protected":false},"excerpt":{"rendered":"<p>[vc_row][vc_column][vc_column_text][\/vc_column_text][\/vc_column][\/vc_row]<\/p>\n","protected":false},"author":1,"featured_media":1509,"parent":927,"menu_order":80,"comment_status":"closed","ping_status":"closed","template":"","meta":{"footnotes":""},"_links":{"self":[{"href":"https:\/\/bursacephe.com\/de\/wp-json\/wp\/v2\/pages\/1508"}],"collection":[{"href":"https:\/\/bursacephe.com\/de\/wp-json\/wp\/v2\/pages"}],"about":[{"href":"https:\/\/bursacephe.com\/de\/wp-json\/wp\/v2\/types\/page"}],"author":[{"embeddable":true,"href":"https:\/\/bursacephe.com\/de\/wp-json\/wp\/v2\/users\/1"}],"replies":[{"embeddable":true,"href":"https:\/\/bursacephe.com\/de\/wp-json\/wp\/v2\/comments?post=1508"}],"version-history":[{"count":2,"href":"https:\/\/bursacephe.com\/de\/wp-json\/wp\/v2\/pages\/1508\/revisions"}],"predecessor-version":[{"id":1511,"href":"https:\/\/bursacephe.com\/de\/wp-json\/wp\/v2\/pages\/1508\/revisions\/1511"}],"up":[{"embeddable":true,"href":"https:\/\/bursacephe.com\/de\/wp-json\/wp\/v2\/pages\/927"}],"wp:featuredmedia":[{"embeddable":true,"href":"https:\/\/bursacephe.com\/de\/wp-json\/wp\/v2\/media\/1509"}],"wp:attachment":[{"href":"https:\/\/bursacephe.com\/de\/wp-json\/wp\/v2\/media?parent=1508"}],"curies":[{"name":"wp","href":"https:\/\/api.w.org\/{rel}","templated":true}]}}