{"id":538,"date":"2015-02-14T08:59:00","date_gmt":"2015-02-14T08:59:00","guid":{"rendered":"http:\/\/demo.wpcharming.com\/construction\/?page_id=538"},"modified":"2025-04-23T22:25:30","modified_gmt":"2025-04-23T19:25:30","slug":"home-extended","status":"publish","type":"page","link":"https:\/\/bursacephe.com\/de\/","title":{"rendered":"Keramikfassade Silikon-Fassadenverkleidungssysteme"},"content":{"rendered":"<p>[vc_row row_type=&#8220;row_fullwidth_content&#8220; margin_top=&#8220;-80&#8243; padding_bottom=&#8220;0&#8243; class=&#8220;fit-screen&#8220;][vc_column][rev_slider_vc alias=&#8220;en&#8220;][\/vc_column][\/vc_row][vc_row row_id=&#8220;sistemler&#8220; row_type=&#8220;row_full_center_content&#8220; padding_top=&#8220;60&#8243; padding_bottom=&#8220;20&#8243;][vc_column][vc_column_text el_class=&#8220;sistemler&#8220;]<\/p>\n<h1><strong>SYSTEME<\/strong><\/h1>\n<div id=\"owl-carousel-1156932059\" class=\"owl-carousel owl-carousel-sistemler\"  data-items=\"1\"  data-autoplay=\"true\"  data-navigation=\"false\"  data-pagination=\"true\"  data-slidespeed=\"900\"  data-paginationspeed=\"400\" ><div class=\"item\"><div class=\"owl-carousel-item-text\"><div class=\"row_inner row_center_content clearfix sistemler-kutu\">\r\n<div class=\"wpb_column vc_column_container vc_col-sm-8\">\r\n<h2 class=\"sistemler-baslik\">Keramisches Fassadenverkleidungs-System<\/h2>\r\nKeramik-Fassadenverkleidungssystem; Als nat\u00fcrliches Material wird es zusammen mit der Aluminium-Tr\u00e4gerkonstruktion in den tauben Teilen der Geb\u00e4ude eingesetzt. Keramik-Fassadenverkleidungssystem Hohe Abrieb- und Sto\u00dffestigkeit, Fleckenbest\u00e4ndigkeit, geringe Wartungskosten, einfache Installation, Best\u00e4ndigkeit gegen \u00e4u\u00dfere Witterungsbedingungen und Feuer, viele Farb- und Gr\u00f6\u00dfenoptionen.\r\n\r\n<a class=\"btn btn-light\" href=\"https:\/\/bursacephe.com\/sistemler\/seramik-cephe\/\">Mehr lesen<\/a>\r\n\r\n<\/div>\r\n<div class=\"wpb_column vc_column_container sistemler-resim vc_col-sm-4\"><a href=\"https:\/\/bursacephe.com\/sistemler\/seramik-cephe\/\"><img decoding=\"async\" src=\"https:\/\/bursacephe.com\/wp-content\/uploads\/2023\/09\/seramik-cephe.jpg\" alt=\"seramik cephe\" width=\"100%\" \/><\/a><\/div>\r\n<\/div><\/div><\/div><div class=\"item\"><div class=\"owl-carousel-item-text\"><div class=\"row_inner row_center_content clearfix sistemler-kutu\">\r\n<div class=\"wpb_column vc_column_container vc_col-sm-8\">\r\n<h2 class=\"sistemler-baslik\">Silicon-Fassadenbeschichtungssystem<\/h2>\r\nSilikonfassade Bei der Silikonfassadenverkleidung, die die Einfachheit und Noblesse des Glases unterstreicht, werden die W\u00e4rmeschutzgl\u00e4ser mit Kassettenprofilen an der Fassade befestigt, die auf besondere Weise verklebt werden. Das Silikon-Fassadenverkleidungssystem garantiert eine pr\u00e4zise Abdichtung mit Dochtsicherung an drei Punkten. Das Silikon-Fassadenverkleidungssystem, das einfach und schnell zu installieren ist, wird von unseren Kunden wegen seiner einfachen Wartung und Reinigung nach der Installation gesch\u00e4tzt.\r\n\r\n<a class=\"btn btn-light\" href=\"https:\/\/bursacephe.com\/sistemler\/silikon-cephe\/\">Mehr lesen<\/a>\r\n\r\n<\/div>\r\n<div class=\"wpb_column vc_column_container sistemler-resim vc_col-sm-4\"><a href=\"https:\/\/bursacephe.com\/sistemler\/silikon-cephe\/\"><img decoding=\"async\" src=\"https:\/\/bursacephe.com\/wp-content\/uploads\/2023\/09\/silikon.jpg\" alt=\"seramik cephe\" width=\"100%\" \/><\/a><\/div>\r\n<\/div><\/div><\/div><div class=\"item\"><div class=\"owl-carousel-item-text\"><div class=\"row_inner row_center_content clearfix sistemler-kutu\">\r\n<div class=\"wpb_column vc_column_container vc_col-sm-8\">\r\n<h2 class=\"sistemler-baslik\">Silicon-Fassadenbeschichtungssysteme<\/h2>\r\nOberlichtsysteme Kassettenfreie Siliconfassade Systemfassade Kassettenfreie Siliconfassade Systemfassade Siliconfassade ist eine in den letzten Jahren h\u00e4ufig bevorzugte Fassadenl\u00f6sung. Die Gl\u00e4ser werden an den vertikalen und horizontalen Profilen mit Hilfe spezieller Klammern an dem System befestigt, das an den Stellen, an denen sich die Isolierglaslatte befindet, Tugle genannt wird, und die Fugen zwischen den Gl\u00e4sern werden mit Silikon ausgef\u00fcllt und geschlossen.\r\n\r\n<a class=\"btn btn-light\" href=\"https:\/\/bursacephe.com\/sistemler\/kasetsiz-silikon-cephe-sistemi\/\">Mehr lesen<\/a>\r\n\r\n<\/div>\r\n<div class=\"wpb_column vc_column_container sistemler-resim vc_col-sm-4\"><a href=\"https:\/\/bursacephe.com\/sistemler\/kasetsiz-silikon-cephe-sistemi\/\"><img decoding=\"async\" src=\"https:\/\/bursacephe.com\/wp-content\/uploads\/2023\/10\/kasetsiz-silikon.jpg\" alt=\"seramik cephe\" width=\"100%\" \/><\/a><\/div>\r\n<\/div><\/div><\/div><div class=\"item\"><div class=\"owl-carousel-item-text\"><div class=\"row_inner row_center_content clearfix sistemler-kutu\">\r\n<div class=\"wpb_column vc_column_container vc_col-sm-8\">\r\n<h2 class=\"sistemler-baslik\">Zweischaliges und halbschaliges System<\/h2>\r\nVorhangfassaden in Schalenbauweise sind sehr verbreitet und leicht herzustellen, da dieses System am l\u00e4ngsten angewendet wird. Da es sich um ein System handelt, das in unserem Land weit verbreitet ist, kann es zu geringeren Kosten hergestellt werden.\r\n\r\n<a class=\"btn btn-light\" href=\"https:\/\/bursacephe.com\/sistemler\/kapakli-ve-yari-kapakli-sistem\/\">Mehr lesen<\/a>\r\n\r\n<\/div>\r\n<div class=\"wpb_column vc_column_container sistemler-resim vc_col-sm-4\"><a href=\"https:\/\/bursacephe.com\/sistemler\/kapakli-ve-yari-kapakli-sistem\/\"><img decoding=\"async\" src=\"https:\/\/bursacephe.com\/wp-content\/uploads\/2023\/10\/kasetli-1.jpg\" alt=\"seramik cephe\" width=\"100%\" \/><\/a><\/div>\r\n<\/div><\/div><\/div><div class=\"item\"><div class=\"owl-carousel-item-text\"><div class=\"row_inner row_center_content clearfix sistemler-kutu\">\r\n<div class=\"wpb_column vc_column_container vc_col-sm-8\">\r\n<h2 class=\"sistemler-baslik\">Komposit-Paneel<\/h2>\r\nAluminium-Verbundplatten, die in Innen- und Au\u00dfenfassadensystemen von Geb\u00e4uden verwendet werden, sind ein Fassadenverkleidungsprodukt, das keine zus\u00e4tzliche Belastung f\u00fcr die Geb\u00e4ude mit sich bringt, die Geb\u00e4ude vor Umwelteinfl\u00fcssen und jahreszeitlichen Einfl\u00fcssen sch\u00fctzt, Ihren Geb\u00e4uden ein \u00e4sthetisches Aussehen verleiht und \u00e4u\u00dferst pflegeleicht und sauber ist.\r\n\r\n<a class=\"btn btn-light\" href=\"https:\/\/bursacephe.com\/sistemler\/kompozit-panel\/\">Mehr lesen<\/a>\r\n\r\n<\/div>\r\n<div class=\"wpb_column vc_column_container sistemler-resim vc_col-sm-4\"><a href=\"https:\/\/bursacephe.com\/sistemler\/kompozit-panel\/\"><img decoding=\"async\" src=\"https:\/\/bursacephe.com\/wp-content\/uploads\/2023\/10\/kompozit.jpg\" alt=\"seramik cephe\" width=\"100%\" \/><\/a><\/div>\r\n<\/div><\/div><\/div><div class=\"item\"><div class=\"owl-carousel-item-text\"><div class=\"row_inner row_center_content clearfix sistemler-kutu\">\r\n<div class=\"wpb_column vc_column_container vc_col-sm-8\">\r\n<h2 class=\"sistemler-baslik\">ALUMINIUM-GLAS-GEL\u00c4NDERSYSTEME<\/h2>\r\nAluminium-Glasgel\u00e4nder-Balustradensysteme sind eine \u00e4sthetische und dauerhafte Option, die in der modernen Geb\u00e4udegestaltung h\u00e4ufig bevorzugt wird. Diese Systeme bieten eine stilvolle und sichere L\u00f6sung, bei der Glasscheiben mit Aluminiumgel\u00e4ndern im Au\u00dfen- und Innenbereich von Geb\u00e4uden kombiniert werden. Hier finden Sie weitere Informationen \u00fcber diese Systeme:\r\n\r\n<a class=\"btn btn-light\" href=\"https:\/\/bursacephe.com\/sistemler\/aluminyum-cam-kupeste-korkuluk-sistemleri\/\">Mehr lesen<\/a>\r\n\r\n<\/div>\r\n<div class=\"wpb_column vc_column_container sistemler-resim vc_col-sm-4\"><a href=\"https:\/\/bursacephe.com\/sistemler\/aluminyum-cam-kupeste-korkuluk-sistemleri\/\"><img decoding=\"async\" src=\"https:\/\/bursacephe.com\/wp-content\/uploads\/2023\/10\/aluminyum.jpg\" alt=\"seramik cephe\" width=\"100%\" \/><\/a><\/div>\r\n<\/div><\/div><\/div><div class=\"item\"><div class=\"owl-carousel-item-text\"><div class=\"row_inner row_center_content clearfix sistemler-kutu\">\r\n<div class=\"wpb_column vc_column_container vc_col-sm-8\">\r\n<h2 class=\"sistemler-baslik\">POLYCARBONAT-LICHTSYSTEME<\/h2>\r\nPolycarbonat-Leuchtsysteme sind Beleuchtungsl\u00f6sungen, die aus dem haltbaren und leichten Kunststoff Polycarbonat hergestellt werden. Solche Systeme k\u00f6nnen in verschiedenen Anwendungsbereichen eingesetzt werden und bieten eine Reihe von Vorteilen. Hier sind die Merkmale und Einsatzbereiche von Polycarbonat-Lichtsystemen:\r\n\r\n<a class=\"btn btn-light\" href=\"https:\/\/bursacephe.com\/sistemler\/polikorbon-isiklik-sistemleri\/\">Mehr lesen<\/a>\r\n\r\n<\/div>\r\n<div class=\"wpb_column vc_column_container sistemler-resim vc_col-sm-4\"><a href=\"https:\/\/bursacephe.com\/sistemler\/polikorbon-isiklik-sistemleri\/\"><img decoding=\"async\" src=\"https:\/\/bursacephe.com\/wp-content\/uploads\/2023\/10\/poli.jpg\" alt=\"seramik cephe\" width=\"100%\" \/><\/a><\/div>\r\n<\/div><\/div><\/div><div class=\"item\"><div class=\"owl-carousel-item-text\"><div class=\"row_inner row_center_content clearfix sistemler-kutu\">\r\n<div class=\"wpb_column vc_column_container vc_col-sm-8\">\r\n<h2 class=\"sistemler-baslik\">Kompakt-Laminat-Fassade<\/h2>\r\nBei diesem System werden Compact-Laminatplatten auf die Tr\u00e4gerunterkonstruktion aus Aluminiumankern und vertikalen Aluminium-T-Profilen durch Verklebung mit einem speziellen Polyurethankleber und doppelseitigem Klebeband aufgebracht. Dieses System wird wegen seiner wirtschaftlichen und schnellen Verlegung bevorzugt. Offene Fugen k\u00f6nnen belassen oder die Fugen mit Aluminium-Fugenprofilen geschlossen werden.\r\n\r\n<a class=\"btn btn-light\" href=\"https:\/\/bursacephe.com\/sistemler\/kompakt-laminat-cephe\/\">Mehr lesen<\/a>\r\n\r\n<\/div>\r\n<div class=\"wpb_column vc_column_container sistemler-resim vc_col-sm-4\"><a href=\"https:\/\/bursacephe.com\/sistemler\/kompakt-laminat-cephe\/\"><img decoding=\"async\" src=\"https:\/\/bursacephe.com\/wp-content\/uploads\/2023\/10\/laminat.jpg\" alt=\"seramik cephe\" width=\"100%\" \/><\/a><\/div>\r\n<\/div><\/div><\/div><div class=\"item\"><div class=\"owl-carousel-item-text\"><div class=\"row_inner row_center_content clearfix sistemler-kutu\">\r\n<div class=\"wpb_column vc_column_container vc_col-sm-8\">\r\n<h2 class=\"sistemler-baslik\">Terracotta cephe kaplama<\/h2>\r\nTerracotta cephe sistemi \u00e7ift cidarl\u0131 ve tek cidarl\u0131\u201d olmak \u00fczere iki t\u00fcrde \u00fcretilmektedir. Terra Cotta cephe kaplama \u00fcr\u00fcnleri ileri teknoloji ile \u00fcretildi\u011finden atmosferik etkiler kar\u015f\u0131s\u0131nda diren\u00e7li olup, geri d\u00f6n\u00fc\u015f\u00fcm \u00f6zelli\u011fi bulunmaktad\u0131r. Terra cotta cephe kaplamas\u0131 ile bina g\u00f6vdesi koruyucu bir kaplama kazan\u0131rken str\u00fckt\u00fcrel karakteristikler yenilik\u00e7i, bak\u0131m gerektirmeyen, ekolojik, ekonomik ve \u00e7ok iyi tasar\u0131m potansiyeli sunan cephe sistemi ile birbirini tamamlamaktad\u0131r.\r\n<br>\r\n<a class=\"btn btn-light\" href=\"https:\/\/bursacephe.com\/sistemler\/terracotta-cephe\/\">devam\u0131<\/a>\r\n\r\n<\/div>\r\n<div class=\"wpb_column vc_column_container sistemler-resim vc_col-sm-4\"><a href=\"https:\/\/bursacephe.com\/sistemler\/terracotta-cephe\/\"><img decoding=\"async\" src=\"https:\/\/bursacephe.com\/wp-content\/uploads\/2023\/10\/trc.jpg\" alt=\"seramik cephe\" width=\"100%\" \/><\/a><\/div>\r\n<\/div><\/div><\/div><div class=\"item\"><div class=\"owl-carousel-item-text\"><div class=\"row_inner row_center_content clearfix sistemler-kutu\">\r\n<div class=\"wpb_column vc_column_container vc_col-sm-8\">\r\n<h2 class=\"sistemler-baslik\">Transparente Fassade<\/h2>\r\nDie transparente Fassade ist ein Vorhangfassadensystem, das dem Geb\u00e4ude ein architektonisches Design und ein \u00e4sthetisches Aussehen verleiht. Die gr\u00f6\u00dfte Besonderheit dieses Systems besteht darin, dass das Sichtverh\u00e4ltnis zwischen Innen- und Au\u00dfenbereich durch die Verwendung von ausschlie\u00dflich transparentem Glas als Fassadenverkleidung maximiert wird.\r\n\r\n<a class=\"btn btn-light\" href=\"https:\/\/bursacephe.com\/sistemler\/transparan-cephe-spider-ve-sacak-sistemleri\/\">Mehr lesen<\/a>\r\n\r\n<\/div>\r\n<div class=\"wpb_column vc_column_container sistemler-resim vc_col-sm-4\"><a href=\"https:\/\/bursacephe.com\/sistemler\/transparan-cephe-spider-ve-sacak-sistemleri\/\"><img decoding=\"async\" src=\"https:\/\/bursacephe.com\/wp-content\/uploads\/2023\/10\/trans.jpg\" alt=\"seramik cephe\" width=\"100%\" \/><\/a><\/div>\r\n<\/div><\/div><\/div><div class=\"item\"><div class=\"owl-carousel-item-text\"><div class=\"row_inner row_center_content clearfix sistemler-kutu\">\r\n<div class=\"wpb_column vc_column_container vc_col-sm-8\">\r\n<h2 class=\"sistemler-baslik\">OBERLICHTBELEUCHTUNGSSYSTEME<\/h2>\r\nOberlichtanwendungen in modernen Geb\u00e4uden sind eine \u00e4sthetische L\u00f6sung, die das Problem der nat\u00fcrlichen Beleuchtung in Geb\u00e4uden l\u00f6st.\r\n\r\nDas System besteht aus verzinkten Stahlkastenprofilen, die entsprechend dem architektonischen Projekt an der Haupttr\u00e4gerstahlkonstruktion befestigt werden, sowie aus vertikalen und horizontalen Oberlichtprofilen aus Aluminium mit daran angeschlossenen Kondensatkan\u00e4len.\r\n\r\n<a class=\"btn btn-light\" href=\"https:\/\/bursacephe.com\/sistemler\/skylight-isiklik-sistemleri\/\">Mehr lesen<\/a>\r\n\r\n<\/div>\r\n<div class=\"wpb_column vc_column_container sistemler-resim vc_col-sm-4\"><a href=\"https:\/\/bursacephe.com\/sistemler\/skylight-isiklik-sistemleri\/\"><img decoding=\"async\" src=\"https:\/\/bursacephe.com\/wp-content\/uploads\/2023\/10\/sky-1.jpg\" alt=\"seramik cephe\" width=\"100%\" \/><\/a><\/div>\r\n<\/div><\/div><\/div><div class=\"item\"><div class=\"owl-carousel-item-text\"><div class=\"row_inner row_center_content clearfix sistemler-kutu\">\r\n<div class=\"wpb_column vc_column_container vc_col-sm-8\">\r\n<h2 class=\"sistemler-baslik\">Aluminium-Tischlerei-Systeme<\/h2>\r\nAluminium ist ein weit verbreitetes Metall im Bauwesen. Insbesondere bei Anwendungen wie T\u00fcren, Fenstern und Vorhangfassaden ist es das Material, das aufgrund seiner Festigkeit, Langlebigkeit und \u00e4sthetisch hervorragenden Eigenschaften vom \u201eQualit\u00e4tsbau\u201c bevorzugt wird.\r\n\r\nDie Mindestanforderungen f\u00fcr Aluminiumt\u00fcren und -fenster sind im Folgenden zusammengefasst.\r\n\r\n<a class=\"btn btn-light\" href=\"https:\/\/bursacephe.com\/sistemler\/aluminyum-dograma-sistemleri\/\">Mehr lesen<\/a>\r\n\r\n<\/div>\r\n<div class=\"wpb_column vc_column_container sistemler-resim vc_col-sm-4\"><a href=\"https:\/\/bursacephe.com\/sistemler\/aluminyum-dograma-sistemleri\/\"><img decoding=\"async\" src=\"https:\/\/bursacephe.com\/wp-content\/uploads\/2023\/10\/dograma.jpg\" alt=\"seramik cephe\" width=\"100%\" \/><\/a><\/div>\r\n<\/div><\/div><\/div><div class=\"item\"><div class=\"owl-carousel-item-text\"><div class=\"row_inner row_center_content clearfix sistemler-kutu\">\r\n<div class=\"wpb_column vc_column_container vc_col-sm-8\">\r\n<h2 class=\"sistemler-baslik\">Mesh Panel Fassade<\/h2>\r\nBei Streckmetalltafeln als Fassadenverkleidung werden in der Regel Aluminiumbleche bevorzugt, um die auftretenden Belastungen an der Fassade zu minimieren. Nach dem Streckprozess k\u00f6nnen die Aluminiumbleche auf Wunsch in oder auf den aus Aluminiumprofilen zu formenden Rahmen geschwei\u00dft werden. Eloxal-, elektrostatische Pulverlack- und Industrielackierungsalternativen als Beschichtung werden je nach Einsatzgebiet nach den Pr\u00e4ferenzen unserer Kunden festgelegt und von unseren kompetenten L\u00f6sungspartnern vorgenommen.\r\n\r\n<a class=\"btn btn-light\" href=\"https:\/\/bursacephe.com\/sistemler\/mesh-panel-cephe\/\">Mehr lesen<\/a>\r\n\r\n<\/div>\r\n<div class=\"wpb_column vc_column_container sistemler-resim vc_col-sm-4\"><a href=\"https:\/\/bursacephe.com\/sistemler\/mesh-panel-cephe\/\"><img decoding=\"async\" src=\"https:\/\/bursacephe.com\/wp-content\/uploads\/2023\/10\/mesh-1.jpg\" alt=\"seramik cephe\" width=\"100%\" \/><\/a><\/div>\r\n<\/div><\/div><\/div><\/div>[\/vc_column_text][\/vc_column][\/vc_row]<\/p>","protected":false},"excerpt":{"rendered":"<p>[vc_row row_type=&#8220;row_fullwidth_content&#8220; margin_top=&#8220;-80&#8243; padding_bottom=&#8220;0&#8243; class=&#8220;fit-screen&#8220;][vc_column][rev_slider_vc alias=&#8220;en&#8220;][\/vc_column][\/vc_row][vc_row row_id=&#8220;sistemler&#8220; row_type=&#8220;row_full_center_content&#8220; padding_top=&#8220;60&#8243; padding_bottom=&#8220;20&#8243;][vc_column][vc_column_text el_class=&#8220;sistemler&#8220;] SYSTEME [\/vc_column_text][\/vc_column][\/vc_row]<\/p>\n","protected":false},"author":1,"featured_media":0,"parent":0,"menu_order":0,"comment_status":"open","ping_status":"open","template":"","meta":{"footnotes":""},"_links":{"self":[{"href":"https:\/\/bursacephe.com\/de\/wp-json\/wp\/v2\/pages\/538"}],"collection":[{"href":"https:\/\/bursacephe.com\/de\/wp-json\/wp\/v2\/pages"}],"about":[{"href":"https:\/\/bursacephe.com\/de\/wp-json\/wp\/v2\/types\/page"}],"author":[{"embeddable":true,"href":"https:\/\/bursacephe.com\/de\/wp-json\/wp\/v2\/users\/1"}],"replies":[{"embeddable":true,"href":"https:\/\/bursacephe.com\/de\/wp-json\/wp\/v2\/comments?post=538"}],"version-history":[{"count":20,"href":"https:\/\/bursacephe.com\/de\/wp-json\/wp\/v2\/pages\/538\/revisions"}],"predecessor-version":[{"id":1907,"href":"https:\/\/bursacephe.com\/de\/wp-json\/wp\/v2\/pages\/538\/revisions\/1907"}],"wp:attachment":[{"href":"https:\/\/bursacephe.com\/de\/wp-json\/wp\/v2\/media?parent=538"}],"curies":[{"name":"wp","href":"https:\/\/api.w.org\/{rel}","templated":true}]}}