{"id":922,"date":"2023-09-18T22:29:56","date_gmt":"2023-09-18T19:29:56","guid":{"rendered":"https:\/\/bursacephe.com\/web\/?page_id=922"},"modified":"2025-04-23T23:25:43","modified_gmt":"2025-04-23T20:25:43","slug":"kurumsal","status":"publish","type":"page","link":"https:\/\/bursacephe.com\/de\/kurumsal\/","title":{"rendered":"Unternehmen"},"content":{"rendered":"<p>[vc_row][vc_column][vc_column_text el_class=&#8220;yazi&#8220;]Bursa Facade: Wir sind mit 25 Jahren Erfahrung auf dem internationalen Parkett f\u00fcr Sie da<\/p>\n<p>Die 2016 gegr\u00fcndete Bursa Cephe ist eigentlich eine starke Marke, bei der die Ansammlung von mehr als 25 Jahren Branchenerfahrung auf moderne Technologien trifft. Wir kombinieren die jahrelange Erfahrung im Bereich der Vorhangfassaden mit unserem st\u00e4ndig aktualisierten und den Anforderungen der Zeit entsprechenden Maschinenpark und unserem fachkundigen Architekten- und Ingenieurpersonal.<\/p>\n<p>Unser Unternehmen, das sich bis heute mit professionellen L\u00f6sungen in unz\u00e4hligen Projekten einen verl\u00e4sslichen Platz in der Branche erarbeitet hat, ist mit unserer neuen Niederlassung in Deutschland nun auch international t\u00e4tig.<\/p>\n<p>Mit unseren modernen architektonischen L\u00f6sungen, hohen Qualit\u00e4tsstandards und einem auf Kundenzufriedenheit basierenden Serviceansatz schreiben wir eine Erfolgsgeschichte, die sich von Bursa bis nach Europa erstreckt.<\/p>\n<p><img decoding=\"async\" class=\"aligncenter size-full wp-image-1736\" src=\"https:\/\/bursacephe.com\/wp-content\/uploads\/2023\/11\/bursa-cephe-11-e1699986160434.jpeg\" alt=\"\" width=\"100%\" srcset=\"https:\/\/bursacephe.com\/wp-content\/uploads\/2023\/11\/bursa-cephe-11-e1699986160434.jpeg 1024w, https:\/\/bursacephe.com\/wp-content\/uploads\/2023\/11\/bursa-cephe-11-e1699986160434-300x128.jpeg 300w, https:\/\/bursacephe.com\/wp-content\/uploads\/2023\/11\/bursa-cephe-11-e1699986160434-768x327.jpeg 768w\" sizes=\"(max-width: 1024px) 100vw, 1024px\" \/>[\/vc_column_text][vc_row_inner][vc_column_inner][vc_column_text]<\/p>\n\n        <style type='text\/css'>\n            #gallery-3 .gallery-item {\n                float: left;\n                text-align: center;\n                width: 50%;\n                margin-bottom:0;\n            }\n            #gallery-3 img {\n            }\n            #gallery-3 .gallery-caption {\n                margin-left: 0;\n            }\n        <\/style>\n        <script type='text\/javascript'>\n        \tjQuery(document).ready(function() {\n\t\t\t\tjQuery('.galleryid-922').magnificPopup({\n\t\t\t\t\tdelegate: '.gallery-item a',\n\t\t\t\t\ttype: 'image',\n\t\t\t\t\tgallery:{\n\t\t\t\t\t\tenabled:true\n\t\t\t\t\t},\n\t\t\t\t\tzoom: {\n\t\t\t\t\t\tenabled:true\n\t\t\t\t\t}\n\t\t\t\t});\n\t\t\t});\n        <\/script>\n\t\t<div id='gallery-3' class='gallery galleryid-922 gallery-columns-2 gallery-size-medium-thumb gallery-lightbox'><dl class='gallery-item'>\n            <dt class='gallery-icon'>\n                <a href='https:\/\/bursacephe.com\/wp-content\/uploads\/2023\/09\/bursa-cephe.jpg'><img loading=\"lazy\" decoding=\"async\" width=\"600\" height=\"300\" src=\"https:\/\/bursacephe.com\/wp-content\/uploads\/2023\/09\/bursa-cephe-600x300.jpg\" class=\"attachment-medium-thumb size-medium-thumb\" alt=\"\" srcset=\"https:\/\/bursacephe.com\/wp-content\/uploads\/2023\/09\/bursa-cephe-600x300.jpg 600w, https:\/\/bursacephe.com\/wp-content\/uploads\/2023\/09\/bursa-cephe-400x200.jpg 400w, https:\/\/bursacephe.com\/wp-content\/uploads\/2023\/09\/bursa-cephe-800x400.jpg 800w\" sizes=\"(max-width: 600px) 100vw, 600px\" \/><\/a>\n            <\/dt><\/dl><dl class='gallery-item'>\n            <dt class='gallery-icon'>\n                <a href='https:\/\/bursacephe.com\/wp-content\/uploads\/2023\/11\/bursa-cephe--e1699985253956.jpeg'><img loading=\"lazy\" decoding=\"async\" width=\"600\" height=\"300\" src=\"https:\/\/bursacephe.com\/wp-content\/uploads\/2023\/11\/bursa-cephe--e1699985253956-600x300.jpeg\" class=\"attachment-medium-thumb size-medium-thumb\" alt=\"\" srcset=\"https:\/\/bursacephe.com\/wp-content\/uploads\/2023\/11\/bursa-cephe--e1699985253956-600x300.jpeg 600w, https:\/\/bursacephe.com\/wp-content\/uploads\/2023\/11\/bursa-cephe--e1699985253956-400x200.jpeg 400w, https:\/\/bursacephe.com\/wp-content\/uploads\/2023\/11\/bursa-cephe--e1699985253956-800x400.jpeg 800w\" sizes=\"(max-width: 600px) 100vw, 600px\" \/><\/a>\n            <\/dt><\/dl><div class=\"clear\"><\/div>\n            <div class=\"clear\"><\/div>\n        <\/div>\n\n<p>[\/vc_column_text][\/vc_column_inner][\/vc_row_inner][\/vc_column][\/vc_row][vc_row][vc_column][vc_column_text]<\/p>\n\n        <style type='text\/css'>\n            #gallery-4 .gallery-item {\n                float: left;\n                text-align: center;\n                width: 33.333333333333%;\n                margin-bottom:0;\n            }\n            #gallery-4 img {\n            }\n            #gallery-4 .gallery-caption {\n                margin-left: 0;\n            }\n        <\/style>\n        <script type='text\/javascript'>\n        \tjQuery(document).ready(function() {\n\t\t\t\tjQuery('.galleryid-922').magnificPopup({\n\t\t\t\t\tdelegate: '.gallery-item a',\n\t\t\t\t\ttype: 'image',\n\t\t\t\t\tgallery:{\n\t\t\t\t\t\tenabled:true\n\t\t\t\t\t},\n\t\t\t\t\tzoom: {\n\t\t\t\t\t\tenabled:true\n\t\t\t\t\t}\n\t\t\t\t});\n\t\t\t});\n        <\/script>\n\t\t<div id='gallery-4' class='gallery galleryid-922 gallery-columns-3 gallery-size-medium-thumb gallery-lightbox'><dl class='gallery-item'>\n            <dt class='gallery-icon'>\n                <a href='https:\/\/bursacephe.com\/wp-content\/uploads\/2023\/11\/bursa-cephe-5.jpeg'><img loading=\"lazy\" decoding=\"async\" width=\"600\" height=\"300\" src=\"https:\/\/bursacephe.com\/wp-content\/uploads\/2023\/11\/bursa-cephe-5-600x300.jpeg\" class=\"attachment-medium-thumb size-medium-thumb\" alt=\"\" srcset=\"https:\/\/bursacephe.com\/wp-content\/uploads\/2023\/11\/bursa-cephe-5-600x300.jpeg 600w, https:\/\/bursacephe.com\/wp-content\/uploads\/2023\/11\/bursa-cephe-5-400x200.jpeg 400w, https:\/\/bursacephe.com\/wp-content\/uploads\/2023\/11\/bursa-cephe-5-800x400.jpeg 800w\" sizes=\"(max-width: 600px) 100vw, 600px\" \/><\/a>\n            <\/dt><\/dl><dl class='gallery-item'>\n            <dt class='gallery-icon'>\n                <a href='https:\/\/bursacephe.com\/wp-content\/uploads\/2023\/11\/bursa-cephe-4.jpeg'><img loading=\"lazy\" decoding=\"async\" width=\"600\" height=\"300\" src=\"https:\/\/bursacephe.com\/wp-content\/uploads\/2023\/11\/bursa-cephe-4-600x300.jpeg\" class=\"attachment-medium-thumb size-medium-thumb\" alt=\"\" srcset=\"https:\/\/bursacephe.com\/wp-content\/uploads\/2023\/11\/bursa-cephe-4-600x300.jpeg 600w, https:\/\/bursacephe.com\/wp-content\/uploads\/2023\/11\/bursa-cephe-4-400x200.jpeg 400w, https:\/\/bursacephe.com\/wp-content\/uploads\/2023\/11\/bursa-cephe-4-800x400.jpeg 800w\" sizes=\"(max-width: 600px) 100vw, 600px\" \/><\/a>\n            <\/dt><\/dl><dl class='gallery-item'>\n            <dt class='gallery-icon'>\n                <a href='https:\/\/bursacephe.com\/wp-content\/uploads\/2023\/11\/bursa-cephe-7.jpeg'><img loading=\"lazy\" decoding=\"async\" width=\"600\" height=\"300\" src=\"https:\/\/bursacephe.com\/wp-content\/uploads\/2023\/11\/bursa-cephe-7-600x300.jpeg\" class=\"attachment-medium-thumb size-medium-thumb\" alt=\"\" srcset=\"https:\/\/bursacephe.com\/wp-content\/uploads\/2023\/11\/bursa-cephe-7-600x300.jpeg 600w, https:\/\/bursacephe.com\/wp-content\/uploads\/2023\/11\/bursa-cephe-7-400x200.jpeg 400w, https:\/\/bursacephe.com\/wp-content\/uploads\/2023\/11\/bursa-cephe-7-800x400.jpeg 800w\" sizes=\"(max-width: 600px) 100vw, 600px\" \/><\/a>\n            <\/dt><\/dl><div class=\"clear\"><\/div><dl class='gallery-item'>\n            <dt class='gallery-icon'>\n                <a href='https:\/\/bursacephe.com\/wp-content\/uploads\/2023\/11\/bursa-cephe-3.jpeg'><img loading=\"lazy\" decoding=\"async\" width=\"600\" height=\"300\" src=\"https:\/\/bursacephe.com\/wp-content\/uploads\/2023\/11\/bursa-cephe-3-600x300.jpeg\" class=\"attachment-medium-thumb size-medium-thumb\" alt=\"\" srcset=\"https:\/\/bursacephe.com\/wp-content\/uploads\/2023\/11\/bursa-cephe-3-600x300.jpeg 600w, https:\/\/bursacephe.com\/wp-content\/uploads\/2023\/11\/bursa-cephe-3-400x200.jpeg 400w\" sizes=\"(max-width: 600px) 100vw, 600px\" \/><\/a>\n            <\/dt><\/dl><dl class='gallery-item'>\n            <dt class='gallery-icon'>\n                <a href='https:\/\/bursacephe.com\/wp-content\/uploads\/2023\/11\/bursa-cephe-2.jpeg'><img loading=\"lazy\" decoding=\"async\" width=\"600\" height=\"300\" src=\"https:\/\/bursacephe.com\/wp-content\/uploads\/2023\/11\/bursa-cephe-2-600x300.jpeg\" class=\"attachment-medium-thumb size-medium-thumb\" alt=\"\" srcset=\"https:\/\/bursacephe.com\/wp-content\/uploads\/2023\/11\/bursa-cephe-2-600x300.jpeg 600w, https:\/\/bursacephe.com\/wp-content\/uploads\/2023\/11\/bursa-cephe-2-400x200.jpeg 400w, https:\/\/bursacephe.com\/wp-content\/uploads\/2023\/11\/bursa-cephe-2-800x400.jpeg 800w\" sizes=\"(max-width: 600px) 100vw, 600px\" \/><\/a>\n            <\/dt><\/dl><dl class='gallery-item'>\n            <dt class='gallery-icon'>\n                <a href='https:\/\/bursacephe.com\/wp-content\/uploads\/2023\/11\/bursa-cephe.jpeg'><img loading=\"lazy\" decoding=\"async\" width=\"600\" height=\"300\" src=\"https:\/\/bursacephe.com\/wp-content\/uploads\/2023\/11\/bursa-cephe-600x300.jpeg\" class=\"attachment-medium-thumb size-medium-thumb\" alt=\"\" srcset=\"https:\/\/bursacephe.com\/wp-content\/uploads\/2023\/11\/bursa-cephe-600x300.jpeg 600w, https:\/\/bursacephe.com\/wp-content\/uploads\/2023\/11\/bursa-cephe-400x200.jpeg 400w, https:\/\/bursacephe.com\/wp-content\/uploads\/2023\/11\/bursa-cephe-800x400.jpeg 800w\" sizes=\"(max-width: 600px) 100vw, 600px\" \/><\/a>\n            <\/dt><\/dl><div class=\"clear\"><\/div>\n            <div class=\"clear\"><\/div>\n        <\/div>\n\n<p>[\/vc_column_text][\/vc_column][\/vc_row][vc_row][vc_column][vc_video link=&#8220;https:\/\/www.youtube.com\/watch?v=WC0WFTO57PE&#8220;][\/vc_column][\/vc_row][vc_row][vc_column width=&#8220;1\/3&#8243;][vc_video link=&#8220;https:\/\/www.youtube.com\/shorts\/uXMOvLeW8SI&#8220;][\/vc_column][vc_column width=&#8220;1\/3&#8243;][vc_video link=&#8220;https:\/\/www.youtube.com\/shorts\/u7w63WhNRf8&#8243;][\/vc_column][vc_column width=&#8220;1\/3&#8243;][vc_video link=&#8220;https:\/\/www.youtube.com\/shorts\/ZVpitqQNokw&#8220;][\/vc_column][\/vc_row][vc_row][vc_column width=&#8220;1\/3&#8243;][vc_video link=&#8220;https:\/\/www.youtube.com\/shorts\/8RTkgtBGwHo&#8220;][\/vc_column][vc_column width=&#8220;1\/3&#8243;][vc_video link=&#8220;https:\/\/www.youtube.com\/shorts\/yQaIbNVr3TU&#8220;][\/vc_column][vc_column width=&#8220;1\/3&#8243;][\/vc_column][\/vc_row]<\/p>","protected":false},"excerpt":{"rendered":"<p>[vc_row][vc_column][vc_column_text el_class=&#8220;yazi&#8220;]Bursa Facade: Wir sind mit 25 Jahren Erfahrung auf dem internationalen Parkett f\u00fcr Sie da Die 2016 gegr\u00fcndete Bursa Cephe &#8230;<\/p>\n","protected":false},"author":1,"featured_media":0,"parent":0,"menu_order":0,"comment_status":"closed","ping_status":"closed","template":"","meta":{"footnotes":""},"_links":{"self":[{"href":"https:\/\/bursacephe.com\/de\/wp-json\/wp\/v2\/pages\/922"}],"collection":[{"href":"https:\/\/bursacephe.com\/de\/wp-json\/wp\/v2\/pages"}],"about":[{"href":"https:\/\/bursacephe.com\/de\/wp-json\/wp\/v2\/types\/page"}],"author":[{"embeddable":true,"href":"https:\/\/bursacephe.com\/de\/wp-json\/wp\/v2\/users\/1"}],"replies":[{"embeddable":true,"href":"https:\/\/bursacephe.com\/de\/wp-json\/wp\/v2\/comments?post=922"}],"version-history":[{"count":17,"href":"https:\/\/bursacephe.com\/de\/wp-json\/wp\/v2\/pages\/922\/revisions"}],"predecessor-version":[{"id":1908,"href":"https:\/\/bursacephe.com\/de\/wp-json\/wp\/v2\/pages\/922\/revisions\/1908"}],"wp:attachment":[{"href":"https:\/\/bursacephe.com\/de\/wp-json\/wp\/v2\/media?parent=922"}],"curies":[{"name":"wp","href":"https:\/\/api.w.org\/{rel}","templated":true}]}}