{"id":924,"date":"2023-09-18T22:31:36","date_gmt":"2023-09-18T19:31:36","guid":{"rendered":"https:\/\/bursacephe.com\/web\/?page_id=924"},"modified":"2025-04-23T13:22:55","modified_gmt":"2025-04-23T10:22:55","slug":"sistemler","status":"publish","type":"page","link":"https:\/\/bursacephe.com\/de\/sistemler\/","title":{"rendered":"SYSTEME"},"content":{"rendered":"<p>[vc_row][vc_column]\n\t<div class=\"child-page-wrapper \">\n\t\t<div class=\"grid-wrapper grid-3-columns grid-row \">\n\t\t\t<div class=\"grid-item grid-sm-6 grid-md-4\">\n\t\t\t\t<div class=\"grid-thumbnail\">\n\t\t\t\t\t<a href=\"https:\/\/bursacephe.com\/de\/sistemler\/seramik-cephe\/\" title=\"Keramische Fassade\"><img loading=\"lazy\" decoding=\"async\" width=\"600\" height=\"300\" src=\"https:\/\/bursacephe.com\/wp-content\/uploads\/2023\/09\/universite1-600x300.jpg\" class=\"attachment-medium-thumb size-medium-thumb wp-post-image\" alt=\"\" srcset=\"https:\/\/bursacephe.com\/wp-content\/uploads\/2023\/09\/universite1-600x300.jpg 600w, https:\/\/bursacephe.com\/wp-content\/uploads\/2023\/09\/universite1-400x200.jpg 400w, https:\/\/bursacephe.com\/wp-content\/uploads\/2023\/09\/universite1-800x400.jpg 800w\" sizes=\"(max-width: 600px) 100vw, 600px\" \/><\/a>\n\t\t\t\t<\/div>\n\t\t\t\t<h3 class=\"grid-title\"><a href=\"https:\/\/bursacephe.com\/de\/sistemler\/seramik-cephe\/\" rel=\"bookmark\">Keramische Fassade<\/a><\/h3>\n\n\t\t\t\t<p>[vc_row][vc_column][vc_column_text]Keramik-Fassadenverkleidungssystem: Als nat\u00fcrliches Material wird es zusammen mit der Aluminium-Tr\u00e4gerkonstruktion in den tauben Teilen der Geb\u00e4ude verwendet. Das keramische Fassadenverkleidungssystem zeichnet ...<\/p>\n\n\t\t\t\t<a class=\"grid-more\" href=\"https:\/\/bursacephe.com\/de\/sistemler\/seramik-cephe\/\" title=\"Keramische Fassade\">next<\/a>\n\n\t\t\t<\/div>\n\t\t\t\n\t\t\t<div class=\"grid-item grid-sm-6 grid-md-4\">\n\t\t\t\t<div class=\"grid-thumbnail\">\n\t\t\t\t\t<a href=\"https:\/\/bursacephe.com\/de\/sistemler\/silikon-cephe\/\" title=\"Strukturelle Siliconfassade\"><img loading=\"lazy\" decoding=\"async\" width=\"547\" height=\"300\" src=\"https:\/\/bursacephe.com\/wp-content\/uploads\/2023\/09\/silikon-cephe-547x300.jpg\" class=\"attachment-medium-thumb size-medium-thumb wp-post-image\" alt=\"\" srcset=\"https:\/\/bursacephe.com\/wp-content\/uploads\/2023\/09\/silikon-cephe-547x300.jpg 547w, https:\/\/bursacephe.com\/wp-content\/uploads\/2023\/09\/silikon-cephe-180x100.jpg 180w\" sizes=\"(max-width: 547px) 100vw, 547px\" \/><\/a>\n\t\t\t\t<\/div>\n\t\t\t\t<h3 class=\"grid-title\"><a href=\"https:\/\/bursacephe.com\/de\/sistemler\/silikon-cephe\/\" rel=\"bookmark\">Strukturelle Siliconfassade<\/a><\/h3>\n\n\t\t\t\t<p>[vc_row][vc_column][vc_column_text]Silikonfassade Bei der Silikonfassadenverkleidung, die die Einfachheit und Noblesse des Glases unterstreicht, werden die W\u00e4rmeschutzgl\u00e4ser mit Kassettenprofilen an der Fassade befestigt, ...<\/p>\n\n\t\t\t\t<a class=\"grid-more\" href=\"https:\/\/bursacephe.com\/de\/sistemler\/silikon-cephe\/\" title=\"Strukturelle Siliconfassade\">next<\/a>\n\n\t\t\t<\/div>\n\t\t\t\n\t\t\t<div class=\"grid-item grid-sm-6 grid-md-4\">\n\t\t\t\t<div class=\"grid-thumbnail\">\n\t\t\t\t\t<a href=\"https:\/\/bursacephe.com\/de\/sistemler\/klasik-cephe-sistemleri\/\" title=\"Klassisches Fassadensystem\"><img loading=\"lazy\" decoding=\"async\" width=\"600\" height=\"300\" src=\"https:\/\/bursacephe.com\/wp-content\/uploads\/2023\/10\/kasetli-4-600x300.jpg\" class=\"attachment-medium-thumb size-medium-thumb wp-post-image\" alt=\"\" srcset=\"https:\/\/bursacephe.com\/wp-content\/uploads\/2023\/10\/kasetli-4-600x300.jpg 600w, https:\/\/bursacephe.com\/wp-content\/uploads\/2023\/10\/kasetli-4-400x200.jpg 400w, https:\/\/bursacephe.com\/wp-content\/uploads\/2023\/10\/kasetli-4-800x400.jpg 800w\" sizes=\"(max-width: 600px) 100vw, 600px\" \/><\/a>\n\t\t\t\t<\/div>\n\t\t\t\t<h3 class=\"grid-title\"><a href=\"https:\/\/bursacephe.com\/de\/sistemler\/klasik-cephe-sistemleri\/\" rel=\"bookmark\">Klassisches Fassadensystem<\/a><\/h3>\n\n\t\t\t\t<p>[vc_row][vc_column][vc_column_text]Vorhangfassaden in Schalenbauweise sind sehr verbreitet und leicht herzustellen, da dieses System am l\u00e4ngsten angewendet wird. Da es in unserem Land ...<\/p>\n\n\t\t\t\t<a class=\"grid-more\" href=\"https:\/\/bursacephe.com\/de\/sistemler\/klasik-cephe-sistemleri\/\" title=\"Klassisches Fassadensystem\">next<\/a>\n\n\t\t\t<\/div>\n\t\t\t\n\t\t\t\t<div class=\"clear\"><\/div>\n\t\t\t<div class=\"grid-item grid-sm-6 grid-md-4\">\n\t\t\t\t<div class=\"grid-thumbnail\">\n\t\t\t\t\t<a href=\"https:\/\/bursacephe.com\/de\/sistemler\/kompozit-panel\/\" title=\"Komposit-Paneel\"><img loading=\"lazy\" decoding=\"async\" width=\"547\" height=\"300\" src=\"https:\/\/bursacephe.com\/wp-content\/uploads\/2023\/10\/kompozit-547x300.jpg\" class=\"attachment-medium-thumb size-medium-thumb wp-post-image\" alt=\"\" srcset=\"https:\/\/bursacephe.com\/wp-content\/uploads\/2023\/10\/kompozit-547x300.jpg 547w, https:\/\/bursacephe.com\/wp-content\/uploads\/2023\/10\/kompozit-180x100.jpg 180w\" sizes=\"(max-width: 547px) 100vw, 547px\" \/><\/a>\n\t\t\t\t<\/div>\n\t\t\t\t<h3 class=\"grid-title\"><a href=\"https:\/\/bursacephe.com\/de\/sistemler\/kompozit-panel\/\" rel=\"bookmark\">Komposit-Paneel<\/a><\/h3>\n\n\t\t\t\t<p>[vc_row][vc_column][vc_column_text]Aluminium-Verbundplatten, die in Innen- und Au\u00dfenfassadensystemen von Geb\u00e4uden verwendet werden, sind ein Fassadenverkleidungsprodukt, das keine zus\u00e4tzliche Belastung f\u00fcr die Geb\u00e4ude mit ...<\/p>\n\n\t\t\t\t<a class=\"grid-more\" href=\"https:\/\/bursacephe.com\/de\/sistemler\/kompozit-panel\/\" title=\"Komposit-Paneel\">next<\/a>\n\n\t\t\t<\/div>\n\t\t\t\n\t\t\t<div class=\"grid-item grid-sm-6 grid-md-4\">\n\t\t\t\t<div class=\"grid-thumbnail\">\n\t\t\t\t\t<a href=\"https:\/\/bursacephe.com\/de\/sistemler\/aluminyum-dograma-sistemleri\/\" title=\"Aluminium-Tischlerei-Systeme\"><img loading=\"lazy\" decoding=\"async\" width=\"547\" height=\"300\" src=\"https:\/\/bursacephe.com\/wp-content\/uploads\/2023\/10\/aluminyum-2.jpg\" class=\"attachment-medium-thumb size-medium-thumb wp-post-image\" alt=\"\" srcset=\"https:\/\/bursacephe.com\/wp-content\/uploads\/2023\/10\/aluminyum-2.jpg 547w, https:\/\/bursacephe.com\/wp-content\/uploads\/2023\/10\/aluminyum-2-300x165.jpg 300w, https:\/\/bursacephe.com\/wp-content\/uploads\/2023\/10\/aluminyum-2-180x100.jpg 180w\" sizes=\"(max-width: 547px) 100vw, 547px\" \/><\/a>\n\t\t\t\t<\/div>\n\t\t\t\t<h3 class=\"grid-title\"><a href=\"https:\/\/bursacephe.com\/de\/sistemler\/aluminyum-dograma-sistemleri\/\" rel=\"bookmark\">Aluminium-Tischlerei-Systeme<\/a><\/h3>\n\n\t\t\t\t<p>[vc_row margin_top=&#8220;-30&#8243;][vc_column][vc_column_text][\/vc_column_text][\/vc_column][\/vc_row][vc_row][vc_column][vc_column_text]Aluminium ist ein weit verbreitetes Metall im Bauwesen. Insbesondere bei Anwendungen wie T\u00fcren, Fenstern und Vorhangfassaden ist es aufgrund seiner ...<\/p>\n\n\t\t\t\t<a class=\"grid-more\" href=\"https:\/\/bursacephe.com\/de\/sistemler\/aluminyum-dograma-sistemleri\/\" title=\"Aluminium-Tischlerei-Systeme\">next<\/a>\n\n\t\t\t<\/div>\n\t\t\t\n\t\t\t<div class=\"grid-item grid-sm-6 grid-md-4\">\n\t\t\t\t<div class=\"grid-thumbnail\">\n\t\t\t\t\t<a href=\"https:\/\/bursacephe.com\/de\/sistemler\/transparan-cephe-spider-ve-sacak-sistemleri\/\" title=\"Transparente Fassade (Spinne) und Traufsysteme\"><img loading=\"lazy\" decoding=\"async\" width=\"547\" height=\"300\" src=\"https:\/\/bursacephe.com\/wp-content\/uploads\/2023\/10\/trasnparan-cephe.jpg\" class=\"attachment-medium-thumb size-medium-thumb wp-post-image\" alt=\"\" srcset=\"https:\/\/bursacephe.com\/wp-content\/uploads\/2023\/10\/trasnparan-cephe.jpg 547w, https:\/\/bursacephe.com\/wp-content\/uploads\/2023\/10\/trasnparan-cephe-300x165.jpg 300w, https:\/\/bursacephe.com\/wp-content\/uploads\/2023\/10\/trasnparan-cephe-180x100.jpg 180w\" sizes=\"(max-width: 547px) 100vw, 547px\" \/><\/a>\n\t\t\t\t<\/div>\n\t\t\t\t<h3 class=\"grid-title\"><a href=\"https:\/\/bursacephe.com\/de\/sistemler\/transparan-cephe-spider-ve-sacak-sistemleri\/\" rel=\"bookmark\">Transparente Fassade (Spinne) und Traufsysteme<\/a><\/h3>\n\n\t\t\t\t<p>[vc_row margin_top=&#8220;-30&#8243;][vc_column][vc_column_text][\/vc_column_text][\/vc_column][\/vc_row][vc_row][vc_column][vc_column_text]Die transparente Fassade ist ein Vorhangfassadensystem, das dem Geb\u00e4ude ein architektonisches Design und ein \u00e4sthetisches Aussehen verleiht. Das wichtigste Merkmal ...<\/p>\n\n\t\t\t\t<a class=\"grid-more\" href=\"https:\/\/bursacephe.com\/de\/sistemler\/transparan-cephe-spider-ve-sacak-sistemleri\/\" title=\"Transparente Fassade (Spinne) und Traufsysteme\">next<\/a>\n\n\t\t\t<\/div>\n\t\t\t\n\t\t\t\t<div class=\"clear\"><\/div>\n\t\t\t<div class=\"grid-item grid-sm-6 grid-md-4\">\n\t\t\t\t<div class=\"grid-thumbnail\">\n\t\t\t\t\t<a href=\"https:\/\/bursacephe.com\/de\/sistemler\/skylight-isiklik-sistemleri\/\" title=\"Oberlicht Oberlichtsysteme\"><img loading=\"lazy\" decoding=\"async\" width=\"547\" height=\"300\" src=\"https:\/\/bursacephe.com\/wp-content\/uploads\/2023\/10\/sky.jpg\" class=\"attachment-medium-thumb size-medium-thumb wp-post-image\" alt=\"\" srcset=\"https:\/\/bursacephe.com\/wp-content\/uploads\/2023\/10\/sky.jpg 547w, https:\/\/bursacephe.com\/wp-content\/uploads\/2023\/10\/sky-300x165.jpg 300w, https:\/\/bursacephe.com\/wp-content\/uploads\/2023\/10\/sky-180x100.jpg 180w\" sizes=\"(max-width: 547px) 100vw, 547px\" \/><\/a>\n\t\t\t\t<\/div>\n\t\t\t\t<h3 class=\"grid-title\"><a href=\"https:\/\/bursacephe.com\/de\/sistemler\/skylight-isiklik-sistemleri\/\" rel=\"bookmark\">Oberlicht Oberlichtsysteme<\/a><\/h3>\n\n\t\t\t\t<p>[vc_row][vc_column][vc_column_text][\/vc_column_text][\/vc_column][\/vc_row][vc_row][vc_column][vc_column_text]Oberlichtanwendungen in modernen Geb\u00e4uden sind eine \u00e4sthetische L\u00f6sung, die das Problem der nat\u00fcrlichen Beleuchtung in Geb\u00e4uden l\u00f6st. Das System besteht aus ...<\/p>\n\n\t\t\t\t<a class=\"grid-more\" href=\"https:\/\/bursacephe.com\/de\/sistemler\/skylight-isiklik-sistemleri\/\" title=\"Oberlicht Oberlichtsysteme\">next<\/a>\n\n\t\t\t<\/div>\n\t\t\t\n\t\t\t<div class=\"grid-item grid-sm-6 grid-md-4\">\n\t\t\t\t<div class=\"grid-thumbnail\">\n\t\t\t\t\t<a href=\"https:\/\/bursacephe.com\/de\/sistemler\/terracotta-cephe\/\" title=\"Terrakotta-Fassade\"><img loading=\"lazy\" decoding=\"async\" width=\"547\" height=\"300\" src=\"https:\/\/bursacephe.com\/wp-content\/uploads\/2023\/10\/tet.jpg\" class=\"attachment-medium-thumb size-medium-thumb wp-post-image\" alt=\"\" srcset=\"https:\/\/bursacephe.com\/wp-content\/uploads\/2023\/10\/tet.jpg 547w, https:\/\/bursacephe.com\/wp-content\/uploads\/2023\/10\/tet-300x165.jpg 300w, https:\/\/bursacephe.com\/wp-content\/uploads\/2023\/10\/tet-180x100.jpg 180w\" sizes=\"(max-width: 547px) 100vw, 547px\" \/><\/a>\n\t\t\t\t<\/div>\n\t\t\t\t<h3 class=\"grid-title\"><a href=\"https:\/\/bursacephe.com\/de\/sistemler\/terracotta-cephe\/\" rel=\"bookmark\">Terrakotta-Fassade<\/a><\/h3>\n\n\t\t\t\t<p>[vc_row][vc_column][vc_column_text][\/vc_column_text][\/vc_column][\/vc_row][vc_row][vc_column][vc_column_text]Was sind Terrakotta-Fassadenverkleidungssysteme? Terrakotta-Fassadensysteme werden in zwei Arten hergestellt: doppelwandig und einwandig. Da Terrakotta-Fassadenverkleidungen mit fortschrittlicher Technologie hergestellt werden, sind sie ...<\/p>\n\n\t\t\t\t<a class=\"grid-more\" href=\"https:\/\/bursacephe.com\/de\/sistemler\/terracotta-cephe\/\" title=\"Terrakotta-Fassade\">next<\/a>\n\n\t\t\t<\/div>\n\t\t\t\n\t\t\t<div class=\"grid-item grid-sm-6 grid-md-4\">\n\t\t\t\t<div class=\"grid-thumbnail\">\n\t\t\t\t\t<a href=\"https:\/\/bursacephe.com\/de\/sistemler\/kompakt-laminat-cephe\/\" title=\"Kompakt-Laminat-Fassade\"><img loading=\"lazy\" decoding=\"async\" width=\"547\" height=\"300\" src=\"https:\/\/bursacephe.com\/wp-content\/uploads\/2023\/10\/konsept2.jpg\" class=\"attachment-medium-thumb size-medium-thumb wp-post-image\" alt=\"\" srcset=\"https:\/\/bursacephe.com\/wp-content\/uploads\/2023\/10\/konsept2.jpg 547w, https:\/\/bursacephe.com\/wp-content\/uploads\/2023\/10\/konsept2-300x165.jpg 300w, https:\/\/bursacephe.com\/wp-content\/uploads\/2023\/10\/konsept2-180x100.jpg 180w\" sizes=\"(max-width: 547px) 100vw, 547px\" \/><\/a>\n\t\t\t\t<\/div>\n\t\t\t\t<h3 class=\"grid-title\"><a href=\"https:\/\/bursacephe.com\/de\/sistemler\/kompakt-laminat-cephe\/\" rel=\"bookmark\">Kompakt-Laminat-Fassade<\/a><\/h3>\n\n\t\t\t\t<p>[vc_row][vc_column][vc_column_text][\/vc_column_text][\/vc_column][\/vc_row][vc_row][vc_column][vc_column_text]Bei diesem System werden Compact-Laminat-Platten auf die Tr\u00e4ger-Unterkonstruktion, bestehend aus Aluminiumankern und vertikalen Aluminium-T-Profilen, durch Verklebung mit einem speziellen Polyurethan-Klebstoff und ...<\/p>\n\n\t\t\t\t<a class=\"grid-more\" href=\"https:\/\/bursacephe.com\/de\/sistemler\/kompakt-laminat-cephe\/\" title=\"Kompakt-Laminat-Fassade\">next<\/a>\n\n\t\t\t<\/div>\n\t\t\t\n\t\t\t\t<div class=\"clear\"><\/div>\n\t\t\t<div class=\"grid-item grid-sm-6 grid-md-4\">\n\t\t\t\t<div class=\"grid-thumbnail\">\n\t\t\t\t\t<a href=\"https:\/\/bursacephe.com\/de\/sistemler\/mesh-panel-cephe\/\" title=\"Mesh Panel Fassade\"><img loading=\"lazy\" decoding=\"async\" width=\"547\" height=\"300\" src=\"https:\/\/bursacephe.com\/wp-content\/uploads\/2023\/10\/mesh.jpg\" class=\"attachment-medium-thumb size-medium-thumb wp-post-image\" alt=\"\" srcset=\"https:\/\/bursacephe.com\/wp-content\/uploads\/2023\/10\/mesh.jpg 547w, https:\/\/bursacephe.com\/wp-content\/uploads\/2023\/10\/mesh-300x165.jpg 300w, https:\/\/bursacephe.com\/wp-content\/uploads\/2023\/10\/mesh-180x100.jpg 180w\" sizes=\"(max-width: 547px) 100vw, 547px\" \/><\/a>\n\t\t\t\t<\/div>\n\t\t\t\t<h3 class=\"grid-title\"><a href=\"https:\/\/bursacephe.com\/de\/sistemler\/mesh-panel-cephe\/\" rel=\"bookmark\">Mesh Panel Fassade<\/a><\/h3>\n\n\t\t\t\t<p>[vc_row][vc_column][vc_column_text][\/vc_column_text][\/vc_column][\/vc_row][vc_row][vc_column][vc_column_text]Bei Streckmetalltafeln, die als Fassadenverkleidung eingesetzt werden, werden im Allgemeinen Aluminiumbleche bevorzugt, um die auftretenden Belastungen an der Fassade zu minimieren. ...<\/p>\n\n\t\t\t\t<a class=\"grid-more\" href=\"https:\/\/bursacephe.com\/de\/sistemler\/mesh-panel-cephe\/\" title=\"Mesh Panel Fassade\">next<\/a>\n\n\t\t\t<\/div>\n\t\t\t\n\t\t\t<div class=\"grid-item grid-sm-6 grid-md-4\">\n\t\t\t\t<div class=\"grid-thumbnail\">\n\t\t\t\t\t<a href=\"https:\/\/bursacephe.com\/de\/sistemler\/otomatik-kapi-sistemleri\/\" title=\"Automatische T\u00fcrsysteme\"><img loading=\"lazy\" decoding=\"async\" width=\"547\" height=\"300\" src=\"https:\/\/bursacephe.com\/wp-content\/uploads\/2023\/10\/kapi.jpg\" class=\"attachment-medium-thumb size-medium-thumb wp-post-image\" alt=\"\" srcset=\"https:\/\/bursacephe.com\/wp-content\/uploads\/2023\/10\/kapi.jpg 547w, https:\/\/bursacephe.com\/wp-content\/uploads\/2023\/10\/kapi-300x165.jpg 300w, https:\/\/bursacephe.com\/wp-content\/uploads\/2023\/10\/kapi-180x100.jpg 180w\" sizes=\"(max-width: 547px) 100vw, 547px\" \/><\/a>\n\t\t\t\t<\/div>\n\t\t\t\t<h3 class=\"grid-title\"><a href=\"https:\/\/bursacephe.com\/de\/sistemler\/otomatik-kapi-sistemleri\/\" rel=\"bookmark\">Automatische T\u00fcrsysteme<\/a><\/h3>\n\n\t\t\t\t<p>[vc_row][vc_column][vc_column_text][\/vc_column_text][\/vc_column][\/vc_row][vc_row][vc_column][vc_column_text]Sektionaltor: Sektionaltore sorgen f\u00fcr einen schnellen Verkehrsfluss, halten die Luft in Ihrer Anlage und Garage vor Hitze und K\u00e4lte, reinigen Ihre ...<\/p>\n\n\t\t\t\t<a class=\"grid-more\" href=\"https:\/\/bursacephe.com\/de\/sistemler\/otomatik-kapi-sistemleri\/\" title=\"Automatische T\u00fcrsysteme\">next<\/a>\n\n\t\t\t<\/div>\n\t\t\t\n\t\t\t<div class=\"grid-item grid-sm-6 grid-md-4\">\n\t\t\t\t<div class=\"grid-thumbnail\">\n\t\t\t\t\t<a href=\"https:\/\/bursacephe.com\/de\/sistemler\/polikorbon-isiklik-sistemleri\/\" title=\"Polycorbon Oberlichtsysteme\"><img loading=\"lazy\" decoding=\"async\" width=\"547\" height=\"300\" src=\"https:\/\/bursacephe.com\/wp-content\/uploads\/2023\/10\/karbon.jpg\" class=\"attachment-medium-thumb size-medium-thumb wp-post-image\" alt=\"\" srcset=\"https:\/\/bursacephe.com\/wp-content\/uploads\/2023\/10\/karbon.jpg 547w, https:\/\/bursacephe.com\/wp-content\/uploads\/2023\/10\/karbon-300x165.jpg 300w, https:\/\/bursacephe.com\/wp-content\/uploads\/2023\/10\/karbon-180x100.jpg 180w\" sizes=\"(max-width: 547px) 100vw, 547px\" \/><\/a>\n\t\t\t\t<\/div>\n\t\t\t\t<h3 class=\"grid-title\"><a href=\"https:\/\/bursacephe.com\/de\/sistemler\/polikorbon-isiklik-sistemleri\/\" rel=\"bookmark\">Polycorbon Oberlichtsysteme<\/a><\/h3>\n\n\t\t\t\t<p>[vc_row][vc_column][vc_column_text][\/vc_column_text][\/vc_column][\/vc_row][vc_row][vc_column][vc_column_text]Polycarbonat-Leuchtsysteme sind Beleuchtungsl\u00f6sungen, die aus dem haltbaren und leichten Kunststoff Polycarbonat hergestellt werden. Solche Systeme k\u00f6nnen in verschiedenen Anwendungsbereichen eingesetzt werden ...<\/p>\n\n\t\t\t\t<a class=\"grid-more\" href=\"https:\/\/bursacephe.com\/de\/sistemler\/polikorbon-isiklik-sistemleri\/\" title=\"Polycorbon Oberlichtsysteme\">next<\/a>\n\n\t\t\t<\/div>\n\t\t\t\n\t\t\t\t<div class=\"clear\"><\/div>\n\t\t\t<div class=\"grid-item grid-sm-6 grid-md-4\">\n\t\t\t\t<div class=\"grid-thumbnail\">\n\t\t\t\t\t<a href=\"https:\/\/bursacephe.com\/de\/sistemler\/aluminyum-cam-kupeste-korkuluk-sistemleri\/\" title=\"Aluminium-Glas-Gel\u00e4ndersysteme\"><img loading=\"lazy\" decoding=\"async\" width=\"600\" height=\"300\" src=\"https:\/\/bursacephe.com\/wp-content\/uploads\/2023\/10\/532-600x300.jpg\" class=\"attachment-medium-thumb size-medium-thumb wp-post-image\" alt=\"\" srcset=\"https:\/\/bursacephe.com\/wp-content\/uploads\/2023\/10\/532-600x300.jpg 600w, https:\/\/bursacephe.com\/wp-content\/uploads\/2023\/10\/532-400x200.jpg 400w, https:\/\/bursacephe.com\/wp-content\/uploads\/2023\/10\/532-800x400.jpg 800w\" sizes=\"(max-width: 600px) 100vw, 600px\" \/><\/a>\n\t\t\t\t<\/div>\n\t\t\t\t<h3 class=\"grid-title\"><a href=\"https:\/\/bursacephe.com\/de\/sistemler\/aluminyum-cam-kupeste-korkuluk-sistemleri\/\" rel=\"bookmark\">Aluminium-Glas-Gel\u00e4ndersysteme<\/a><\/h3>\n\n\t\t\t\t<p>[vc_row][vc_column][vc_column_text][\/vc_column_text][\/vc_column][\/vc_row][vc_row][vc_column][vc_column_text]Aluminium-Glasgel\u00e4nder-Balustradensysteme sind eine \u00e4sthetische und dauerhafte Option, die in der modernen Geb\u00e4udegestaltung h\u00e4ufig bevorzugt wird. Diese Systeme bieten eine stilvolle und ...<\/p>\n\n\t\t\t\t<a class=\"grid-more\" href=\"https:\/\/bursacephe.com\/de\/sistemler\/aluminyum-cam-kupeste-korkuluk-sistemleri\/\" title=\"Aluminium-Glas-Gel\u00e4ndersysteme\">next<\/a>\n\n\t\t\t<\/div>\n\t\t\t\n\t\t<\/div>\n\t<\/div>[\/vc_column][\/vc_row]<\/p>","protected":false},"excerpt":{"rendered":"<p>[vc_row][vc_column][\/vc_column][\/vc_row]<\/p>\n","protected":false},"author":1,"featured_media":0,"parent":0,"menu_order":0,"comment_status":"closed","ping_status":"closed","template":"","meta":{"footnotes":""},"_links":{"self":[{"href":"https:\/\/bursacephe.com\/de\/wp-json\/wp\/v2\/pages\/924"}],"collection":[{"href":"https:\/\/bursacephe.com\/de\/wp-json\/wp\/v2\/pages"}],"about":[{"href":"https:\/\/bursacephe.com\/de\/wp-json\/wp\/v2\/types\/page"}],"author":[{"embeddable":true,"href":"https:\/\/bursacephe.com\/de\/wp-json\/wp\/v2\/users\/1"}],"replies":[{"embeddable":true,"href":"https:\/\/bursacephe.com\/de\/wp-json\/wp\/v2\/comments?post=924"}],"version-history":[{"count":4,"href":"https:\/\/bursacephe.com\/de\/wp-json\/wp\/v2\/pages\/924\/revisions"}],"predecessor-version":[{"id":1876,"href":"https:\/\/bursacephe.com\/de\/wp-json\/wp\/v2\/pages\/924\/revisions\/1876"}],"wp:attachment":[{"href":"https:\/\/bursacephe.com\/de\/wp-json\/wp\/v2\/media?parent=924"}],"curies":[{"name":"wp","href":"https:\/\/api.w.org\/{rel}","templated":true}]}}