{"id":929,"date":"2023-09-18T22:33:10","date_gmt":"2023-09-18T19:33:10","guid":{"rendered":"https:\/\/bursacephe.com\/web\/?page_id=929"},"modified":"2025-04-23T23:49:42","modified_gmt":"2025-04-23T20:49:42","slug":"iletisim","status":"publish","type":"page","link":"https:\/\/bursacephe.com\/de\/iletisim\/","title":{"rendered":"KONTAKT US"},"content":{"rendered":"<p>[vc_row][vc_column width=&#8220;1\/2&#8243;]\n\t<div class=\"custom-heading wpb_content_element \">\n\t\t<h2 class=\"heading-title\" >Kontaktinformationen (Deutschland)<\/h2>\n\t<\/div>[vc_raw_html]JTNDZGl2JTIwY2xhc3MlM0QlMjJjb250YWN0LWluZm8tYm94JTIyJTNFJTBBJTA5JTNDZGl2JTIwY2xhc3MlM0QlMjJjb250YWN0LWluZm8taXRlbSUyMiUzRSUwQSUwOSUwOSUzQ2RpdiUyMGNsYXNzJTNEJTIyY29udGFjdC10ZXh0JTIyJTNFJTNDaSUyMGNsYXNzJTNEJTIyZmElMjBmYS1tYXAtbWFya2VyJTIyJTNFJTNDJTJGaSUzRSUzQyUyRmRpdiUzRSUwQSUwOSUwOSUzQ2RpdiUyMGNsYXNzJTNEJTIyY29udGFjdC12YWx1ZSUyMiUzRUJ1cnNhJTIwQ2VwaGUlMjBEb2dyYW1hJTIwUFZDJTIwS2FwaSUyMHZlJTIwUGVuY2VyZSUyMEx0ZC4lMjBTdGkuJTIwJUMzJTg0Z2lkaWlzdHIuJTIwMTMlMkMlMjAzNDM0NiUyMEhhbm4uJTIwTSVDMyVCQ25kZW4lMEElMDklM0MlMkZkaXYlM0UlM0MlMkZkaXYlM0UlMEElMDklM0NkaXYlMjBjbGFzcyUzRCUyMmNvbnRhY3QtaW5mby1pdGVtJTIyJTNFJTBBJTA5JTA5JTNDZGl2JTIwY2xhc3MlM0QlMjJjb250YWN0LXRleHQlMjIlM0UlM0NpJTIwY2xhc3MlM0QlMjJmYSUyMGZhLXBob25lJTIyJTNFJTNDJTJGaSUzRSUzQyUyRmRpdiUzRSUwQSUwOSUwOSUzQ2RpdiUyMGNsYXNzJTNEJTIyY29udGFjdC12YWx1ZSUyMiUzRSUyQjQ5MTU3MzIyNDgyODglM0MlMkZkaXYlM0UlMEElMDklM0MlMkZkaXYlM0UlMEElMDklM0NkaXYlMjBjbGFzcyUzRCUyMmNvbnRhY3QtaW5mby1pdGVtJTIyJTNFJTBBJTA5JTA5JTNDZGl2JTIwY2xhc3MlM0QlMjJjb250YWN0LXRleHQlMjIlM0UlM0NpJTIwY2xhc3MlM0QlMjJmYSUyMGZhLWVudmVsb3BlJTIyJTNFJTNDJTJGaSUzRSUzQyUyRmRpdiUzRSUwQSUwOSUwOSUzQ2RpdiUyMGNsYXNzJTNEJTIyY29udGFjdC12YWx1ZSUyMiUzRSUzQ2ElMjBocmVmJTNEJTIyaW5mbyU0MGJ1cnNhY2VwaGUuY29tJTIyJTNFaW5mbyU0MGJ1cnNhY2VwaGUuY29tJTNDJTJGYSUzRSUzQyUyRmRpdiUzRSUwQSUwOSUzQyUyRmRpdiUzRSUwQSUwOSUzQ2RpdiUyMGNsYXNzJTNEJTIyY29udGFjdC1pbmZvLWl0ZW0lMjIlM0UlMEElMDklMDklM0NkaXYlMjBjbGFzcyUzRCUyMmNvbnRhY3QtdGV4dCUyMiUzRSUzQ2klMjBjbGFzcyUzRCUyMmZhJTIwZmEtbWFwJTIyJTNFJTNDJTJGaSUzRSUzQyUyRmRpdiUzRSUwQSUwOSUwOSUzQ2RpdiUyMGNsYXNzJTNEJTIyY29udGFjdC12YWx1ZSUyMiUzRTUxLjQxNTM3MCUyQyUyMDkuNjUyMjY5JTNDJTJGZGl2JTNFJTBBJTA5JTNDJTJGZGl2JTNFJTBBJTNDJTJGZGl2JTNF[\/vc_raw_html][\/vc_column][vc_column width=&#8220;1\/2&#8243;]\n\t<div class=\"custom-heading wpb_content_element \">\n\t\t<h2 class=\"heading-title\" >Skizze<\/h2>\n\t<\/div>[vc_raw_html]JTNDaWZyYW1lJTIwc3JjJTNEJTIyaHR0cHMlM0ElMkYlMkZ3d3cuZ29vZ2xlLmNvbSUyRm1hcHMlMkZlbWJlZCUzRnBiJTNEJTIxMW0xNyUyMTFtMTIlMjExbTMlMjExZDI0ODguMzI5NTE1NDAxMTYwNyUyMTJkOS42NDk2OTQwNzcwNzk4MyUyMTNkNTEuNDE1MzczMzE3NDIxNTA1JTIxMm0zJTIxMWYwJTIxMmYwJTIxM2YwJTIxM20yJTIxMWkxMDI0JTIxMmk3NjglMjE0ZjEzLjElMjEzbTIlMjExbTElMjEyek5USENzREkwSnpVMUxqTWlUaUE1d3JBek9TY3dPQzR5SWtVJTIxNWUwJTIxM20yJTIxMXN0ciUyMTJzdHIlMjE0djE3NDUxNzQxNjg1NDQlMjE1bTIlMjExc3RyJTIxMnN0ciUyMiUyMHdpZHRoJTNEJTIyMTAwJTI1JTIyJTIwaGVpZ2h0JTNEJTIyMjAwJTIyJTIwc3R5bGUlM0QlMjJib3JkZXIlM0EwJTNCJTIyJTIwYWxsb3dmdWxsc2NyZWVuJTNEJTIyJTIyJTIwbG9hZGluZyUzRCUyMmxhenklMjIlMjByZWZlcnJlcnBvbGljeSUzRCUyMm5vLXJlZmVycmVyLXdoZW4tZG93bmdyYWRlJTIyJTNFJTNDJTJGaWZyYW1lJTNF[\/vc_raw_html][\/vc_column][\/vc_row][vc_row][vc_column width=&#8220;1\/2&#8243;]\n\t<div class=\"custom-heading wpb_content_element \">\n\t\t<h2 class=\"heading-title\" >Kontakt Details<\/h2>\n\t<\/div>[vc_raw_html]JTNDZGl2JTIwY2xhc3MlM0QlMjJjb250YWN0LWluZm8tYm94JTIyJTNFJTBBJTA5JTNDZGl2JTIwY2xhc3MlM0QlMjJjb250YWN0LWluZm8taXRlbSUyMiUzRSUwQSUwOSUwOSUzQ2RpdiUyMGNsYXNzJTNEJTIyY29udGFjdC10ZXh0JTIyJTNFJTNDaSUyMGNsYXNzJTNEJTIyZmElMjBmYS1tYXAtbWFya2VyJTIyJTNFJTNDJTJGaSUzRSUzQyUyRmRpdiUzRSUwQSUwOSUwOSUzQ2RpdiUyMGNsYXNzJTNEJTIyY29udGFjdC12YWx1ZSUyMiUzRUFsYXR0aW5iZXklMjBNYWhhbGxlc2klMjBBdGlsbGElMjBUYXR2ZXJlbiUyMENhZGRlc2klMjBObyUzQSUyMDUlMkYxJTIwJUMzJTk2emwlQzMlQkNjZSUyMEthdiVDNSU5RmElQzQlOUYlQzQlQjElMjBOaWwlQzMlQkNmZXIlMjBCdXJzYSUyMCUyOEthZmthcyUyMGtlc3RhbmUlMjAlQzUlOUZla2VyaSUyMGZhYnJpa2FzJUM0JUIxJTIwYXJrYXMlQzQlQjElMjklMEElMDklM0MlMkZkaXYlM0UlMEElMDklM0MlMkZkaXYlM0UlMEElMDklM0NkaXYlMjBjbGFzcyUzRCUyMmNvbnRhY3QtaW5mby1pdGVtJTIyJTNFJTBBJTA5JTA5JTNDZGl2JTIwY2xhc3MlM0QlMjJjb250YWN0LXRleHQlMjIlM0UlM0NpJTIwY2xhc3MlM0QlMjJmYSUyMGZhLXBob25lJTIyJTNFJTNDJTJGaSUzRSUzQyUyRmRpdiUzRSUwQSUwOSUwOSUzQ2RpdiUyMGNsYXNzJTNEJTIyY29udGFjdC12YWx1ZSUyMiUzRSUyQjkwMjI0JTIwNDk2JTIwMTEyOCUzQyUyRmRpdiUzRSUwQSUwOSUzQyUyRmRpdiUzRSUwQSUwOSUzQ2RpdiUyMGNsYXNzJTNEJTIyY29udGFjdC1pbmZvLWl0ZW0lMjIlM0UlMEElMDklMDklM0NkaXYlMjBjbGFzcyUzRCUyMmNvbnRhY3QtdGV4dCUyMiUzRSUzQ2klMjBjbGFzcyUzRCUyMmZhJTIwZmEtZW52ZWxvcGUlMjIlM0UlM0MlMkZpJTNFJTNDJTJGZGl2JTNFJTBBJTA5JTA5JTNDZGl2JTIwY2xhc3MlM0QlMjJjb250YWN0LXZhbHVlJTIyJTNFJTNDYSUyMGhyZWYlM0QlMjJiaWxnaSU0MGJ1cnNhY2VwaGUuY29tJTIyJTNFYmlsZ2klNDBidXJzYWNlcGhlLmNvbSUzQyUyRmElM0UlM0MlMkZkaXYlM0UlMEElMDklM0MlMkZkaXYlM0UlMEElMDklM0NkaXYlMjBjbGFzcyUzRCUyMmNvbnRhY3QtaW5mby1pdGVtJTIyJTNFJTBBJTA5JTA5JTNDZGl2JTIwY2xhc3MlM0QlMjJjb250YWN0LXRleHQlMjIlM0UlM0NpJTIwY2xhc3MlM0QlMjJmYSUyMGZhLWZheCUyMiUzRSUzQyUyRmklM0UlM0MlMkZkaXYlM0UlMEElMDklMDklM0NkaXYlMjBjbGFzcyUzRCUyMmNvbnRhY3QtdmFsdWUlMjIlM0VGQVglM0ElMkI5MDIyNCUyMDQ5NiUyMDExMjglM0MlMkZkaXYlM0UlMEElMDklM0MlMkZkaXYlM0UlMEElM0MlMkZkaXYlM0U=[\/vc_raw_html][\/vc_column][vc_column width=&#8220;1\/2&#8243;]\n\t<div class=\"custom-heading wpb_content_element \">\n\t\t<h2 class=\"heading-title\" >Skizze<\/h2>\n\t<\/div>[vc_raw_html]JTNDaWZyYW1lJTIwc3JjJTNEJTIyaHR0cHMlM0ElMkYlMkZ3d3cuZ29vZ2xlLmNvbSUyRm1hcHMlMkZlbWJlZCUzRnBiJTNEJTIxMW0xNCUyMTFtOCUyMTFtMyUyMTFkNjA5My43MjQ3NzA5Mzg3NzYlMjEyZDI4LjkxMjIxMSUyMTNkNDAuMjEyMTI0JTIxM20yJTIxMWkxMDI0JTIxMmk3NjglMjE0ZjEzLjElMjEzbTMlMjExbTIlMjExczB4MTRjYTNlZjdjYmQ1ZDYwYiUyNTNBMHhiMDIwNzE2MDM4ZTBjZjdjJTIxMnpRbFZTVTBFZ1EwVlFTRVVnUjhTd1dVVEVzRkpOUlNCVHhMQlRWRVZOVEVWU3hMQSUyMTVlMCUyMTNtMiUyMTFzdHIlMjEyc3RyJTIxNHYxNjk1MzM0MzM4NTM1JTIxNW0yJTIxMXN0ciUyMTJzdHIlMjIlMjB3aWR0aCUzRCUyMjEwMCUyNSUyMiUyMGhlaWdodCUzRCUyMjIwMCUyMiUyMHN0eWxlJTNEJTIyYm9yZGVyJTNBMCUzQiUyMiUyMGFsbG93ZnVsbHNjcmVlbiUzRCUyMiUyMiUyMGxvYWRpbmclM0QlMjJsYXp5JTIyJTIwcmVmZXJyZXJwb2xpY3klM0QlMjJuby1yZWZlcnJlci13aGVuLWRvd25ncmFkZSUyMiUzRSUzQyUyRmlmcmFtZSUzRQ==[\/vc_raw_html][\/vc_column][\/vc_row][vc_row][vc_column]\n\t<div class=\"custom-heading wpb_content_element \">\n\t\t<h2 class=\"heading-title\" >Kontakt-Formular<\/h2>\n\t<\/div><div role=\"form\" class=\"wpcf7\" id=\"wpcf7-f1018-o2\" lang=\"tr-TR\" dir=\"ltr\">\n<div class=\"screen-reader-response\"><\/div>\n<form action=\"\/de\/wp-json\/wp\/v2\/pages\/929#wpcf7-f1018-o2\" method=\"post\" class=\"wpcf7-form\" novalidate=\"novalidate\">\n<div style=\"display: none;\">\n<input type=\"hidden\" name=\"_wpcf7\" value=\"1018\" \/>\n<input type=\"hidden\" name=\"_wpcf7_version\" value=\"4.9.1\" \/>\n<input type=\"hidden\" name=\"_wpcf7_locale\" value=\"tr_TR\" \/>\n<input type=\"hidden\" name=\"_wpcf7_unit_tag\" value=\"wpcf7-f1018-o2\" \/>\n<input type=\"hidden\" name=\"_wpcf7_container_post\" value=\"0\" \/>\n<\/div>\n<div class=\"row_inner_wrapper  clearfix\">\n<div class=\"wpb_column vc_column_container vc_col-sm-4\" style=\"padding:0px;\">\n<div class=\"form-item\">\n  <label><br \/>\n    Ad\u0131n\u0131z Soyad\u0131n\u0131z *<br \/>\n  <\/label><br \/>\n  <span class=\"wpcf7-form-control-wrap your-name\"><input type=\"text\" name=\"your-name\" value=\"\" size=\"40\" class=\"wpcf7-form-control wpcf7-text wpcf7-validates-as-required\" aria-required=\"true\" aria-invalid=\"false\" \/><\/span>\n<\/div>\n<\/div>\n<div class=\"wpb_column vc_column_container vc_col-sm-4\" style=\"padding:0px 0px 0px 0px;\">\n<div class=\"form-item\">\n  <label><br \/>\n    Telefon Numaran\u0131z *<br \/>\n  <\/label><br \/>\n   <span class=\"wpcf7-form-control-wrap tel-688\"><input type=\"tel\" name=\"tel-688\" value=\"\" size=\"40\" class=\"wpcf7-form-control wpcf7-text wpcf7-tel wpcf7-validates-as-required wpcf7-validates-as-tel\" aria-required=\"true\" aria-invalid=\"false\" \/><\/span>\n<\/div>\n<\/div>\n<div class=\"wpb_column vc_column_container vc_col-sm-4\" style=\"padding:0px 0px 0px 0px;\">\n<div class=\"form-item\">\n  <label><br \/>\n    E-posta Adresiniz *<br \/>\n  <\/label><br \/>\n  <span class=\"wpcf7-form-control-wrap your-email\"><input type=\"email\" name=\"your-email\" value=\"\" size=\"40\" class=\"wpcf7-form-control wpcf7-text wpcf7-email wpcf7-validates-as-required wpcf7-validates-as-email\" aria-required=\"true\" aria-invalid=\"false\" \/><\/span>\n<\/div>\n<\/div>\n<div style=\"clear:both;\"><\/div>\n<div class=\"wpb_column vc_column_container vc_col-sm-4\" style=\"padding:0px;\">\n<div class=\"form-item\">\n  <label for=\"company\"><br \/>\n    Firman\u0131z\u0131n Ad\u0131<br \/>\n  <\/label><br \/>\n   <span class=\"wpcf7-form-control-wrap text-582\"><input type=\"text\" name=\"text-582\" value=\"\" size=\"40\" class=\"wpcf7-form-control wpcf7-text\" aria-invalid=\"false\" \/><\/span>\n<\/div>\n<\/div>\n<div class=\"wpb_column vc_column_container vc_col-sm-8\" style=\"padding:0px 0px 0px 0px;\">\n<div class=\"form-item\">\n  <label for=\"topic\"><br \/>\n    Konu *<br \/>\n  <\/label><br \/>\n  <span class=\"wpcf7-form-control-wrap your-subject\"><input type=\"text\" name=\"your-subject\" value=\"\" size=\"40\" class=\"wpcf7-form-control wpcf7-text wpcf7-validates-as-required\" aria-required=\"true\" aria-invalid=\"false\" \/><\/span>\n<\/div>\n<\/div>\n<div style=\"clear:both;\"><\/div>\n<div class=\"wpb_column vc_column_container vc_col-sm-12\" style=\"padding:0px;\">\n<div class=\"form-item\">\n  <label for=\"message\"><br \/>\n    Mesaj\u0131n\u0131z *<br \/>\n  <\/label><br \/>\n  <span class=\"wpcf7-form-control-wrap your-message\"><textarea name=\"your-message\" cols=\"40\" rows=\"10\" class=\"wpcf7-form-control wpcf7-textarea\" aria-invalid=\"false\"><\/textarea><\/span>\n<\/div>\n<\/div>\n<div style=\"clear:both;\"><\/div>\n<div class=\"wpb_column vc_column_container vc_col-sm-6\" style=\"padding:0px;\">\n<div class=\"form-item\">\n  <label for=\"message\"><br \/>\n    G\u00fcvenlik Sorusu *<br \/>\n  <\/label><br \/>\n   <span class=\"wpcf7-form-control-wrap quiz-435\"><label><span class=\"wpcf7-quiz-label\">2+2=?<\/span> <input type=\"text\" name=\"quiz-435\" size=\"40\" class=\"wpcf7-form-control wpcf7-quiz\" autocomplete=\"off\" aria-required=\"true\" aria-invalid=\"false\" \/><\/label><input type=\"hidden\" name=\"_wpcf7_quiz_answer_quiz-435\" value=\"ea0e84653e8bebd82ab946ade2740432\" \/><\/span>\n<\/div>\n<\/div>\n<div class=\"wpb_column vc_column_container vc_col-sm-6\" style=\"padding:0px;\">\n<label for=\"message\"><br \/>\n  &nbsp;<br \/>\n  <\/label><br><br \/>\n   <input type=\"submit\" value=\"G\u00f6nder\" class=\"wpcf7-form-control wpcf7-submit\" \/>\n<\/div>\n<\/div>\n<div style=\"clear:both;\"><\/div>\n<p><br><\/p>\n<div class=\"wpcf7-response-output wpcf7-display-none\"><\/div><\/form><\/div>[\/vc_column][\/vc_row]<\/p>","protected":false},"excerpt":{"rendered":"<p>[vc_row][vc_column width=&#8220;1\/2&#8243;][vc_raw_html]JTNDZGl2JTIwY2xhc3MlM0QlMjJjb250YWN0LWluZm8tYm94JTIyJTNFJTBBJTA5JTNDZGl2JTIwY2xhc3MlM0QlMjJjb250YWN0LWluZm8taXRlbSUyMiUzRSUwQSUwOSUwOSUzQ2RpdiUyMGNsYXNzJTNEJTIyY29udGFjdC10ZXh0JTIyJTNFJTNDaSUyMGNsYXNzJTNEJTIyZmElMjBmYS1tYXAtbWFya2VyJTIyJTNFJTNDJTJGaSUzRSUzQyUyRmRpdiUzRSUwQSUwOSUwOSUzQ2RpdiUyMGNsYXNzJTNEJTIyY29udGFjdC12YWx1ZSUyMiUzRUJ1cnNhJTIwQ2VwaGUlMjBEb2dyYW1hJTIwUFZDJTIwS2FwaSUyMHZlJTIwUGVuY2VyZSUyMEx0ZC4lMjBTdGkuJTIwJUMzJTg0Z2lkaWlzdHIuJTIwMTMlMkMlMjAzNDM0NiUyMEhhbm4uJTIwTSVDMyVCQ25kZW4lMEElMDklM0MlMkZkaXYlM0UlM0MlMkZkaXYlM0UlMEElMDklM0NkaXYlMjBjbGFzcyUzRCUyMmNvbnRhY3QtaW5mby1pdGVtJTIyJTNFJTBBJTA5JTA5JTNDZGl2JTIwY2xhc3MlM0QlMjJjb250YWN0LXRleHQlMjIlM0UlM0NpJTIwY2xhc3MlM0QlMjJmYSUyMGZhLXBob25lJTIyJTNFJTNDJTJGaSUzRSUzQyUyRmRpdiUzRSUwQSUwOSUwOSUzQ2RpdiUyMGNsYXNzJTNEJTIyY29udGFjdC12YWx1ZSUyMiUzRSUyQjQ5MTU3MzIyNDgyODglM0MlMkZkaXYlM0UlMEElMDklM0MlMkZkaXYlM0UlMEElMDklM0NkaXYlMjBjbGFzcyUzRCUyMmNvbnRhY3QtaW5mby1pdGVtJTIyJTNFJTBBJTA5JTA5JTNDZGl2JTIwY2xhc3MlM0QlMjJjb250YWN0LXRleHQlMjIlM0UlM0NpJTIwY2xhc3MlM0QlMjJmYSUyMGZhLWVudmVsb3BlJTIyJTNFJTNDJTJGaSUzRSUzQyUyRmRpdiUzRSUwQSUwOSUwOSUzQ2RpdiUyMGNsYXNzJTNEJTIyY29udGFjdC12YWx1ZSUyMiUzRSUzQ2ElMjBocmVmJTNEJTIyaW5mbyU0MGJ1cnNhY2VwaGUuY29tJTIyJTNFaW5mbyU0MGJ1cnNhY2VwaGUuY29tJTNDJTJGYSUzRSUzQyUyRmRpdiUzRSUwQSUwOSUzQyUyRmRpdiUzRSUwQSUwOSUzQ2RpdiUyMGNsYXNzJTNEJTIyY29udGFjdC1pbmZvLWl0ZW0lMjIlM0UlMEElMDklMDklM0NkaXYlMjBjbGFzcyUzRCUyMmNvbnRhY3QtdGV4dCUyMiUzRSUzQ2klMjBjbGFzcyUzRCUyMmZhJTIwZmEtbWFwJTIyJTNFJTNDJTJGaSUzRSUzQyUyRmRpdiUzRSUwQSUwOSUwOSUzQ2RpdiUyMGNsYXNzJTNEJTIyY29udGFjdC12YWx1ZSUyMiUzRTUxLjQxNTM3MCUyQyUyMDkuNjUyMjY5JTNDJTJGZGl2JTNFJTBBJTA5JTNDJTJGZGl2JTNFJTBBJTNDJTJGZGl2JTNF[\/vc_raw_html][\/vc_column][vc_column width=&#8220;1\/2&#8243;][vc_raw_html]JTNDaWZyYW1lJTIwc3JjJTNEJTIyaHR0cHMlM0ElMkYlMkZ3d3cuZ29vZ2xlLmNvbSUyRm1hcHMlMkZlbWJlZCUzRnBiJTNEJTIxMW0xNyUyMTFtMTIlMjExbTMlMjExZDI0ODguMzI5NTE1NDAxMTYwNyUyMTJkOS42NDk2OTQwNzcwNzk4MyUyMTNkNTEuNDE1MzczMzE3NDIxNTA1JTIxMm0zJTIxMWYwJTIxMmYwJTIxM2YwJTIxM20yJTIxMWkxMDI0JTIxMmk3NjglMjE0ZjEzLjElMjEzbTIlMjExbTElMjEyek5USENzREkwSnpVMUxqTWlUaUE1d3JBek9TY3dPQzR5SWtVJTIxNWUwJTIxM20yJTIxMXN0ciUyMTJzdHIlMjE0djE3NDUxNzQxNjg1NDQlMjE1bTIlMjExc3RyJTIxMnN0ciUyMiUyMHdpZHRoJTNEJTIyMTAwJTI1JTIyJTIwaGVpZ2h0JTNEJTIyMjAwJTIyJTIwc3R5bGUlM0QlMjJib3JkZXIlM0EwJTNCJTIyJTIwYWxsb3dmdWxsc2NyZWVuJTNEJTIyJTIyJTIwbG9hZGluZyUzRCUyMmxhenklMjIlMjByZWZlcnJlcnBvbGljeSUzRCUyMm5vLXJlZmVycmVyLXdoZW4tZG93bmdyYWRlJTIyJTNFJTNDJTJGaWZyYW1lJTNF[\/vc_raw_html][\/vc_column][\/vc_row][vc_row][vc_column width=&#8220;1\/2&#8243;][vc_raw_html]JTNDZGl2JTIwY2xhc3MlM0QlMjJjb250YWN0LWluZm8tYm94JTIyJTNFJTBBJTA5JTNDZGl2JTIwY2xhc3MlM0QlMjJjb250YWN0LWluZm8taXRlbSUyMiUzRSUwQSUwOSUwOSUzQ2RpdiUyMGNsYXNzJTNEJTIyY29udGFjdC10ZXh0JTIyJTNFJTNDaSUyMGNsYXNzJTNEJTIyZmElMjBmYS1tYXAtbWFya2VyJTIyJTNFJTNDJTJGaSUzRSUzQyUyRmRpdiUzRSUwQSUwOSUwOSUzQ2RpdiUyMGNsYXNzJTNEJTIyY29udGFjdC12YWx1ZSUyMiUzRUFsYXR0aW5iZXklMjBNYWhhbGxlc2klMjBBdGlsbGElMjBUYXR2ZXJlbiUyMENhZGRlc2klMjBObyUzQSUyMDUlMkYxJTIwJUMzJTk2emwlQzMlQkNjZSUyMEthdiVDNSU5RmElQzQlOUYlQzQlQjElMjBOaWwlQzMlQkNmZXIlMjBCdXJzYSUyMCUyOEthZmthcyUyMGtlc3RhbmUlMjAlQzUlOUZla2VyaSUyMGZhYnJpa2FzJUM0JUIxJTIwYXJrYXMlQzQlQjElMjklMEElMDklM0MlMkZkaXYlM0UlMEElMDklM0MlMkZkaXYlM0UlMEElMDklM0NkaXYlMjBjbGFzcyUzRCUyMmNvbnRhY3QtaW5mby1pdGVtJTIyJTNFJTBBJTA5JTA5JTNDZGl2JTIwY2xhc3MlM0QlMjJjb250YWN0LXRleHQlMjIlM0UlM0NpJTIwY2xhc3MlM0QlMjJmYSUyMGZhLXBob25lJTIyJTNFJTNDJTJGaSUzRSUzQyUyRmRpdiUzRSUwQSUwOSUwOSUzQ2RpdiUyMGNsYXNzJTNEJTIyY29udGFjdC12YWx1ZSUyMiUzRSUyQjkwMjI0JTIwNDk2JTIwMTEyOCUzQyUyRmRpdiUzRSUwQSUwOSUzQyUyRmRpdiUzRSUwQSUwOSUzQ2RpdiUyMGNsYXNzJTNEJTIyY29udGFjdC1pbmZvLWl0ZW0lMjIlM0UlMEElMDklMDklM0NkaXYlMjBjbGFzcyUzRCUyMmNvbnRhY3QtdGV4dCUyMiUzRSUzQ2klMjBjbGFzcyUzRCUyMmZhJTIwZmEtZW52ZWxvcGUlMjIlM0UlM0MlMkZpJTNFJTNDJTJGZGl2JTNFJTBBJTA5JTA5JTNDZGl2JTIwY2xhc3MlM0QlMjJjb250YWN0LXZhbHVlJTIyJTNFJTNDYSUyMGhyZWYlM0QlMjJiaWxnaSU0MGJ1cnNhY2VwaGUuY29tJTIyJTNFYmlsZ2klNDBidXJzYWNlcGhlLmNvbSUzQyUyRmElM0UlM0MlMkZkaXYlM0UlMEElMDklM0MlMkZkaXYlM0UlMEElMDklM0NkaXYlMjBjbGFzcyUzRCUyMmNvbnRhY3QtaW5mby1pdGVtJTIyJTNFJTBBJTA5JTA5JTNDZGl2JTIwY2xhc3MlM0QlMjJjb250YWN0LXRleHQlMjIlM0UlM0NpJTIwY2xhc3MlM0QlMjJmYSUyMGZhLWZheCUyMiUzRSUzQyUyRmklM0UlM0MlMkZkaXYlM0UlMEElMDklMDklM0NkaXYlMjBjbGFzcyUzRCUyMmNvbnRhY3QtdmFsdWUlMjIlM0VGQVglM0ElMkI5MDIyNCUyMDQ5NiUyMDExMjglM0MlMkZkaXYlM0UlMEElMDklM0MlMkZkaXYlM0UlMEElM0MlMkZkaXYlM0U=[\/vc_raw_html][\/vc_column][vc_column width=&#8220;1\/2&#8243;][vc_raw_html]JTNDaWZyYW1lJTIwc3JjJTNEJTIyaHR0cHMlM0ElMkYlMkZ3d3cuZ29vZ2xlLmNvbSUyRm1hcHMlMkZlbWJlZCUzRnBiJTNEJTIxMW0xNCUyMTFtOCUyMTFtMyUyMTFkNjA5My43MjQ3NzA5Mzg3NzYlMjEyZDI4LjkxMjIxMSUyMTNkNDAuMjEyMTI0JTIxM20yJTIxMWkxMDI0JTIxMmk3NjglMjE0ZjEzLjElMjEzbTMlMjExbTIlMjExczB4MTRjYTNlZjdjYmQ1ZDYwYiUyNTNBMHhiMDIwNzE2MDM4ZTBjZjdjJTIxMnpRbFZTVTBFZ1EwVlFTRVVnUjhTd1dVVEVzRkpOUlNCVHhMQlRWRVZOVEVWU3hMQSUyMTVlMCUyMTNtMiUyMTFzdHIlMjEyc3RyJTIxNHYxNjk1MzM0MzM4NTM1JTIxNW0yJTIxMXN0ciUyMTJzdHIlMjIlMjB3aWR0aCUzRCUyMjEwMCUyNSUyMiUyMGhlaWdodCUzRCUyMjIwMCUyMiUyMHN0eWxlJTNEJTIyYm9yZGVyJTNBMCUzQiUyMiUyMGFsbG93ZnVsbHNjcmVlbiUzRCUyMiUyMiUyMGxvYWRpbmclM0QlMjJsYXp5JTIyJTIwcmVmZXJyZXJwb2xpY3klM0QlMjJuby1yZWZlcnJlci13aGVuLWRvd25ncmFkZSUyMiUzRSUzQyUyRmlmcmFtZSUzRQ==[\/vc_raw_html][\/vc_column][\/vc_row][vc_row][vc_column][\/vc_column][\/vc_row]<\/p>\n","protected":false},"author":1,"featured_media":0,"parent":0,"menu_order":0,"comment_status":"closed","ping_status":"closed","template":"","meta":{"footnotes":""},"_links":{"self":[{"href":"https:\/\/bursacephe.com\/de\/wp-json\/wp\/v2\/pages\/929"}],"collection":[{"href":"https:\/\/bursacephe.com\/de\/wp-json\/wp\/v2\/pages"}],"about":[{"href":"https:\/\/bursacephe.com\/de\/wp-json\/wp\/v2\/types\/page"}],"author":[{"embeddable":true,"href":"https:\/\/bursacephe.com\/de\/wp-json\/wp\/v2\/users\/1"}],"replies":[{"embeddable":true,"href":"https:\/\/bursacephe.com\/de\/wp-json\/wp\/v2\/comments?post=929"}],"version-history":[{"count":14,"href":"https:\/\/bursacephe.com\/de\/wp-json\/wp\/v2\/pages\/929\/revisions"}],"predecessor-version":[{"id":1914,"href":"https:\/\/bursacephe.com\/de\/wp-json\/wp\/v2\/pages\/929\/revisions\/1914"}],"wp:attachment":[{"href":"https:\/\/bursacephe.com\/de\/wp-json\/wp\/v2\/media?parent=929"}],"curies":[{"name":"wp","href":"https:\/\/api.w.org\/{rel}","templated":true}]}}