{"id":989,"date":"2023-09-21T23:32:35","date_gmt":"2023-09-21T20:32:35","guid":{"rendered":"https:\/\/bursacephe.com\/web\/?page_id=989"},"modified":"2025-04-23T21:34:11","modified_gmt":"2025-04-23T18:34:11","slug":"seramik-cephe","status":"publish","type":"page","link":"https:\/\/bursacephe.com\/de\/sistemler\/seramik-cephe\/","title":{"rendered":"Keramische Fassade"},"content":{"rendered":"<p>[vc_row][vc_column][vc_column_text]Keramik-Fassadenverkleidungssystem: Als nat\u00fcrliches Material wird es zusammen mit der Aluminium-Tr\u00e4gerkonstruktion in den tauben Teilen der Geb\u00e4ude verwendet. Das keramische Fassadenverkleidungssystem zeichnet sich durch hohe Abrieb- und Sto\u00dffestigkeit, Fleckenbest\u00e4ndigkeit, geringe Wartungskosten, einfache Installation, Best\u00e4ndigkeit gegen \u00e4u\u00dfere Witterungseinfl\u00fcsse und Feuer sowie durch eine gro\u00dfe Anzahl von Farb- und Gr\u00f6\u00dfenoptionen aus. Geb\u00e4ude mit keramischen Fassadenverkleidungen sind atmungsaktiv und bleiben somit v\u00f6llig frei von Feuchtigkeit und N\u00e4sse. Aufgrund dieser Eigenschaften ist es eines der bevorzugten Materialien f\u00fcr Innen- und Au\u00dfenfassaden.[\/vc_column_text][\/vc_column][\/vc_row][vc_row][vc_column][vc_column_text]<a href=\"https:\/\/bursacephe.com\/wp-content\/uploads\/2023\/09\/universite1.jpg\"><img loading=\"lazy\" decoding=\"async\" class=\"aligncenter wp-image-979 size-full\" src=\"https:\/\/bursacephe.com\/wp-content\/uploads\/2023\/09\/universite1.jpg\" alt=\"\" width=\"1922\" height=\"1442\" srcset=\"https:\/\/bursacephe.com\/wp-content\/uploads\/2023\/09\/universite1.jpg 1922w, https:\/\/bursacephe.com\/wp-content\/uploads\/2023\/09\/universite1-300x225.jpg 300w, https:\/\/bursacephe.com\/wp-content\/uploads\/2023\/09\/universite1-1024x768.jpg 1024w, https:\/\/bursacephe.com\/wp-content\/uploads\/2023\/09\/universite1-768x576.jpg 768w, https:\/\/bursacephe.com\/wp-content\/uploads\/2023\/09\/universite1-1536x1152.jpg 1536w\" sizes=\"(max-width: 1922px) 100vw, 1922px\" \/><\/a>[\/vc_column_text][\/vc_column][\/vc_row][vc_row margin_top=&#8220;-30&#8243;][vc_column][vc_column_text]<div id=\"envira-gallery-wrap-1039\" class=\"envira-gallery-wrap envira-gallery-theme-base envira-lightbox-theme-base\" itemscope itemtype=\"https:\/\/schema.org\/ImageGallery\"><div data-row-height=\"150\" data-gallery-theme=\"normal\" id=\"envira-gallery-1039\" class=\"envira-gallery-public envira-gallery-justified-public envira-gallery-0-columns envira-clear enviratope envira-gallery-css-animations\" data-envira-columns=\"0\"><div id=\"envira-gallery-item-982\" class=\"envira-gallery-item enviratope-item envira-gallery-item-1 envira-lazy-load\" style=\"padding-left: 5px; padding-bottom: 10px; padding-right: 5px;\"  itemscope itemtype=\"https:\/\/schema.org\/ImageObject\"><div class=\"envira-gallery-item-inner\"><div class=\"envira-gallery-position-overlay  envira-gallery-top-left\"><\/div><div class=\"envira-gallery-position-overlay  envira-gallery-top-right\"><\/div><div class=\"envira-gallery-position-overlay  envira-gallery-bottom-left\"><\/div><div class=\"envira-gallery-position-overlay  envira-gallery-bottom-right\"><\/div><a href=\"https:\/\/bursacephe.com\/web\/wp-content\/uploads\/2023\/09\/universite-2.jpg\" class=\"envira-gallery-1039 envira-gallery-link\" rel=\"enviragallery1039\" title=\"universite-2\" data-envira-caption=\"universite-2\" data-envira-retina=\"\" data-thumbnail=\"\"  itemprop=\"contentUrl\"><img decoding=\"async\" id=\"envira-gallery-image-982\" class=\"envira-gallery-image envira-gallery-image-1 envira-normal envira-lazy\" data-envira-index=\"1\" src=\"https:\/\/bursacephe.com\/wp-content\/uploads\/2023\/09\/universite-2-1024x828.jpg\" data-envira-src=\"https:\/\/bursacephe.com\/wp-content\/uploads\/2023\/09\/universite-2-1024x828.jpg\" data-envira-gallery-id=\"1039\" data-envira-item-id=\"982\" data-envira-caption=\"universite-2\" alt=\"\" title=\"universite-2\"  itemprop=\"thumbnailUrl\" data-envira-srcset=\"https:\/\/bursacephe.com\/wp-content\/uploads\/2023\/09\/universite-2-1024x828.jpg 400w,https:\/\/bursacephe.com\/wp-content\/uploads\/2023\/09\/universite-2-1024x828.jpg 2x\" data-envira-width=\"300\" data-envira-height=\"243\" srcset=\"data:image\/gif;base64,R0lGODlhAQABAIAAAP\/\/\/\/\/\/\/yH5BAEKAAEALAAAAAABAAEAAAICTAEAOw==\" data-safe-src=\"data:image\/gif;base64,R0lGODlhAQABAIAAAP\/\/\/\/\/\/\/yH5BAEKAAEALAAAAAABAAEAAAICTAEAOw==\" \/><\/a><\/div><\/div><div id=\"envira-gallery-item-994\" class=\"envira-gallery-item enviratope-item envira-gallery-item-2 envira-lazy-load\" style=\"padding-left: 5px; padding-bottom: 10px; padding-right: 5px;\"  itemscope itemtype=\"https:\/\/schema.org\/ImageObject\"><div class=\"envira-gallery-item-inner\"><div class=\"envira-gallery-position-overlay  envira-gallery-top-left\"><\/div><div class=\"envira-gallery-position-overlay  envira-gallery-top-right\"><\/div><div class=\"envira-gallery-position-overlay  envira-gallery-bottom-left\"><\/div><div class=\"envira-gallery-position-overlay  envira-gallery-bottom-right\"><\/div><a href=\"https:\/\/bursacephe.com\/web\/wp-content\/uploads\/2023\/09\/750.jpg\" class=\"envira-gallery-1039 envira-gallery-link\" rel=\"enviragallery1039\" title=\"750\" data-envira-caption=\"750\" data-envira-retina=\"\" data-thumbnail=\"\"  itemprop=\"contentUrl\"><img decoding=\"async\" id=\"envira-gallery-image-994\" class=\"envira-gallery-image envira-gallery-image-2 envira-normal envira-lazy\" data-envira-index=\"2\" src=\"https:\/\/bursacephe.com\/wp-content\/uploads\/2023\/09\/750.jpg\" data-envira-src=\"https:\/\/bursacephe.com\/wp-content\/uploads\/2023\/09\/750.jpg\" data-envira-gallery-id=\"1039\" data-envira-item-id=\"994\" data-envira-caption=\"750\" alt=\"\" title=\"750\"  itemprop=\"thumbnailUrl\" data-envira-srcset=\"https:\/\/bursacephe.com\/wp-content\/uploads\/2023\/09\/750.jpg 400w,https:\/\/bursacephe.com\/wp-content\/uploads\/2023\/09\/750.jpg 2x\" data-envira-width=\"300\" data-envira-height=\"225\" srcset=\"data:image\/gif;base64,R0lGODlhAQABAIAAAP\/\/\/\/\/\/\/yH5BAEKAAEALAAAAAABAAEAAAICTAEAOw==\" data-safe-src=\"data:image\/gif;base64,R0lGODlhAQABAIAAAP\/\/\/\/\/\/\/yH5BAEKAAEALAAAAAABAAEAAAICTAEAOw==\" \/><\/a><\/div><\/div><div id=\"envira-gallery-item-995\" class=\"envira-gallery-item enviratope-item envira-gallery-item-3 envira-lazy-load\" style=\"padding-left: 5px; padding-bottom: 10px; padding-right: 5px;\"  itemscope itemtype=\"https:\/\/schema.org\/ImageObject\"><div class=\"envira-gallery-item-inner\"><div class=\"envira-gallery-position-overlay  envira-gallery-top-left\"><\/div><div class=\"envira-gallery-position-overlay  envira-gallery-top-right\"><\/div><div class=\"envira-gallery-position-overlay  envira-gallery-bottom-left\"><\/div><div class=\"envira-gallery-position-overlay  envira-gallery-bottom-right\"><\/div><a href=\"https:\/\/bursacephe.com\/web\/wp-content\/uploads\/2023\/09\/749-2.jpg\" class=\"envira-gallery-1039 envira-gallery-link\" rel=\"enviragallery1039\" title=\"749 (2)\" data-envira-caption=\"749 (2)\" data-envira-retina=\"\" data-thumbnail=\"\"  itemprop=\"contentUrl\"><img decoding=\"async\" id=\"envira-gallery-image-995\" class=\"envira-gallery-image envira-gallery-image-3 envira-normal envira-lazy\" data-envira-index=\"3\" src=\"https:\/\/bursacephe.com\/wp-content\/uploads\/2023\/09\/749-2.jpg\" data-envira-src=\"https:\/\/bursacephe.com\/wp-content\/uploads\/2023\/09\/749-2.jpg\" data-envira-gallery-id=\"1039\" data-envira-item-id=\"995\" data-envira-caption=\"749 (2)\" alt=\"\" title=\"749 (2)\"  itemprop=\"thumbnailUrl\" data-envira-srcset=\"https:\/\/bursacephe.com\/wp-content\/uploads\/2023\/09\/749-2.jpg 400w,https:\/\/bursacephe.com\/wp-content\/uploads\/2023\/09\/749-2.jpg 2x\" data-envira-width=\"300\" data-envira-height=\"225\" srcset=\"data:image\/gif;base64,R0lGODlhAQABAIAAAP\/\/\/\/\/\/\/yH5BAEKAAEALAAAAAABAAEAAAICTAEAOw==\" data-safe-src=\"data:image\/gif;base64,R0lGODlhAQABAIAAAP\/\/\/\/\/\/\/yH5BAEKAAEALAAAAAABAAEAAAICTAEAOw==\" \/><\/a><\/div><\/div><div id=\"envira-gallery-item-996\" class=\"envira-gallery-item enviratope-item envira-gallery-item-4 envira-lazy-load\" style=\"padding-left: 5px; padding-bottom: 10px; padding-right: 5px;\"  itemscope itemtype=\"https:\/\/schema.org\/ImageObject\"><div class=\"envira-gallery-item-inner\"><div class=\"envira-gallery-position-overlay  envira-gallery-top-left\"><\/div><div class=\"envira-gallery-position-overlay  envira-gallery-top-right\"><\/div><div class=\"envira-gallery-position-overlay  envira-gallery-bottom-left\"><\/div><div class=\"envira-gallery-position-overlay  envira-gallery-bottom-right\"><\/div><a href=\"https:\/\/bursacephe.com\/web\/wp-content\/uploads\/2023\/09\/747.jpg\" class=\"envira-gallery-1039 envira-gallery-link\" rel=\"enviragallery1039\" title=\"747\" data-envira-caption=\"747\" data-envira-retina=\"\" data-thumbnail=\"\"  itemprop=\"contentUrl\"><img decoding=\"async\" id=\"envira-gallery-image-996\" class=\"envira-gallery-image envira-gallery-image-4 envira-normal envira-lazy\" data-envira-index=\"4\" src=\"https:\/\/bursacephe.com\/wp-content\/uploads\/2023\/09\/747.jpg\" data-envira-src=\"https:\/\/bursacephe.com\/wp-content\/uploads\/2023\/09\/747.jpg\" data-envira-gallery-id=\"1039\" data-envira-item-id=\"996\" data-envira-caption=\"747\" alt=\"\" title=\"747\"  itemprop=\"thumbnailUrl\" data-envira-srcset=\"https:\/\/bursacephe.com\/wp-content\/uploads\/2023\/09\/747.jpg 400w,https:\/\/bursacephe.com\/wp-content\/uploads\/2023\/09\/747.jpg 2x\" data-envira-width=\"300\" data-envira-height=\"225\" srcset=\"data:image\/gif;base64,R0lGODlhAQABAIAAAP\/\/\/\/\/\/\/yH5BAEKAAEALAAAAAABAAEAAAICTAEAOw==\" data-safe-src=\"data:image\/gif;base64,R0lGODlhAQABAIAAAP\/\/\/\/\/\/\/yH5BAEKAAEALAAAAAABAAEAAAICTAEAOw==\" \/><\/a><\/div><\/div><div id=\"envira-gallery-item-990\" class=\"envira-gallery-item enviratope-item envira-gallery-item-5 envira-lazy-load\" style=\"padding-left: 5px; padding-bottom: 10px; padding-right: 5px;\"  itemscope itemtype=\"https:\/\/schema.org\/ImageObject\"><div class=\"envira-gallery-item-inner\"><div class=\"envira-gallery-position-overlay  envira-gallery-top-left\"><\/div><div class=\"envira-gallery-position-overlay  envira-gallery-top-right\"><\/div><div class=\"envira-gallery-position-overlay  envira-gallery-bottom-left\"><\/div><div class=\"envira-gallery-position-overlay  envira-gallery-bottom-right\"><\/div><a href=\"https:\/\/bursacephe.com\/web\/wp-content\/uploads\/2023\/09\/755-2.jpg\" class=\"envira-gallery-1039 envira-gallery-link\" rel=\"enviragallery1039\" title=\"755 (2)\" data-envira-caption=\"755 (2)\" data-envira-retina=\"\" data-thumbnail=\"\"  itemprop=\"contentUrl\"><img decoding=\"async\" id=\"envira-gallery-image-990\" class=\"envira-gallery-image envira-gallery-image-5 envira-normal envira-lazy\" data-envira-index=\"5\" src=\"https:\/\/bursacephe.com\/wp-content\/uploads\/2023\/09\/755-2.jpg\" data-envira-src=\"https:\/\/bursacephe.com\/wp-content\/uploads\/2023\/09\/755-2.jpg\" data-envira-gallery-id=\"1039\" data-envira-item-id=\"990\" data-envira-caption=\"755 (2)\" alt=\"\" title=\"755 (2)\"  itemprop=\"thumbnailUrl\" data-envira-srcset=\"https:\/\/bursacephe.com\/wp-content\/uploads\/2023\/09\/755-2.jpg 400w,https:\/\/bursacephe.com\/wp-content\/uploads\/2023\/09\/755-2.jpg 2x\" data-envira-width=\"300\" data-envira-height=\"225\" srcset=\"data:image\/gif;base64,R0lGODlhAQABAIAAAP\/\/\/\/\/\/\/yH5BAEKAAEALAAAAAABAAEAAAICTAEAOw==\" data-safe-src=\"data:image\/gif;base64,R0lGODlhAQABAIAAAP\/\/\/\/\/\/\/yH5BAEKAAEALAAAAAABAAEAAAICTAEAOw==\" \/><\/a><\/div><\/div><div id=\"envira-gallery-item-991\" class=\"envira-gallery-item enviratope-item envira-gallery-item-6 envira-lazy-load\" style=\"padding-left: 5px; padding-bottom: 10px; padding-right: 5px;\"  itemscope itemtype=\"https:\/\/schema.org\/ImageObject\"><div class=\"envira-gallery-item-inner\"><div class=\"envira-gallery-position-overlay  envira-gallery-top-left\"><\/div><div class=\"envira-gallery-position-overlay  envira-gallery-top-right\"><\/div><div class=\"envira-gallery-position-overlay  envira-gallery-bottom-left\"><\/div><div class=\"envira-gallery-position-overlay  envira-gallery-bottom-right\"><\/div><a href=\"https:\/\/bursacephe.com\/web\/wp-content\/uploads\/2023\/09\/754.jpg\" class=\"envira-gallery-1039 envira-gallery-link\" rel=\"enviragallery1039\" title=\"754\" data-envira-caption=\"754\" data-envira-retina=\"\" data-thumbnail=\"\"  itemprop=\"contentUrl\"><img decoding=\"async\" id=\"envira-gallery-image-991\" class=\"envira-gallery-image envira-gallery-image-6 envira-normal envira-lazy\" data-envira-index=\"6\" src=\"https:\/\/bursacephe.com\/wp-content\/uploads\/2023\/09\/754.jpg\" data-envira-src=\"https:\/\/bursacephe.com\/wp-content\/uploads\/2023\/09\/754.jpg\" data-envira-gallery-id=\"1039\" data-envira-item-id=\"991\" data-envira-caption=\"754\" alt=\"\" title=\"754\"  itemprop=\"thumbnailUrl\" data-envira-srcset=\"https:\/\/bursacephe.com\/wp-content\/uploads\/2023\/09\/754.jpg 400w,https:\/\/bursacephe.com\/wp-content\/uploads\/2023\/09\/754.jpg 2x\" data-envira-width=\"300\" data-envira-height=\"225\" srcset=\"data:image\/gif;base64,R0lGODlhAQABAIAAAP\/\/\/\/\/\/\/yH5BAEKAAEALAAAAAABAAEAAAICTAEAOw==\" data-safe-src=\"data:image\/gif;base64,R0lGODlhAQABAIAAAP\/\/\/\/\/\/\/yH5BAEKAAEALAAAAAABAAEAAAICTAEAOw==\" \/><\/a><\/div><\/div><div id=\"envira-gallery-item-992\" class=\"envira-gallery-item enviratope-item envira-gallery-item-7 envira-lazy-load\" style=\"padding-left: 5px; padding-bottom: 10px; padding-right: 5px;\"  itemscope itemtype=\"https:\/\/schema.org\/ImageObject\"><div class=\"envira-gallery-item-inner\"><div class=\"envira-gallery-position-overlay  envira-gallery-top-left\"><\/div><div class=\"envira-gallery-position-overlay  envira-gallery-top-right\"><\/div><div class=\"envira-gallery-position-overlay  envira-gallery-bottom-left\"><\/div><div class=\"envira-gallery-position-overlay  envira-gallery-bottom-right\"><\/div><a href=\"https:\/\/bursacephe.com\/web\/wp-content\/uploads\/2023\/09\/753.jpg\" class=\"envira-gallery-1039 envira-gallery-link\" rel=\"enviragallery1039\" title=\"753\" data-envira-caption=\"753\" data-envira-retina=\"\" data-thumbnail=\"\"  itemprop=\"contentUrl\"><img decoding=\"async\" id=\"envira-gallery-image-992\" class=\"envira-gallery-image envira-gallery-image-7 envira-normal envira-lazy\" data-envira-index=\"7\" src=\"https:\/\/bursacephe.com\/wp-content\/uploads\/2023\/09\/753.jpg\" data-envira-src=\"https:\/\/bursacephe.com\/wp-content\/uploads\/2023\/09\/753.jpg\" data-envira-gallery-id=\"1039\" data-envira-item-id=\"992\" data-envira-caption=\"753\" alt=\"\" title=\"753\"  itemprop=\"thumbnailUrl\" data-envira-srcset=\"https:\/\/bursacephe.com\/wp-content\/uploads\/2023\/09\/753.jpg 400w,https:\/\/bursacephe.com\/wp-content\/uploads\/2023\/09\/753.jpg 2x\" data-envira-width=\"300\" data-envira-height=\"225\" srcset=\"data:image\/gif;base64,R0lGODlhAQABAIAAAP\/\/\/\/\/\/\/yH5BAEKAAEALAAAAAABAAEAAAICTAEAOw==\" data-safe-src=\"data:image\/gif;base64,R0lGODlhAQABAIAAAP\/\/\/\/\/\/\/yH5BAEKAAEALAAAAAABAAEAAAICTAEAOw==\" \/><\/a><\/div><\/div><div id=\"envira-gallery-item-993\" class=\"envira-gallery-item enviratope-item envira-gallery-item-8 envira-lazy-load\" style=\"padding-left: 5px; padding-bottom: 10px; padding-right: 5px;\"  itemscope itemtype=\"https:\/\/schema.org\/ImageObject\"><div class=\"envira-gallery-item-inner\"><div class=\"envira-gallery-position-overlay  envira-gallery-top-left\"><\/div><div class=\"envira-gallery-position-overlay  envira-gallery-top-right\"><\/div><div class=\"envira-gallery-position-overlay  envira-gallery-bottom-left\"><\/div><div class=\"envira-gallery-position-overlay  envira-gallery-bottom-right\"><\/div><a href=\"https:\/\/bursacephe.com\/web\/wp-content\/uploads\/2023\/09\/752-1.jpg\" class=\"envira-gallery-1039 envira-gallery-link\" rel=\"enviragallery1039\" title=\"752 (1)\" data-envira-caption=\"752 (1)\" data-envira-retina=\"\" data-thumbnail=\"\"  itemprop=\"contentUrl\"><img decoding=\"async\" id=\"envira-gallery-image-993\" class=\"envira-gallery-image envira-gallery-image-8 envira-normal envira-lazy\" data-envira-index=\"8\" src=\"https:\/\/bursacephe.com\/wp-content\/uploads\/2023\/09\/752-1.jpg\" data-envira-src=\"https:\/\/bursacephe.com\/wp-content\/uploads\/2023\/09\/752-1.jpg\" data-envira-gallery-id=\"1039\" data-envira-item-id=\"993\" data-envira-caption=\"752 (1)\" alt=\"\" title=\"752 (1)\"  itemprop=\"thumbnailUrl\" data-envira-srcset=\"https:\/\/bursacephe.com\/wp-content\/uploads\/2023\/09\/752-1.jpg 400w,https:\/\/bursacephe.com\/wp-content\/uploads\/2023\/09\/752-1.jpg 2x\" data-envira-width=\"300\" data-envira-height=\"225\" srcset=\"data:image\/gif;base64,R0lGODlhAQABAIAAAP\/\/\/\/\/\/\/yH5BAEKAAEALAAAAAABAAEAAAICTAEAOw==\" data-safe-src=\"data:image\/gif;base64,R0lGODlhAQABAIAAAP\/\/\/\/\/\/\/yH5BAEKAAEALAAAAAABAAEAAAICTAEAOw==\" \/><\/a><\/div><\/div><\/div><\/div><noscript><img decoding=\"async\" src=\"https:\/\/bursacephe.com\/wp-content\/uploads\/2023\/09\/universite-2.jpg\" alt=\"\" \/><img decoding=\"async\" src=\"https:\/\/bursacephe.com\/wp-content\/uploads\/2023\/09\/750.jpg\" alt=\"\" \/><img decoding=\"async\" src=\"https:\/\/bursacephe.com\/wp-content\/uploads\/2023\/09\/749-2.jpg\" alt=\"\" \/><img decoding=\"async\" src=\"https:\/\/bursacephe.com\/wp-content\/uploads\/2023\/09\/747.jpg\" alt=\"\" \/><img decoding=\"async\" src=\"https:\/\/bursacephe.com\/wp-content\/uploads\/2023\/09\/755-2.jpg\" alt=\"\" \/><img decoding=\"async\" src=\"https:\/\/bursacephe.com\/wp-content\/uploads\/2023\/09\/754.jpg\" alt=\"\" \/><img decoding=\"async\" src=\"https:\/\/bursacephe.com\/wp-content\/uploads\/2023\/09\/753.jpg\" alt=\"\" \/><img decoding=\"async\" src=\"https:\/\/bursacephe.com\/wp-content\/uploads\/2023\/09\/752-1.jpg\" alt=\"\" \/><\/noscript>[\/vc_column_text][\/vc_column][\/vc_row]<\/p>","protected":false},"excerpt":{"rendered":"<p>[vc_row][vc_column][vc_column_text]Keramik-Fassadenverkleidungssystem: Als nat\u00fcrliches Material wird es zusammen mit der Aluminium-Tr\u00e4gerkonstruktion in den tauben Teilen der Geb\u00e4ude verwendet. Das keramische Fassadenverkleidungssystem zeichnet &#8230;<\/p>\n","protected":false},"author":1,"featured_media":979,"parent":924,"menu_order":0,"comment_status":"closed","ping_status":"closed","template":"","meta":{"footnotes":""},"_links":{"self":[{"href":"https:\/\/bursacephe.com\/de\/wp-json\/wp\/v2\/pages\/989"}],"collection":[{"href":"https:\/\/bursacephe.com\/de\/wp-json\/wp\/v2\/pages"}],"about":[{"href":"https:\/\/bursacephe.com\/de\/wp-json\/wp\/v2\/types\/page"}],"author":[{"embeddable":true,"href":"https:\/\/bursacephe.com\/de\/wp-json\/wp\/v2\/users\/1"}],"replies":[{"embeddable":true,"href":"https:\/\/bursacephe.com\/de\/wp-json\/wp\/v2\/comments?post=989"}],"version-history":[{"count":17,"href":"https:\/\/bursacephe.com\/de\/wp-json\/wp\/v2\/pages\/989\/revisions"}],"predecessor-version":[{"id":1891,"href":"https:\/\/bursacephe.com\/de\/wp-json\/wp\/v2\/pages\/989\/revisions\/1891"}],"up":[{"embeddable":true,"href":"https:\/\/bursacephe.com\/de\/wp-json\/wp\/v2\/pages\/924"}],"wp:featuredmedia":[{"embeddable":true,"href":"https:\/\/bursacephe.com\/de\/wp-json\/wp\/v2\/media\/979"}],"wp:attachment":[{"href":"https:\/\/bursacephe.com\/de\/wp-json\/wp\/v2\/media?parent=989"}],"curies":[{"name":"wp","href":"https:\/\/api.w.org\/{rel}","templated":true}]}}